{"id":4769,"date":"2020-11-22T21:55:17","date_gmt":"2020-11-22T21:55:17","guid":{"rendered":"https:\/\/end.pt\/pt\/?post_type=product&#038;p=4769"},"modified":"2021-05-02T15:18:10","modified_gmt":"2021-05-02T15:18:10","slug":"medidor-de-humidade-papel-ds7u","status":"publish","type":"product","link":"https:\/\/end.pt\/pt\/product\/medidor-de-humidade-papel-ds7u\/","title":{"rendered":"MEDIDOR DE HUMIDADE PAPEL \u2013 DS7U"},"content":{"rendered":"<p>Medidor de humidade com display digital, para medi\u00e7\u00e3o do conte\u00fado de humidade em folheados, placas de papel\u00e3o ondulado, tubos de cart\u00e3o, cart\u00e3o individual, e outros materiais.<\/p>\n<p>Utiliza o principio capacitivo de medi\u00e7\u00e3o da humidade (n\u00e3o destrutivo), tornando-o muito simples de utilizar, bastando apenas pression\u00e1-lo ao material e ler o valor.<\/p>\n<p>Este modelo \u00e9 muito preciso, robusto e resistente a quedas e a descargas electrost\u00e1ticas, e possui um grande display digital, correc\u00e7\u00e3o autom\u00e1tica do ponto zero, e bateria standard de 9V.<\/p>\n<p>Optimizado para Furniere, possui 30 curvas de calibra\u00e7\u00e3o diferentes para folheados \u201cveneers\u201d, tubos, laminados e ondeados de papel\u00e3o, com exibi\u00e7\u00e3o no ecr\u00e3 do material seleccionado e medido.<\/p>\n<p>Possui ainda a fun\u00e7\u00e3o \u201cteaching\u201d para efectuar as pr\u00f3prias calibra\u00e7\u00f5es, mem\u00f3ria para medi\u00e7\u00f5es e v\u00e1rios idiomas.<\/p>\n<p>O equipamento tem uma interface USB para liga\u00e7\u00e3o ao PC, e com um software opcional DOSOFT, diferentes par\u00e2metros podem ser executados, e tamb\u00e9m valores medidos e guardados podem ser transferidos para o PC para an\u00e1lise e armazenamento no disco r\u00edgido.<\/p>\n<p>O equipamento pode ser calibrado com o m\u00f3dulo de calibra\u00e7\u00e3o opcional PE30-7.<\/p>\n","protected":false},"excerpt":{"rendered":"<p>Medidor de humidade com display digital, para medi\u00e7\u00e3o do conte\u00fado de humidade em folheados, placas de papel\u00e3o ondulado, tubos de cart\u00e3o, cart\u00e3o individual, e outros materiais. Utiliza o principio capacitivo de medi\u00e7\u00e3o da humidade (n\u00e3o destrutivo), tornando-o muito simples de utilizar, bastando apenas pression\u00e1-lo ao material e ler o valor. Este modelo \u00e9 muito preciso, [&hellip;]<\/p>\n","protected":false},"featured_media":4774,"template":"","meta":[],"product_brand":[],"product_cat":[45],"product_tag":[],"class_list":{"0":"post-4769","1":"product","2":"type-product","3":"status-publish","4":"has-post-thumbnail","6":"product_cat-medidores-de-humidade","8":"first","9":"instock","10":"shipping-taxable","11":"product-type-simple"},"_links":{"self":[{"href":"https:\/\/end.pt\/pt\/wp-json\/wp\/v2\/product\/4769","targetHints":{"allow":["GET"]}}],"collection":[{"href":"https:\/\/end.pt\/pt\/wp-json\/wp\/v2\/product"}],"about":[{"href":"https:\/\/end.pt\/pt\/wp-json\/wp\/v2\/types\/product"}],"version-history":[{"count":2,"href":"https:\/\/end.pt\/pt\/wp-json\/wp\/v2\/product\/4769\/revisions"}],"predecessor-version":[{"id":4954,"href":"https:\/\/end.pt\/pt\/wp-json\/wp\/v2\/product\/4769\/revisions\/4954"}],"wp:featuredmedia":[{"embeddable":true,"href":"https:\/\/end.pt\/pt\/wp-json\/wp\/v2\/media\/4774"}],"wp:attachment":[{"href":"https:\/\/end.pt\/pt\/wp-json\/wp\/v2\/media?parent=4769"}],"wp:term":[{"taxonomy":"product_brand","embeddable":true,"href":"https:\/\/end.pt\/pt\/wp-json\/wp\/v2\/product_brand?post=4769"},{"taxonomy":"product_cat","embeddable":true,"href":"https:\/\/end.pt\/pt\/wp-json\/wp\/v2\/product_cat?post=4769"},{"taxonomy":"product_tag","embeddable":true,"href":"https:\/\/end.pt\/pt\/wp-json\/wp\/v2\/product_tag?post=4769"}],"curies":[{"name":"wp","href":"https:\/\/api.w.org\/{rel}","templated":true}]}}