{"id":4776,"date":"2020-11-22T21:57:21","date_gmt":"2020-11-22T21:57:21","guid":{"rendered":"https:\/\/end.pt\/pt\/?post_type=product&#038;p=4776"},"modified":"2021-05-02T15:17:46","modified_gmt":"2021-05-02T15:17:46","slug":"medidor-de-humidade-c-electrodo-ds3u","status":"publish","type":"product","link":"https:\/\/end.pt\/pt\/product\/medidor-de-humidade-c-electrodo-ds3u\/","title":{"rendered":"MEDIDOR DE HUMIDADE C\/EL\u00c9CTRODO \u2013 DS3U"},"content":{"rendered":"<p>Medidor de humidade digital com display gr\u00e1fico, para medir o teor absoluto de humidade em res\u00edduos de papel (bolas), tamb\u00e9m utiliz\u00e1vel para determinar a humidade em pilhas de cart\u00e3o, papel\u00e3o ondulado, pap\u00e9is, folheados, etc.<\/p>\n<p>Este modelo \u00e9 robusto e resistente a quedas e a descargas electrost\u00e1ticas. Utiliza o principio capacitivo de medi\u00e7\u00e3o da humidade, e possui um sensor el\u00e9ctrodo plano, de topo achatado e afiado, tipo espada, com 30 ou 50 cm.<\/p>\n<p>Possui fun\u00e7\u00e3o de selec\u00e7\u00e3o de material, com exibi\u00e7\u00e3o do material no ecr\u00e3, curvas de calibra\u00e7\u00e3o j\u00e1 guardadas, bem como fun\u00e7\u00e3o \u201cteaching\u201d para efectuar as pr\u00f3prias calibra\u00e7\u00f5es, mem\u00f3ria para medi\u00e7\u00f5es e correc\u00e7\u00e3o autom\u00e1tica do zero.<\/p>\n<p>O equipamento tem uma interface USB para liga\u00e7\u00e3o ao PC, e com um software opcional DOSOFT, diferentes par\u00e2metros podem ser executados, e tamb\u00e9m valores medidos e guardados podem ser transferidos para o PC para an\u00e1lise e armazenamento no disco r\u00edgido.<\/p>\n<p>O equipamento pode ser calibrado com o m\u00f3dulo de calibra\u00e7\u00e3o opcional PE-DS3.<\/p>\n","protected":false},"excerpt":{"rendered":"<p>Medidor de humidade digital com display gr\u00e1fico, para medir o teor absoluto de humidade em res\u00edduos de papel (bolas), tamb\u00e9m utiliz\u00e1vel para determinar a humidade em pilhas de cart\u00e3o, papel\u00e3o ondulado, pap\u00e9is, folheados, etc. Este modelo \u00e9 robusto e resistente a quedas e a descargas electrost\u00e1ticas. Utiliza o principio capacitivo de medi\u00e7\u00e3o da humidade, e [&hellip;]<\/p>\n","protected":false},"featured_media":4780,"template":"","meta":[],"product_brand":[],"product_cat":[45],"product_tag":[],"class_list":{"0":"post-4776","1":"product","2":"type-product","3":"status-publish","4":"has-post-thumbnail","6":"product_cat-medidores-de-humidade","8":"first","9":"instock","10":"shipping-taxable","11":"product-type-simple"},"_links":{"self":[{"href":"https:\/\/end.pt\/pt\/wp-json\/wp\/v2\/product\/4776","targetHints":{"allow":["GET"]}}],"collection":[{"href":"https:\/\/end.pt\/pt\/wp-json\/wp\/v2\/product"}],"about":[{"href":"https:\/\/end.pt\/pt\/wp-json\/wp\/v2\/types\/product"}],"version-history":[{"count":2,"href":"https:\/\/end.pt\/pt\/wp-json\/wp\/v2\/product\/4776\/revisions"}],"predecessor-version":[{"id":4953,"href":"https:\/\/end.pt\/pt\/wp-json\/wp\/v2\/product\/4776\/revisions\/4953"}],"wp:featuredmedia":[{"embeddable":true,"href":"https:\/\/end.pt\/pt\/wp-json\/wp\/v2\/media\/4780"}],"wp:attachment":[{"href":"https:\/\/end.pt\/pt\/wp-json\/wp\/v2\/media?parent=4776"}],"wp:term":[{"taxonomy":"product_brand","embeddable":true,"href":"https:\/\/end.pt\/pt\/wp-json\/wp\/v2\/product_brand?post=4776"},{"taxonomy":"product_cat","embeddable":true,"href":"https:\/\/end.pt\/pt\/wp-json\/wp\/v2\/product_cat?post=4776"},{"taxonomy":"product_tag","embeddable":true,"href":"https:\/\/end.pt\/pt\/wp-json\/wp\/v2\/product_tag?post=4776"}],"curies":[{"name":"wp","href":"https:\/\/api.w.org\/{rel}","templated":true}]}}