{"id":4789,"date":"2020-11-22T22:00:36","date_gmt":"2020-11-22T22:00:36","guid":{"rendered":"https:\/\/end.pt\/pt\/?post_type=product&#038;p=4789"},"modified":"2021-05-02T15:15:06","modified_gmt":"2021-05-02T15:15:06","slug":"medidor-de-humidade-madeira-c-electrodo-ad22-cms22","status":"publish","type":"product","link":"https:\/\/end.pt\/pt\/product\/medidor-de-humidade-madeira-c-electrodo-ad22-cms22\/","title":{"rendered":"MEDIDOR DE HUMIDADE MADEIRA C\/EL\u00c9CTRODO \u2013 AD22-CMS22"},"content":{"rendered":"<p>Medidor de humidade para madeira, com unidade de controlo e visualiza\u00e7\u00e3o AD22 e Sensor de haste CMS22 para medi\u00e7\u00f5es de humidade em pe\u00e7as de madeira, pellets de madeira, aparas de madeira, gr\u00e3os e outros granulados.<\/p>\n<p>Fornecido num conjunto completo que inclui a unidade AD22, o sensor CMS22, 3 tubos de extens\u00e3o \u00d818 x 290mm e mala de pl\u00e1stico.<\/p>\n<p>Possui calibra\u00e7\u00f5es fixas para diferentes materiais j\u00e1 programadas, e at\u00e9 10 calibra\u00e7\u00f5es adicionais espec\u00edficas do cliente.<\/p>\n<p>O equipamento tem uma interface USB para liga\u00e7\u00e3o ao PC, e com um software opcional DOSOFT, diferentes par\u00e2metros podem ser executados, e tamb\u00e9m valores medidos e guardados podem ser transferidos para o PC para an\u00e1lise e armazenamento no disco r\u00edgido.<\/p>\n<p>O equipamento pode ser calibrado com o m\u00f3dulo de calibra\u00e7\u00e3o opcional PE22.<\/p>\n","protected":false},"excerpt":{"rendered":"<p>Medidor de humidade para madeira, com unidade de controlo e visualiza\u00e7\u00e3o AD22 e Sensor de haste CMS22 para medi\u00e7\u00f5es de humidade em pe\u00e7as de madeira, pellets de madeira, aparas de madeira, gr\u00e3os e outros granulados. Fornecido num conjunto completo que inclui a unidade AD22, o sensor CMS22, 3 tubos de extens\u00e3o \u00d818 x 290mm e [&hellip;]<\/p>\n","protected":false},"featured_media":4796,"template":"","meta":[],"product_brand":[],"product_cat":[45],"product_tag":[],"class_list":{"0":"post-4789","1":"product","2":"type-product","3":"status-publish","4":"has-post-thumbnail","6":"product_cat-medidores-de-humidade","8":"first","9":"instock","10":"shipping-taxable","11":"product-type-simple"},"_links":{"self":[{"href":"https:\/\/end.pt\/pt\/wp-json\/wp\/v2\/product\/4789","targetHints":{"allow":["GET"]}}],"collection":[{"href":"https:\/\/end.pt\/pt\/wp-json\/wp\/v2\/product"}],"about":[{"href":"https:\/\/end.pt\/pt\/wp-json\/wp\/v2\/types\/product"}],"version-history":[{"count":2,"href":"https:\/\/end.pt\/pt\/wp-json\/wp\/v2\/product\/4789\/revisions"}],"predecessor-version":[{"id":4950,"href":"https:\/\/end.pt\/pt\/wp-json\/wp\/v2\/product\/4789\/revisions\/4950"}],"wp:featuredmedia":[{"embeddable":true,"href":"https:\/\/end.pt\/pt\/wp-json\/wp\/v2\/media\/4796"}],"wp:attachment":[{"href":"https:\/\/end.pt\/pt\/wp-json\/wp\/v2\/media?parent=4789"}],"wp:term":[{"taxonomy":"product_brand","embeddable":true,"href":"https:\/\/end.pt\/pt\/wp-json\/wp\/v2\/product_brand?post=4789"},{"taxonomy":"product_cat","embeddable":true,"href":"https:\/\/end.pt\/pt\/wp-json\/wp\/v2\/product_cat?post=4789"},{"taxonomy":"product_tag","embeddable":true,"href":"https:\/\/end.pt\/pt\/wp-json\/wp\/v2\/product_tag?post=4789"}],"curies":[{"name":"wp","href":"https:\/\/api.w.org\/{rel}","templated":true}]}}