{"id":4798,"date":"2020-11-22T22:02:22","date_gmt":"2020-11-22T22:02:22","guid":{"rendered":"https:\/\/end.pt\/pt\/?post_type=product&#038;p=4798"},"modified":"2021-05-02T15:14:35","modified_gmt":"2021-05-02T15:14:35","slug":"medidor-de-humidade-madeira-lm08","status":"publish","type":"product","link":"https:\/\/end.pt\/pt\/product\/medidor-de-humidade-madeira-lm08\/","title":{"rendered":"MEDIDOR DE HUMIDADE MADEIRA \u2013 LM08"},"content":{"rendered":"<p>Medidor de humidade com princ\u00edpio de medi\u00e7\u00e3o de condut\u00e2ncia e display digital para madeira, materiais de isolamento, materiais de constru\u00e7\u00e3o, etc, onde o tipo de madeira e temperatura podem ser ajustados.<\/p>\n<p>Este medidor opera no princ\u00edpio de determina\u00e7\u00e3o da condut\u00e2ncia. Entre os el\u00e9ctrodos, \u00e9 medida a condutividade el\u00e9ctrica. Um microprocessador recebe os sinais medidos e determina ent\u00e3o o conte\u00fado de humidade, levando em considera\u00e7\u00e3o o tipo de madeira definido e a temperatura.<\/p>\n<p>O LM08 \u00e9 fornecido com el\u00e9trodos de ponta afiada tipo SP20 com \u00d82 x 20mm, feitos de a\u00e7o inoxid\u00e1vel. Opcionalmente os seguintes el\u00e9trodos est\u00e3o dispon\u00edveis:<\/p>\n<ul>\n<li>tipo SP50I: el\u00e9ctrodo vara com \u00d82 x 50 mm, com isolamento para medi\u00e7\u00e3o em profundidade com ponta afiada.<\/li>\n<li>tipo SP200: el\u00e9ctrodo vara com \u00d83 x 200 mm, para detec\u00e7\u00e3o de humidade em furos<\/li>\n<li>tipo F6x200: el\u00e9ctrodos planos com 0,5 x 6 x 200 mm, fabricados em a\u00e7o para detec\u00e7\u00e3o<\/li>\n<\/ul>\n<p>O equipamento pode ser calibrado com o m\u00f3dulo de calibra\u00e7\u00e3o opcional LM Testbox.<\/p>\n","protected":false},"excerpt":{"rendered":"<p>Medidor de humidade com princ\u00edpio de medi\u00e7\u00e3o de condut\u00e2ncia e display digital para madeira, materiais de isolamento, materiais de constru\u00e7\u00e3o, etc, onde o tipo de madeira e temperatura podem ser ajustados. Este medidor opera no princ\u00edpio de determina\u00e7\u00e3o da condut\u00e2ncia. Entre os el\u00e9ctrodos, \u00e9 medida a condutividade el\u00e9ctrica. Um microprocessador recebe os sinais medidos e [&hellip;]<\/p>\n","protected":false},"featured_media":4801,"template":"","meta":[],"product_brand":[],"product_cat":[45],"product_tag":[],"class_list":{"0":"post-4798","1":"product","2":"type-product","3":"status-publish","4":"has-post-thumbnail","6":"product_cat-medidores-de-humidade","8":"first","9":"instock","10":"shipping-taxable","11":"product-type-simple"},"_links":{"self":[{"href":"https:\/\/end.pt\/pt\/wp-json\/wp\/v2\/product\/4798","targetHints":{"allow":["GET"]}}],"collection":[{"href":"https:\/\/end.pt\/pt\/wp-json\/wp\/v2\/product"}],"about":[{"href":"https:\/\/end.pt\/pt\/wp-json\/wp\/v2\/types\/product"}],"version-history":[{"count":3,"href":"https:\/\/end.pt\/pt\/wp-json\/wp\/v2\/product\/4798\/revisions"}],"predecessor-version":[{"id":4949,"href":"https:\/\/end.pt\/pt\/wp-json\/wp\/v2\/product\/4798\/revisions\/4949"}],"wp:featuredmedia":[{"embeddable":true,"href":"https:\/\/end.pt\/pt\/wp-json\/wp\/v2\/media\/4801"}],"wp:attachment":[{"href":"https:\/\/end.pt\/pt\/wp-json\/wp\/v2\/media?parent=4798"}],"wp:term":[{"taxonomy":"product_brand","embeddable":true,"href":"https:\/\/end.pt\/pt\/wp-json\/wp\/v2\/product_brand?post=4798"},{"taxonomy":"product_cat","embeddable":true,"href":"https:\/\/end.pt\/pt\/wp-json\/wp\/v2\/product_cat?post=4798"},{"taxonomy":"product_tag","embeddable":true,"href":"https:\/\/end.pt\/pt\/wp-json\/wp\/v2\/product_tag?post=4798"}],"curies":[{"name":"wp","href":"https:\/\/api.w.org\/{rel}","templated":true}]}}