{"id":4809,"date":"2020-11-22T22:06:28","date_gmt":"2020-11-22T22:06:28","guid":{"rendered":"https:\/\/end.pt\/pt\/?post_type=product&#038;p=4809"},"modified":"2021-05-02T15:13:27","modified_gmt":"2021-05-02T15:13:27","slug":"medidor-de-humidade-cabedal-ld2","status":"publish","type":"product","link":"https:\/\/end.pt\/pt\/product\/medidor-de-humidade-cabedal-ld2\/","title":{"rendered":"MEDIDOR DE HUMIDADE CABEDAL \u2013 LD2"},"content":{"rendered":"<p>O medidor de humidade  LD2, \u00e9 um medidor digital espec\u00edfico para cabedal e couro sint\u00e9tico.<\/p>\n<p>Utiliza o principio capacitivo de medi\u00e7\u00e3o da humidade, tornando-o muito simples de usar, bastando apenas pression\u00e1-lo ao material e ler o valor.<\/p>\n<p>Medidor robusto e resistente, possui ecr\u00e3 digital, mem\u00f3ria para 100 medi\u00e7\u00f5es, e corre\u00e7\u00e3o autom\u00e1tica do zero, bem como a capacidade de programar 10 curvas de calibra\u00e7\u00e3o adicionais espec\u00edficas do cliente.<\/p>\n<p>O equipamento tem uma interface USB para liga\u00e7\u00e3o ao PC, e com um software opcional DOSOFT, diferentes par\u00e2metros podem ser executados, e tamb\u00e9m valores medidos e guardados podem ser transferidos para o PC para an\u00e1lise e armazenamento no disco r\u00edgido.<\/p>\n<p>O equipamento pode ser calibrado com o m\u00f3dulo de calibra\u00e7\u00e3o opcional PE05.<\/p>\n","protected":false},"excerpt":{"rendered":"<p>O medidor de humidade LD2, \u00e9 um medidor digital espec\u00edfico para cabedal e couro sint\u00e9tico. Utiliza o principio capacitivo de medi\u00e7\u00e3o da humidade, tornando-o muito simples de usar, bastando apenas pression\u00e1-lo ao material e ler o valor. Medidor robusto e resistente, possui ecr\u00e3 digital, mem\u00f3ria para 100 medi\u00e7\u00f5es, e corre\u00e7\u00e3o autom\u00e1tica do zero, bem como [&hellip;]<\/p>\n","protected":false},"featured_media":4815,"template":"","meta":[],"product_brand":[],"product_cat":[45],"product_tag":[],"class_list":{"0":"post-4809","1":"product","2":"type-product","3":"status-publish","4":"has-post-thumbnail","6":"product_cat-medidores-de-humidade","8":"first","9":"instock","10":"shipping-taxable","11":"product-type-simple"},"_links":{"self":[{"href":"https:\/\/end.pt\/pt\/wp-json\/wp\/v2\/product\/4809","targetHints":{"allow":["GET"]}}],"collection":[{"href":"https:\/\/end.pt\/pt\/wp-json\/wp\/v2\/product"}],"about":[{"href":"https:\/\/end.pt\/pt\/wp-json\/wp\/v2\/types\/product"}],"version-history":[{"count":2,"href":"https:\/\/end.pt\/pt\/wp-json\/wp\/v2\/product\/4809\/revisions"}],"predecessor-version":[{"id":4947,"href":"https:\/\/end.pt\/pt\/wp-json\/wp\/v2\/product\/4809\/revisions\/4947"}],"wp:featuredmedia":[{"embeddable":true,"href":"https:\/\/end.pt\/pt\/wp-json\/wp\/v2\/media\/4815"}],"wp:attachment":[{"href":"https:\/\/end.pt\/pt\/wp-json\/wp\/v2\/media?parent=4809"}],"wp:term":[{"taxonomy":"product_brand","embeddable":true,"href":"https:\/\/end.pt\/pt\/wp-json\/wp\/v2\/product_brand?post=4809"},{"taxonomy":"product_cat","embeddable":true,"href":"https:\/\/end.pt\/pt\/wp-json\/wp\/v2\/product_cat?post=4809"},{"taxonomy":"product_tag","embeddable":true,"href":"https:\/\/end.pt\/pt\/wp-json\/wp\/v2\/product_tag?post=4809"}],"curies":[{"name":"wp","href":"https:\/\/api.w.org\/{rel}","templated":true}]}}