{"id":4824,"date":"2020-11-29T16:34:53","date_gmt":"2020-11-29T16:34:53","guid":{"rendered":"https:\/\/end.pt\/pt\/?post_type=product&#038;p=4824"},"modified":"2021-05-02T15:12:40","modified_gmt":"2021-05-02T15:12:40","slug":"termo-higrometro-sa6295","status":"publish","type":"product","link":"https:\/\/end.pt\/pt\/product\/termo-higrometro-sa6295\/","title":{"rendered":"TERMO-HIGR\u00d3METRO \u2013 SA6295"},"content":{"rendered":"<p>Equipamento utilizado para medir a humidade e temperatura do ambiente circundante. Com um interface simples, alta precis\u00e3o e pequenas dimens\u00f5es \u00e9 uma excelente escolha para aplica\u00e7\u00f5es de ind\u00fastria, pintura, constru\u00e7\u00e3o e qualquer aplica\u00e7\u00e3o onde seja necess\u00e1rio verificar a humidade e temperatura.<br \/>\nCom sensor de medi\u00e7\u00e3o externo, fun\u00e7\u00f5es estat\u00edsticas (Max\/Min ; Hold ; Wet Bulb), e liga\u00e7\u00e3o ao PC para transfer\u00eancia de dados.<br \/>\nGama de medi\u00e7\u00e3o Humidade: 10 ~ 95% RH \/ Gama de medi\u00e7\u00e3o Temperatura: -10 ~ 60 \u00baC<\/p>\n","protected":false},"excerpt":{"rendered":"<p>Equipamento utilizado para medir a humidade e temperatura do ambiente circundante. Com um interface simples, alta precis\u00e3o e pequenas dimens\u00f5es \u00e9 uma excelente escolha para aplica\u00e7\u00f5es de ind\u00fastria, pintura, constru\u00e7\u00e3o e qualquer aplica\u00e7\u00e3o onde seja necess\u00e1rio verificar a humidade e temperatura. Com sensor de medi\u00e7\u00e3o externo, fun\u00e7\u00f5es estat\u00edsticas (Max\/Min ; Hold ; Wet Bulb), e [&hellip;]<\/p>\n","protected":false},"featured_media":4825,"template":"","meta":[],"product_brand":[],"product_cat":[48],"product_tag":[],"class_list":{"0":"post-4824","1":"product","2":"type-product","3":"status-publish","4":"has-post-thumbnail","6":"product_cat-termo-higrometros","8":"first","9":"instock","10":"shipping-taxable","11":"product-type-simple"},"_links":{"self":[{"href":"https:\/\/end.pt\/pt\/wp-json\/wp\/v2\/product\/4824","targetHints":{"allow":["GET"]}}],"collection":[{"href":"https:\/\/end.pt\/pt\/wp-json\/wp\/v2\/product"}],"about":[{"href":"https:\/\/end.pt\/pt\/wp-json\/wp\/v2\/types\/product"}],"version-history":[{"count":2,"href":"https:\/\/end.pt\/pt\/wp-json\/wp\/v2\/product\/4824\/revisions"}],"predecessor-version":[{"id":4946,"href":"https:\/\/end.pt\/pt\/wp-json\/wp\/v2\/product\/4824\/revisions\/4946"}],"wp:featuredmedia":[{"embeddable":true,"href":"https:\/\/end.pt\/pt\/wp-json\/wp\/v2\/media\/4825"}],"wp:attachment":[{"href":"https:\/\/end.pt\/pt\/wp-json\/wp\/v2\/media?parent=4824"}],"wp:term":[{"taxonomy":"product_brand","embeddable":true,"href":"https:\/\/end.pt\/pt\/wp-json\/wp\/v2\/product_brand?post=4824"},{"taxonomy":"product_cat","embeddable":true,"href":"https:\/\/end.pt\/pt\/wp-json\/wp\/v2\/product_cat?post=4824"},{"taxonomy":"product_tag","embeddable":true,"href":"https:\/\/end.pt\/pt\/wp-json\/wp\/v2\/product_tag?post=4824"}],"curies":[{"name":"wp","href":"https:\/\/api.w.org\/{rel}","templated":true}]}}