{"id":4834,"date":"2020-11-29T16:38:11","date_gmt":"2020-11-29T16:38:11","guid":{"rendered":"https:\/\/end.pt\/pt\/?post_type=product&#038;p=4834"},"modified":"2021-05-01T22:02:07","modified_gmt":"2021-05-01T22:02:07","slug":"termo-higrometro-sa6314","status":"publish","type":"product","link":"https:\/\/end.pt\/pt\/product\/termo-higrometro-sa6314\/","title":{"rendered":"TERMO-HIGR\u00d3METRO \u2013 SA6314"},"content":{"rendered":"<p>Equipamento utilizado para medir a humidade e temperatura do ambiente circundante. Com um interface simples, alta precis\u00e3o e pequenas dimens\u00f5es \u00e9 uma excelente escolha para aplica\u00e7\u00f5es de ind\u00fastria, pintura, constru\u00e7\u00e3o e qualquer aplica\u00e7\u00e3o onde seja necess\u00e1rio verificar a humidade e temperatura.<br \/>\nCom sensor de medi\u00e7\u00e3o duplo externo, fun\u00e7\u00f5es estat\u00edsticas (Max\/Min ; Hold ; Modo Relativo), mem\u00f3ria para 16.000 medi\u00e7\u00f5es e liga\u00e7\u00e3o ao PC para transfer\u00eancia de dados.<br \/>\nGama de medi\u00e7\u00e3o Humidade: 0 ~ 100% RH \/ Gama de medi\u00e7\u00e3o Temperatura: T1: -20 ~ 60 \u00baC e T2 (tipo K)*: -200 ~ 1.370 \u00baC<\/p>\n","protected":false},"excerpt":{"rendered":"<p>Equipamento utilizado para medir a humidade e temperatura do ambiente circundante. Com um interface simples, alta precis\u00e3o e pequenas dimens\u00f5es \u00e9 uma excelente escolha para aplica\u00e7\u00f5es de ind\u00fastria, pintura, constru\u00e7\u00e3o e qualquer aplica\u00e7\u00e3o onde seja necess\u00e1rio verificar a humidade e temperatura. Com sensor de medi\u00e7\u00e3o duplo externo, fun\u00e7\u00f5es estat\u00edsticas (Max\/Min ; Hold ; Modo Relativo), [&hellip;]<\/p>\n","protected":false},"featured_media":4835,"template":"","meta":[],"product_brand":[],"product_cat":[48],"product_tag":[],"class_list":{"0":"post-4834","1":"product","2":"type-product","3":"status-publish","4":"has-post-thumbnail","6":"product_cat-termo-higrometros","8":"first","9":"instock","10":"shipping-taxable","11":"product-type-simple"},"_links":{"self":[{"href":"https:\/\/end.pt\/pt\/wp-json\/wp\/v2\/product\/4834","targetHints":{"allow":["GET"]}}],"collection":[{"href":"https:\/\/end.pt\/pt\/wp-json\/wp\/v2\/product"}],"about":[{"href":"https:\/\/end.pt\/pt\/wp-json\/wp\/v2\/types\/product"}],"version-history":[{"count":2,"href":"https:\/\/end.pt\/pt\/wp-json\/wp\/v2\/product\/4834\/revisions"}],"predecessor-version":[{"id":4942,"href":"https:\/\/end.pt\/pt\/wp-json\/wp\/v2\/product\/4834\/revisions\/4942"}],"wp:featuredmedia":[{"embeddable":true,"href":"https:\/\/end.pt\/pt\/wp-json\/wp\/v2\/media\/4835"}],"wp:attachment":[{"href":"https:\/\/end.pt\/pt\/wp-json\/wp\/v2\/media?parent=4834"}],"wp:term":[{"taxonomy":"product_brand","embeddable":true,"href":"https:\/\/end.pt\/pt\/wp-json\/wp\/v2\/product_brand?post=4834"},{"taxonomy":"product_cat","embeddable":true,"href":"https:\/\/end.pt\/pt\/wp-json\/wp\/v2\/product_cat?post=4834"},{"taxonomy":"product_tag","embeddable":true,"href":"https:\/\/end.pt\/pt\/wp-json\/wp\/v2\/product_tag?post=4834"}],"curies":[{"name":"wp","href":"https:\/\/api.w.org\/{rel}","templated":true}]}}