{"id":4848,"date":"2020-11-29T16:47:02","date_gmt":"2020-11-29T16:47:02","guid":{"rendered":"https:\/\/end.pt\/pt\/?post_type=product&#038;p=4848"},"modified":"2021-05-01T21:59:41","modified_gmt":"2021-05-01T21:59:41","slug":"medidor-de-brilho-sag-0268dt","status":"publish","type":"product","link":"https:\/\/end.pt\/pt\/product\/medidor-de-brilho-sag-0268dt\/","title":{"rendered":"MEDIDOR DE BRILHO \u2013 SAG-0268DT+"},"content":{"rendered":"<p>O Brilh\u00f3metro \u00e9 um equipamento de ensaios n\u00e3o destrutivos, utilizado para medir o brilho \u201cgloss\u201d de camadas e\/ou superf\u00edcies polidas. Conforme as diferentes geometrias, a medi\u00e7\u00e3o ser\u00e1 optimizada para um grau particular de brilho. Gra\u00e7as aos 3 \u00e2ngulos de medi\u00e7\u00e3o (20\u00ba , 60\u00ba , 85\u00ba), o medidor pode optimizar a precis\u00e3o da medi\u00e7\u00e3o dependendo do grau de brilho da superf\u00edcie.<br \/>\nBrilh\u00f3metros s\u00e3o geralmente utilizados em v\u00e1rios campos de ind\u00fastria, como ind\u00fastria de mobili\u00e1rio, pintura, autom\u00f3vel e qualquer outra que seja necess\u00e1rio inspeccionar o brilho de uma superf\u00edcie.<br \/>\nEste modelo \u00e9 caracterizado por uma grande gama de medi\u00e7\u00e3o, uma excelente precis\u00e3o, mem\u00f3ria para medi\u00e7\u00f5es, interface de dados e calibra\u00e7\u00e3o autom\u00e1tica, o que o tornam um equipamento verdadeiramente profissional.<\/p>\n","protected":false},"excerpt":{"rendered":"<p>O Brilh\u00f3metro \u00e9 um equipamento de ensaios n\u00e3o destrutivos, utilizado para medir o brilho \u201cgloss\u201d de camadas e\/ou superf\u00edcies polidas. Conforme as diferentes geometrias, a medi\u00e7\u00e3o ser\u00e1 optimizada para um grau particular de brilho. Gra\u00e7as aos 3 \u00e2ngulos de medi\u00e7\u00e3o (20\u00ba , 60\u00ba , 85\u00ba), o medidor pode optimizar a precis\u00e3o da medi\u00e7\u00e3o dependendo do [&hellip;]<\/p>\n","protected":false},"featured_media":4849,"template":"","meta":[],"product_brand":[],"product_cat":[163],"product_tag":[],"class_list":{"0":"post-4848","1":"product","2":"type-product","3":"status-publish","4":"has-post-thumbnail","6":"product_cat-medidores-de-brilho-brilhometros","8":"first","9":"instock","10":"shipping-taxable","11":"product-type-simple"},"_links":{"self":[{"href":"https:\/\/end.pt\/pt\/wp-json\/wp\/v2\/product\/4848","targetHints":{"allow":["GET"]}}],"collection":[{"href":"https:\/\/end.pt\/pt\/wp-json\/wp\/v2\/product"}],"about":[{"href":"https:\/\/end.pt\/pt\/wp-json\/wp\/v2\/types\/product"}],"version-history":[{"count":3,"href":"https:\/\/end.pt\/pt\/wp-json\/wp\/v2\/product\/4848\/revisions"}],"predecessor-version":[{"id":4938,"href":"https:\/\/end.pt\/pt\/wp-json\/wp\/v2\/product\/4848\/revisions\/4938"}],"wp:featuredmedia":[{"embeddable":true,"href":"https:\/\/end.pt\/pt\/wp-json\/wp\/v2\/media\/4849"}],"wp:attachment":[{"href":"https:\/\/end.pt\/pt\/wp-json\/wp\/v2\/media?parent=4848"}],"wp:term":[{"taxonomy":"product_brand","embeddable":true,"href":"https:\/\/end.pt\/pt\/wp-json\/wp\/v2\/product_brand?post=4848"},{"taxonomy":"product_cat","embeddable":true,"href":"https:\/\/end.pt\/pt\/wp-json\/wp\/v2\/product_cat?post=4848"},{"taxonomy":"product_tag","embeddable":true,"href":"https:\/\/end.pt\/pt\/wp-json\/wp\/v2\/product_tag?post=4848"}],"curies":[{"name":"wp","href":"https:\/\/api.w.org\/{rel}","templated":true}]}}