{"id":4852,"date":"2020-11-29T16:49:32","date_gmt":"2020-11-29T16:49:32","guid":{"rendered":"https:\/\/end.pt\/pt\/?post_type=product&#038;p=4852"},"modified":"2021-05-01T21:59:12","modified_gmt":"2021-05-01T21:59:12","slug":"medidor-de-rugosidade-sa6200-sa6210-sa220-sa6240-sa6260","status":"publish","type":"product","link":"https:\/\/end.pt\/pt\/product\/medidor-de-rugosidade-sa6200-sa6210-sa220-sa6240-sa6260\/","title":{"rendered":"MEDIDOR DE RUGOSIDADE \u2013 SA6200\/SA6210\/SA220\/SA6240\/SA6260"},"content":{"rendered":"<p>O rugos\u00edmetro port\u00e1til de bolso SA6240 \u00e9 um equipamento compacto e incrivelmente robusto, para efectuar medi\u00e7\u00f5es de rugosidade precisas e fi\u00e1veis em superf\u00edcies horizontais, verticais e inclinadas. A sua sonda integrada est\u00e1 protegida por uma janela deslizante. Um display claro e intuitivo, um design simples e user-friendly, e a sua versatibilidade de utiliza\u00e7\u00e3o s\u00e3o as melhores fun\u00e7\u00f5es deste equipamento, especialmente desenhado para medi\u00e7\u00f5es no campo.<\/p>\n<p>&nbsp;<\/p>\n","protected":false},"excerpt":{"rendered":"<p>O rugos\u00edmetro port\u00e1til de bolso SA6240 \u00e9 um equipamento compacto e incrivelmente robusto, para efectuar medi\u00e7\u00f5es de rugosidade precisas e fi\u00e1veis em superf\u00edcies horizontais, verticais e inclinadas. A sua sonda integrada est\u00e1 protegida por uma janela deslizante. Um display claro e intuitivo, um design simples e user-friendly, e a sua versatibilidade de utiliza\u00e7\u00e3o s\u00e3o as [&hellip;]<\/p>\n","protected":false},"featured_media":4854,"template":"","meta":[],"product_brand":[],"product_cat":[164],"product_tag":[],"class_list":{"0":"post-4852","1":"product","2":"type-product","3":"status-publish","4":"has-post-thumbnail","6":"product_cat-medidores-de-rugosidade-rugosimetros","8":"first","9":"instock","10":"shipping-taxable","11":"product-type-simple"},"_links":{"self":[{"href":"https:\/\/end.pt\/pt\/wp-json\/wp\/v2\/product\/4852","targetHints":{"allow":["GET"]}}],"collection":[{"href":"https:\/\/end.pt\/pt\/wp-json\/wp\/v2\/product"}],"about":[{"href":"https:\/\/end.pt\/pt\/wp-json\/wp\/v2\/types\/product"}],"version-history":[{"count":3,"href":"https:\/\/end.pt\/pt\/wp-json\/wp\/v2\/product\/4852\/revisions"}],"predecessor-version":[{"id":4936,"href":"https:\/\/end.pt\/pt\/wp-json\/wp\/v2\/product\/4852\/revisions\/4936"}],"wp:featuredmedia":[{"embeddable":true,"href":"https:\/\/end.pt\/pt\/wp-json\/wp\/v2\/media\/4854"}],"wp:attachment":[{"href":"https:\/\/end.pt\/pt\/wp-json\/wp\/v2\/media?parent=4852"}],"wp:term":[{"taxonomy":"product_brand","embeddable":true,"href":"https:\/\/end.pt\/pt\/wp-json\/wp\/v2\/product_brand?post=4852"},{"taxonomy":"product_cat","embeddable":true,"href":"https:\/\/end.pt\/pt\/wp-json\/wp\/v2\/product_cat?post=4852"},{"taxonomy":"product_tag","embeddable":true,"href":"https:\/\/end.pt\/pt\/wp-json\/wp\/v2\/product_tag?post=4852"}],"curies":[{"name":"wp","href":"https:\/\/api.w.org\/{rel}","templated":true}]}}