{"id":16,"date":"2018-02-07T21:48:59","date_gmt":"2018-02-07T21:48:59","guid":{"rendered":"https:\/\/end.pt\/pt\/?post_type=product&#038;p=16"},"modified":"2021-05-02T22:45:40","modified_gmt":"2021-05-02T22:45:40","slug":"lupa-c-ampliacao-7x-c-escala-graduada","status":"publish","type":"product","link":"https:\/\/end.pt\/pt\/product\/lupa-c-ampliacao-7x-c-escala-graduada\/","title":{"rendered":"Lupa c\/ amplia\u00e7\u00e3o 7x c\/ escala graduada"},"content":{"rendered":"\t\t<div data-elementor-type=\"product-post\" data-elementor-id=\"16\" class=\"elementor elementor-16\">\n\t\t\t\t\t\t<div class=\"elementor-inner\">\n\t\t\t\t<div class=\"elementor-section-wrap\">\n\t\t\t\t\t\t\t\t\t<section class=\"elementor-section elementor-top-section elementor-element elementor-element-3e27ea1c elementor-section-boxed elementor-section-height-default elementor-section-height-default\" data-id=\"3e27ea1c\" data-element_type=\"section\">\n\t\t\t\t\t\t<div class=\"elementor-container elementor-column-gap-default\">\n\t\t\t\t\t\t\t<div class=\"elementor-row\">\n\t\t\t\t\t<div class=\"elementor-column elementor-col-100 elementor-top-column elementor-element elementor-element-35a4bf0e\" data-id=\"35a4bf0e\" data-element_type=\"column\">\n\t\t\t<div class=\"elementor-column-wrap elementor-element-populated\">\n\t\t\t\t\t\t\t<div class=\"elementor-widget-wrap\">\n\t\t\t\t\t\t<div class=\"elementor-element elementor-element-d71c975 elementor-widget elementor-widget-text-editor\" data-id=\"d71c975\" data-element_type=\"widget\" data-widget_type=\"text-editor.default\">\n\t\t\t\t<div class=\"elementor-widget-container\">\n\t\t\t\t\t\t\t\t<div class=\"elementor-text-editor elementor-clearfix\">\n\t\t\t\t<ul>\n \t<li>Amplia\u00e7\u00e3o: 7x<\/li>\n \t<li>Campo de vis\u00e3o: 24 mm \u03a6<\/li>\n \t<li>Abertura eficaz: 18 mm \u03a6<\/li>\n \t<li>Tamanho: 36\u03a6 x 57 mm<\/li>\n \t<li>Peso: 56 gm<\/li>\n<\/ul>\t\t\t\t\t<\/div>\n\t\t\t\t\t\t<\/div>\n\t\t\t\t<\/div>\n\t\t\t\t\t\t<\/div>\n\t\t\t\t\t<\/div>\n\t\t<\/div>\n\t\t\t\t\t\t\t\t<\/div>\n\t\t\t\t\t<\/div>\n\t\t<\/section>\n\t\t\t\t\t\t\t\t\t<\/div>\n\t\t\t<\/div>\n\t\t\t\t\t<\/div>\n\t\t","protected":false},"excerpt":{"rendered":"<p>Para mais informa\u00e7\u00f5es contate-nos via email ou preencha o nosso formul\u00e1rio. clique aqui<\/p>\n","protected":false},"featured_media":2256,"template":"","meta":{"_mi_skip_tracking":false},"product_cat":[20,21],"product_tag":[],"class_list":["post-16","product","type-product","status-publish","has-post-thumbnail","hentry","product_cat-ensaios-visuais","product_cat-lupas-inspeccao"],"_links":{"self":[{"href":"https:\/\/end.pt\/pt\/wp-json\/wp\/v3\/product\/16","targetHints":{"allow":["GET"]}}],"collection":[{"href":"https:\/\/end.pt\/pt\/wp-json\/wp\/v3\/product"}],"about":[{"href":"https:\/\/end.pt\/pt\/wp-json\/wp\/v2\/types\/product"}],"version-history":[{"count":5,"href":"https:\/\/end.pt\/pt\/wp-json\/wp\/v3\/product\/16\/revisions"}],"predecessor-version":[{"id":5361,"href":"https:\/\/end.pt\/pt\/wp-json\/wp\/v3\/product\/16\/revisions\/5361"}],"wp:featuredmedia":[{"embeddable":true,"href":"https:\/\/end.pt\/pt\/wp-json\/wp\/v2\/media\/2256"}],"wp:attachment":[{"href":"https:\/\/end.pt\/pt\/wp-json\/wp\/v2\/media?parent=16"}],"wp:term":[{"taxonomy":"product_cat","embeddable":true,"href":"https:\/\/end.pt\/pt\/wp-json\/wp\/v2\/product_cat?post=16"},{"taxonomy":"product_tag","embeddable":true,"href":"https:\/\/end.pt\/pt\/wp-json\/wp\/v2\/product_tag?post=16"}],"curies":[{"name":"wp","href":"https:\/\/api.w.org\/{rel}","templated":true}]}}