{"id":17,"date":"2018-02-07T21:50:57","date_gmt":"2018-02-07T21:50:57","guid":{"rendered":"https:\/\/end.pt\/pt\/?post_type=product&#038;p=17"},"modified":"2021-05-02T22:44:33","modified_gmt":"2021-05-02T22:44:33","slug":"lupa-c-ampliacao-8x-16x-c-escala-graduada","status":"publish","type":"product","link":"https:\/\/end.pt\/pt\/product\/lupa-c-ampliacao-8x-16x-c-escala-graduada\/","title":{"rendered":"Lupa c\/ amplia\u00e7\u00e3o 8x\/16x c\/ escala graduada"},"content":{"rendered":"<ul>\n<li>Amplia\u00e7\u00e3o: 8x a 16x<\/li>\n<li>Campo de vis\u00e3o: 20 mm \u03a6 a 10 mm \u03a6<\/li>\n<li>Anel de ajuste dioptria: +2.5D a -5D<\/li>\n<li>M\u00ednima escala: 0.1mm<\/li>\n<li>Tamanho: 45\u03a6 x 65 mm<\/li>\n<li>Peso: 149 gm<\/li>\n<\/ul>\n","protected":false},"excerpt":{"rendered":"<p>Amplia\u00e7\u00e3o: 8x a 16x Campo de vis\u00e3o: 20 mm \u03a6 a 10 mm \u03a6 Anel de ajuste dioptria: +2.5D a -5D M\u00ednima escala: 0.1mm Tamanho: 45\u03a6 x 65 mm Peso: 149 gm<\/p>\n","protected":false},"featured_media":2254,"template":"","meta":{"_mi_skip_tracking":false},"product_cat":[20,21],"product_tag":[],"class_list":["post-17","product","type-product","status-publish","has-post-thumbnail","hentry","product_cat-ensaios-visuais","product_cat-lupas-inspeccao"],"_links":{"self":[{"href":"https:\/\/end.pt\/pt\/wp-json\/wp\/v3\/product\/17","targetHints":{"allow":["GET"]}}],"collection":[{"href":"https:\/\/end.pt\/pt\/wp-json\/wp\/v3\/product"}],"about":[{"href":"https:\/\/end.pt\/pt\/wp-json\/wp\/v2\/types\/product"}],"version-history":[{"count":2,"href":"https:\/\/end.pt\/pt\/wp-json\/wp\/v3\/product\/17\/revisions"}],"predecessor-version":[{"id":5357,"href":"https:\/\/end.pt\/pt\/wp-json\/wp\/v3\/product\/17\/revisions\/5357"}],"wp:featuredmedia":[{"embeddable":true,"href":"https:\/\/end.pt\/pt\/wp-json\/wp\/v2\/media\/2254"}],"wp:attachment":[{"href":"https:\/\/end.pt\/pt\/wp-json\/wp\/v2\/media?parent=17"}],"wp:term":[{"taxonomy":"product_cat","embeddable":true,"href":"https:\/\/end.pt\/pt\/wp-json\/wp\/v2\/product_cat?post=17"},{"taxonomy":"product_tag","embeddable":true,"href":"https:\/\/end.pt\/pt\/wp-json\/wp\/v2\/product_tag?post=17"}],"curies":[{"name":"wp","href":"https:\/\/api.w.org\/{rel}","templated":true}]}}