{"id":18,"date":"2018-02-07T22:05:21","date_gmt":"2018-02-07T22:05:21","guid":{"rendered":"https:\/\/end.pt\/pt\/?post_type=product&#038;p=18"},"modified":"2018-02-28T19:31:44","modified_gmt":"2018-02-28T19:31:44","slug":"espelhos-c-haste-telescopica-para-inspeccao-c-iman","status":"publish","type":"product","link":"https:\/\/end.pt\/pt\/product\/espelhos-c-haste-telescopica-para-inspeccao-c-iman\/","title":{"rendered":"Espelhos c\/ Haste Telesc\u00f3pica para Inspec\u00e7\u00e3o c\/ \u00cdman"},"content":{"rendered":"<table>\n<tbody>\n<tr>\n<td class=\"desc\">\n<h4 style=\"text-align: center;\"><em><strong><span class=\"nome\">Ref.\u00aa<\/span><\/strong><\/em><\/h4>\n<p style=\"text-align: center;\">A-2TM<\/p>\n<p style=\"text-align: center;\">E-2TM<\/p>\n<p style=\"text-align: center;\">B-2TM<\/p>\n<\/td>\n<td class=\"desc\">\n<h4 style=\"text-align: center;\"><em><strong><span class=\"nome\">Dimens\u00e3o Espelho (cm)<\/span><\/strong><\/em><\/h4>\n<p style=\"text-align: center;\">2,2<\/p>\n<p style=\"text-align: center;\">3,2<\/p>\n<p style=\"text-align: center;\">2,5&#215;5,1 Oval<\/p>\n<\/td>\n<td class=\"desc\">\n<h4 style=\"text-align: center;\"><em><strong><span class=\"nome\">Alcance (cm)<\/span><\/strong><\/em><\/h4>\n<p style=\"text-align: center;\">De 14,3 a 49,5<\/p>\n<p style=\"text-align: center;\">De 14,3 a 50,5<\/p>\n<p style=\"text-align: center;\">De 14,3 a 51,4<\/p>\n<\/td>\n<\/tr>\n<\/tbody>\n<\/table>\n","protected":false},"excerpt":{"rendered":"<p>Duas ferramentes unidas numa s\u00f3!<\/p>\n<p>Espelho \u00e9 fixado firmemente em qualquer \u00e2ngulo + \u00ccman poderoso de longa vida.<\/p>\n","protected":false},"featured_media":2037,"template":"","meta":{"_mi_skip_tracking":false},"product_cat":[20,22],"product_tag":[],"class_list":["post-18","product","type-product","status-publish","has-post-thumbnail","hentry","product_cat-ensaios-visuais","product_cat-espelhos-para-inspeccao"],"_links":{"self":[{"href":"https:\/\/end.pt\/pt\/wp-json\/wp\/v3\/product\/18","targetHints":{"allow":["GET"]}}],"collection":[{"href":"https:\/\/end.pt\/pt\/wp-json\/wp\/v3\/product"}],"about":[{"href":"https:\/\/end.pt\/pt\/wp-json\/wp\/v2\/types\/product"}],"version-history":[{"count":1,"href":"https:\/\/end.pt\/pt\/wp-json\/wp\/v3\/product\/18\/revisions"}],"predecessor-version":[{"id":29,"href":"https:\/\/end.pt\/pt\/wp-json\/wp\/v3\/product\/18\/revisions\/29"}],"wp:featuredmedia":[{"embeddable":true,"href":"https:\/\/end.pt\/pt\/wp-json\/wp\/v2\/media\/2037"}],"wp:attachment":[{"href":"https:\/\/end.pt\/pt\/wp-json\/wp\/v2\/media?parent=18"}],"wp:term":[{"taxonomy":"product_cat","embeddable":true,"href":"https:\/\/end.pt\/pt\/wp-json\/wp\/v2\/product_cat?post=18"},{"taxonomy":"product_tag","embeddable":true,"href":"https:\/\/end.pt\/pt\/wp-json\/wp\/v2\/product_tag?post=18"}],"curies":[{"name":"wp","href":"https:\/\/api.w.org\/{rel}","templated":true}]}}