{"id":2073,"date":"2018-03-04T12:21:29","date_gmt":"2018-03-04T12:21:29","guid":{"rendered":"https:\/\/end.pt\/pt\/?post_type=product&#038;p=2073"},"modified":"2021-05-02T22:29:58","modified_gmt":"2021-05-02T22:29:58","slug":"penetrantes-fluorescentes","status":"publish","type":"product","link":"https:\/\/end.pt\/pt\/product\/penetrantes-fluorescentes\/","title":{"rendered":"Penetrantes Fluorescentes"},"content":{"rendered":"\t\t<div data-elementor-type=\"product-post\" data-elementor-id=\"2073\" class=\"elementor elementor-2073\">\n\t\t\t\t\t\t<div class=\"elementor-inner\">\n\t\t\t\t<div class=\"elementor-section-wrap\">\n\t\t\t\t\t\t\t\t\t<section class=\"elementor-section elementor-top-section elementor-element elementor-element-83f0a96 elementor-section-boxed elementor-section-height-default elementor-section-height-default\" data-id=\"83f0a96\" data-element_type=\"section\">\n\t\t\t\t\t\t<div class=\"elementor-container elementor-column-gap-default\">\n\t\t\t\t\t\t\t<div class=\"elementor-row\">\n\t\t\t\t\t<div class=\"elementor-column elementor-col-100 elementor-top-column elementor-element elementor-element-fbcb695\" data-id=\"fbcb695\" data-element_type=\"column\">\n\t\t\t<div class=\"elementor-column-wrap elementor-element-populated\">\n\t\t\t\t\t\t\t<div class=\"elementor-widget-wrap\">\n\t\t\t\t\t\t<div class=\"elementor-element elementor-element-26630c2 elementor-widget elementor-widget-text-editor\" data-id=\"26630c2\" data-element_type=\"widget\" data-widget_type=\"text-editor.default\">\n\t\t\t\t<div class=\"elementor-widget-container\">\n\t\t\t\t\t\t\t\t<div class=\"elementor-text-editor elementor-clearfix\">\n\t\t\t\t<p>Instru\u00e7\u00f5es para utiliza\u00e7\u00e3o\/aplica\u00e7\u00e3o manual dos l\u00edquidos penetrantes coloridos<\/p>\t\t\t\t\t<\/div>\n\t\t\t\t\t\t<\/div>\n\t\t\t\t<\/div>\n\t\t\t\t\t\t<\/div>\n\t\t\t\t\t<\/div>\n\t\t<\/div>\n\t\t\t\t\t\t\t\t<\/div>\n\t\t\t\t\t<\/div>\n\t\t<\/section>\n\t\t\t\t<section class=\"elementor-section elementor-top-section elementor-element elementor-element-44f74f7 elementor-section-boxed elementor-section-height-default elementor-section-height-default\" data-id=\"44f74f7\" data-element_type=\"section\">\n\t\t\t\t\t\t<div class=\"elementor-container elementor-column-gap-default\">\n\t\t\t\t\t\t\t<div class=\"elementor-row\">\n\t\t\t\t\t<div class=\"elementor-column elementor-col-100 elementor-top-column elementor-element elementor-element-2e5479f\" data-id=\"2e5479f\" data-element_type=\"column\">\n\t\t\t<div class=\"elementor-column-wrap elementor-element-populated\">\n\t\t\t\t\t\t\t<div class=\"elementor-widget-wrap\">\n\t\t\t\t\t\t<div class=\"elementor-element elementor-element-aac28d3 elementor-widget elementor-widget-image\" data-id=\"aac28d3\" data-element_type=\"widget\" data-widget_type=\"image.default\">\n\t\t\t\t<div class=\"elementor-widget-container\">\n\t\t\t\t\t\t\t\t<div class=\"elementor-image\">\n\t\t\t\t\t\t\t\t\t\t\t\t<img loading=\"lazy\" decoding=\"async\" width=\"450\" height=\"140\" src=\"https:\/\/end.pt\/pt\/wp-content\/uploads\/2018\/03\/esquema-liq-flur-e1597790054191.png\" class=\"attachment-2048x2048 size-2048x2048 wp-image-2305\" alt=\"\" srcset=\"https:\/\/end.pt\/pt\/wp-content\/uploads\/2018\/03\/esquema-liq-flur-e1597790054191.png 450w, https:\/\/end.pt\/pt\/wp-content\/uploads\/2018\/03\/esquema-liq-flur-e1597790054191-250x78.png 250w, https:\/\/end.pt\/pt\/wp-content\/uploads\/2018\/03\/esquema-liq-flur-e1597790054191-350x109.png 350w, https:\/\/end.pt\/pt\/wp-content\/uploads\/2018\/03\/esquema-liq-flur-e1597790054191-300x93.png 300w\" sizes=\"auto, (max-width: 450px) 100vw, 450px\" \/>\t\t\t\t\t\t\t\t\t\t\t\t\t\t<\/div>\n\t\t\t\t\t\t<\/div>\n\t\t\t\t<\/div>\n\t\t\t\t\t\t<\/div>\n\t\t\t\t\t<\/div>\n\t\t<\/div>\n\t\t\t\t\t\t\t\t<\/div>\n\t\t\t\t\t<\/div>\n\t\t<\/section>\n\t\t\t\t<section class=\"elementor-section elementor-top-section elementor-element elementor-element-a58dd47 elementor-section-boxed elementor-section-height-default elementor-section-height-default\" data-id=\"a58dd47\" data-element_type=\"section\">\n\t\t\t\t\t\t<div class=\"elementor-container elementor-column-gap-default\">\n\t\t\t\t\t\t\t<div class=\"elementor-row\">\n\t\t\t\t\t<div class=\"elementor-column elementor-col-100 elementor-top-column elementor-element elementor-element-54406db\" data-id=\"54406db\" data-element_type=\"column\">\n\t\t\t<div class=\"elementor-column-wrap elementor-element-populated\">\n\t\t\t\t\t\t\t<div class=\"elementor-widget-wrap\">\n\t\t\t\t\t\t<div class=\"elementor-element elementor-element-bd5d364 elementor-widget elementor-widget-text-editor\" data-id=\"bd5d364\" data-element_type=\"widget\" data-widget_type=\"text-editor.default\">\n\t\t\t\t<div class=\"elementor-widget-container\">\n\t\t\t\t\t\t\t\t<div class=\"elementor-text-editor elementor-clearfix\">\n\t\t\t\t<p>Consum\u00edveis para ensaios por L\u00edquidos Penetrantes fluorescentes<\/p><p>(vis\u00edveis com Projector de luz negra)<\/p>\t\t\t\t\t<\/div>\n\t\t\t\t\t\t<\/div>\n\t\t\t\t<\/div>\n\t\t\t\t\t\t<\/div>\n\t\t\t\t\t<\/div>\n\t\t<\/div>\n\t\t\t\t\t\t\t\t<\/div>\n\t\t\t\t\t<\/div>\n\t\t<\/section>\n\t\t\t\t<section class=\"elementor-section elementor-top-section elementor-element elementor-element-642c2cd elementor-section-boxed elementor-section-height-default elementor-section-height-default\" data-id=\"642c2cd\" data-element_type=\"section\">\n\t\t\t\t\t\t<div class=\"elementor-container elementor-column-gap-default\">\n\t\t\t\t\t\t\t<div class=\"elementor-row\">\n\t\t\t\t\t<div class=\"elementor-column elementor-col-100 elementor-top-column elementor-element elementor-element-b1cb0e0\" data-id=\"b1cb0e0\" data-element_type=\"column\">\n\t\t\t<div class=\"elementor-column-wrap elementor-element-populated\">\n\t\t\t\t\t\t\t<div class=\"elementor-widget-wrap\">\n\t\t\t\t\t\t<div class=\"elementor-element elementor-element-a56d5a6 elementor-widget elementor-widget-html\" data-id=\"a56d5a6\" data-element_type=\"widget\" data-widget_type=\"html.default\">\n\t\t\t\t<div class=\"elementor-widget-container\">\n\t\t\t<!DOCTYPE html>\n<html>\n<head>\n<style>\n#customers {\n  font-family: Arial, Helvetica, sans-serif;\n  border-collapse: collapse;\n  width: 100%;\n}\n\n#customers td, #customers th {\n  border: 1px solid #ddd;\n  padding: 8px;\n}\n\n#customers tr:nth-child(even){background-color: #f2f2f2;}\n\n#customers tr:hover {background-color: #ddd;}\n\n#customers th {\n  padding-top: 12px;\n  padding-bottom: 12px;\n  text-align: left;\n  background-color: #0000b3;\n  color: white;\n}\n<\/style>\n<\/head>\n<body>\n\n<table id=\"customers\">\n  <tr>\n <th>Refer\u00eancia<\/th>\n    <th>Designa\u00e7\u00e3o<\/th>\n    <th>Tipo de L\u00edquido<\/th>\n    <th>Sensibilidade<\/th>\n  <\/tr>\n  <tr>\n    <td>F3.64\/46<\/td>\n    <td>MAGISGLOW 46<\/td>\n    <td>Penetrante p\u00f3s-emulsific\u00e1vel<\/td>\n\t<td>ALTA<\/td>\n  <\/tr>\n  <tr>\n  <td>F3.64\/54<\/td>\n    <td>MAGISGLOW 54<\/td>\n    <td>Penetrante p\u00f3s-emulsific\u00e1vel<\/td>\n\t<td>ALT\u00cdSSIMA<\/td>\n  <\/tr>\n  <tr>\n  <td>F3.68\/3<\/td>\n    <td>MAGISGLOW 3<\/td>\n    <td>Penetrante p\u00f3s-emulsific\u00e1vel<\/td>\n\t<td>BAIXA<\/td>\n  <\/tr>\n  <tr>\n  <td>F3.68\/9<\/td>\n    <td>MAGISGLOW 9<\/td>\n    <td>Penetrante p\u00f3s-emulsific\u00e1vel<\/td>\n\t<td>M\u00c9DIA<\/td>\n  <\/tr>\n  <tr>\n  <td>F3.68\/17<\/td>\n    <td>MAGISGLOW 17<\/td>\n    <td>Penetrante lav\u00e1vel por \u00e1gua<\/td>\n\t<td>ALTA<\/td>\n  <\/tr>\n  <tr>\n  <td>F3.68\/30<\/td>\n    <td>MAGISGLOW 30<\/td>\n    <td>Penetrante lav\u00e1vel por \u00e1gua<\/td>\n\t<td>ALT\u00cdSSIMA<\/td>\n  <\/tr>\n  <tr>\n\t<td>F3.69\/3<\/td>\n    <td>MAGISGLOW ECOFLUOR 3<\/td>\n    <td>Penetrante lav\u00e1vel por \u00e1gua<\/td>\n\t<td>BAIXA<\/td>\n  <\/tr>\n  <tr>\n\t<td>F3.69\/9<\/td>\n    <td>MAGISGLOW ECOFLUOR 9<\/td>\n    <td>Penetrante lav\u00e1vel por \u00e1gua<\/td>\n\t<td>M\u00c9DIA<\/td>\n  <\/tr>\n  <tr>\n\t<td>F3.69\/19<\/td>\n    <td>MAGISGLOW ECOFLUOR 17<\/td>\n    <td>Penetrante lav\u00e1vel por \u00e1gua<\/td>\n\t<td>ALTA<\/td>\n  <\/tr>\n  <tr>\n\t<td>F3.69\/30<\/td>\n    <td>MAGISGLOW ECOFLUOR 30<\/td>\n    <td>Penetrante lav\u00e1vel por \u00e1gua<\/td>\n\t<td>ALT\u00cdSSIMA<\/td>\n  <\/tr>\n    <tr>\n\t<td>F3.69\/80<\/td>\n    <td>MAGISGLOW WATERFLUOR 80SR<\/td>\n    <td>Penetrante lav\u00e1vel por \u00e1gua<\/td>\n  <\/tr>\n      <tr>\n\t<td>F3.69\/200<\/td>\n    <td>MAGISGLOW WATERFLUOR 200SR<\/td>\n    <td>Penetrante lav\u00e1vel por \u00e1gua<\/td>\n  <\/tr>\n      <tr>\n\t<td>F3.78<\/td>\n    <td>VELCONTRAST LARE<\/td>\n    <td>Penetrante lav\u00e1vel por \u00e1gua<\/td>\n  <\/tr>\n      <tr>\n\t<td>F3.76<\/td>\n    <td>VELCONTRAST POWER<\/td>\n    <td>Penetrante lav\u00e1vel por \u00e1gua<\/td>\n  <\/tr>\n        <tr>\n\t<td>F3.70<\/td>\n    <td>VELCONTRAST\/S<\/td>\n    <td>Emulsificador<\/td>\n  <\/tr>\n<\/table>\n\n<\/body>\n<\/html>\t\t<\/div>\n\t\t\t\t<\/div>\n\t\t\t\t\t\t<\/div>\n\t\t\t\t\t<\/div>\n\t\t<\/div>\n\t\t\t\t\t\t\t\t<\/div>\n\t\t\t\t\t<\/div>\n\t\t<\/section>\n\t\t\t\t\t\t\t\t\t<\/div>\n\t\t\t<\/div>\n\t\t\t\t\t<\/div>\n\t\t","protected":false},"excerpt":{"rendered":"<p>Instru\u00e7\u00f5es para utiliza\u00e7\u00e3o\/aplica\u00e7\u00e3o manual dos l\u00edquidos penetrantes coloridos Consum\u00edveis para ensaios por L\u00edquidos Penetrantes fluorescentes (vis\u00edveis com Projector de luz negra) &nbsp; &nbsp; Refer\u00eancia Designa\u00e7\u00e3o Tipo de L\u00edquido Sensibilidade F3.64\/46 MAGISGLOW 46 Penetrante p\u00f3s-emulsific\u00e1vel ALTA F3.64\/54 MAGISGLOW 54 Penetrante p\u00f3s-emulsific\u00e1vel ALT\u00cdSSIMA F3.68\/3 MAGISGLOW 3 Penetrante p\u00f3s-emulsific\u00e1vel BAIXA F3.68\/9 MAGISGLOW 9 Penetrante p\u00f3s-emulsific\u00e1vel M\u00c9DIA F3.68\/17 MAGISGLOW [&hellip;]<\/p>\n","protected":false},"featured_media":2306,"template":"","meta":{"_mi_skip_tracking":false},"product_cat":[143,25],"product_tag":[],"class_list":["post-2073","product","type-product","status-publish","has-post-thumbnail","hentry","product_cat-consumiveis-metodo-manual","product_cat-liquidos-penetrantes"],"_links":{"self":[{"href":"https:\/\/end.pt\/pt\/wp-json\/wp\/v3\/product\/2073","targetHints":{"allow":["GET"]}}],"collection":[{"href":"https:\/\/end.pt\/pt\/wp-json\/wp\/v3\/product"}],"about":[{"href":"https:\/\/end.pt\/pt\/wp-json\/wp\/v2\/types\/product"}],"version-history":[{"count":11,"href":"https:\/\/end.pt\/pt\/wp-json\/wp\/v3\/product\/2073\/revisions"}],"predecessor-version":[{"id":5326,"href":"https:\/\/end.pt\/pt\/wp-json\/wp\/v3\/product\/2073\/revisions\/5326"}],"wp:featuredmedia":[{"embeddable":true,"href":"https:\/\/end.pt\/pt\/wp-json\/wp\/v2\/media\/2306"}],"wp:attachment":[{"href":"https:\/\/end.pt\/pt\/wp-json\/wp\/v2\/media?parent=2073"}],"wp:term":[{"taxonomy":"product_cat","embeddable":true,"href":"https:\/\/end.pt\/pt\/wp-json\/wp\/v2\/product_cat?post=2073"},{"taxonomy":"product_tag","embeddable":true,"href":"https:\/\/end.pt\/pt\/wp-json\/wp\/v2\/product_tag?post=2073"}],"curies":[{"name":"wp","href":"https:\/\/api.w.org\/{rel}","templated":true}]}}