{"id":2077,"date":"2018-03-07T19:12:58","date_gmt":"2018-03-07T19:12:58","guid":{"rendered":"https:\/\/end.pt\/pt\/?post_type=product&#038;p=2077"},"modified":"2021-05-02T22:33:32","modified_gmt":"2021-05-02T22:33:32","slug":"sistema-integrado-automatico-para-valvulas","status":"publish","type":"product","link":"https:\/\/end.pt\/pt\/product\/sistema-integrado-automatico-para-valvulas\/","title":{"rendered":"Sistema integrado autom\u00e1tico para v\u00e1lvulas"},"content":{"rendered":"<p>Sistema integrado autom\u00e1tico para ensaios n\u00e3o destrutivos para v\u00e1lvulas.<\/p>\n","protected":false},"excerpt":{"rendered":"<p>Sistema integrado autom\u00e1tico para ensaios n\u00e3o destrutivos para v\u00e1lvulas.<\/p>\n","protected":false},"featured_media":2078,"template":"","meta":{"_mi_skip_tracking":false},"product_cat":[25,28],"product_tag":[],"class_list":["post-2077","product","type-product","status-publish","has-post-thumbnail","hentry","product_cat-liquidos-penetrantes","product_cat-sistemas-de-imersao"],"_links":{"self":[{"href":"https:\/\/end.pt\/pt\/wp-json\/wp\/v3\/product\/2077","targetHints":{"allow":["GET"]}}],"collection":[{"href":"https:\/\/end.pt\/pt\/wp-json\/wp\/v3\/product"}],"about":[{"href":"https:\/\/end.pt\/pt\/wp-json\/wp\/v2\/types\/product"}],"version-history":[{"count":2,"href":"https:\/\/end.pt\/pt\/wp-json\/wp\/v3\/product\/2077\/revisions"}],"predecessor-version":[{"id":5333,"href":"https:\/\/end.pt\/pt\/wp-json\/wp\/v3\/product\/2077\/revisions\/5333"}],"wp:featuredmedia":[{"embeddable":true,"href":"https:\/\/end.pt\/pt\/wp-json\/wp\/v2\/media\/2078"}],"wp:attachment":[{"href":"https:\/\/end.pt\/pt\/wp-json\/wp\/v2\/media?parent=2077"}],"wp:term":[{"taxonomy":"product_cat","embeddable":true,"href":"https:\/\/end.pt\/pt\/wp-json\/wp\/v2\/product_cat?post=2077"},{"taxonomy":"product_tag","embeddable":true,"href":"https:\/\/end.pt\/pt\/wp-json\/wp\/v2\/product_tag?post=2077"}],"curies":[{"name":"wp","href":"https:\/\/api.w.org\/{rel}","templated":true}]}}