{"id":2090,"date":"2018-03-07T20:51:41","date_gmt":"2018-03-07T20:51:41","guid":{"rendered":"https:\/\/end.pt\/pt\/?post_type=product&#038;p=2090"},"modified":"2021-05-02T22:27:42","modified_gmt":"2021-05-02T22:27:42","slug":"projector-de-luz-negra-modelo-sb-100p","status":"publish","type":"product","link":"https:\/\/end.pt\/pt\/product\/projector-de-luz-negra-modelo-sb-100p\/","title":{"rendered":"Projector de luz negra (Modelo SB-100P)"},"content":{"rendered":"<p><span style=\"color: #0000ff;\"><strong><span class=\"nome\">Modelo SB-100P<\/span><\/strong><\/span><\/p>\n<p>L\u00e2mpadas de 100W , de super intensidade ,desenhadas para m\u00e1xima efici\u00eancia e versatilidade. Projector leve, robusto, fi\u00e1vel e seguro. Este modelo com um reflector local tem uma intensidade luminosa regular de 4.800 \u03bcW\/cm2 a 38 cm.<\/p>\n<p><strong><span class=\"nome\" style=\"color: #0000ff;\">Modelo SB-100PD<\/span><\/strong><\/p>\n<p>Este modelo com um reflector local e um filtro difusor, produz um raio mais amplo e tem uma intensidade luminosa regular de 2.200 \u03bcW\/cm2 a 38 cm.<\/p>\n","protected":false},"excerpt":{"rendered":"<p>Modelo SB-100P L\u00e2mpadas de 100W , de super intensidade ,desenhadas para m\u00e1xima efici\u00eancia e versatilidade. Projector leve, robusto, fi\u00e1vel e seguro. Este modelo com um reflector local tem uma intensidade luminosa regular de 4.800 \u03bcW\/cm2 a 38 cm. Modelo SB-100PD Este modelo com um reflector local e um filtro difusor, produz um raio mais amplo [&hellip;]<\/p>\n","protected":false},"featured_media":2091,"template":"","meta":{"_mi_skip_tracking":false},"product_cat":[30,25,31,145],"product_tag":[],"class_list":["post-2090","product","type-product","status-publish","has-post-thumbnail","hentry","product_cat-acessorios-pm","product_cat-liquidos-penetrantes","product_cat-particulas-magneticas","product_cat-projectores-de-luz-negra-uv"],"_links":{"self":[{"href":"https:\/\/end.pt\/pt\/wp-json\/wp\/v3\/product\/2090","targetHints":{"allow":["GET"]}}],"collection":[{"href":"https:\/\/end.pt\/pt\/wp-json\/wp\/v3\/product"}],"about":[{"href":"https:\/\/end.pt\/pt\/wp-json\/wp\/v2\/types\/product"}],"version-history":[{"count":4,"href":"https:\/\/end.pt\/pt\/wp-json\/wp\/v3\/product\/2090\/revisions"}],"predecessor-version":[{"id":5322,"href":"https:\/\/end.pt\/pt\/wp-json\/wp\/v3\/product\/2090\/revisions\/5322"}],"wp:featuredmedia":[{"embeddable":true,"href":"https:\/\/end.pt\/pt\/wp-json\/wp\/v2\/media\/2091"}],"wp:attachment":[{"href":"https:\/\/end.pt\/pt\/wp-json\/wp\/v2\/media?parent=2090"}],"wp:term":[{"taxonomy":"product_cat","embeddable":true,"href":"https:\/\/end.pt\/pt\/wp-json\/wp\/v2\/product_cat?post=2090"},{"taxonomy":"product_tag","embeddable":true,"href":"https:\/\/end.pt\/pt\/wp-json\/wp\/v2\/product_tag?post=2090"}],"curies":[{"name":"wp","href":"https:\/\/api.w.org\/{rel}","templated":true}]}}