{"id":2094,"date":"2018-03-07T21:06:12","date_gmt":"2018-03-07T21:06:12","guid":{"rendered":"https:\/\/end.pt\/pt\/?post_type=product&#038;p=2094"},"modified":"2021-05-02T22:26:56","modified_gmt":"2021-05-02T22:26:56","slug":"projector-de-luz-negra-modelo-ml-3500","status":"publish","type":"product","link":"https:\/\/end.pt\/pt\/product\/projector-de-luz-negra-modelo-ml-3500\/","title":{"rendered":"Projector de luz negra (Modelo ML-3500)"},"content":{"rendered":"<p><strong><span class=\"nome\" style=\"color: #0000ff;\">Modelo ML-3500<\/span><\/strong><\/p>\n<p>Estas l\u00e2mpadas super poderosas tornam as inspec\u00e7\u00f5es de ensaios n\u00e3o destrutivos, mais f\u00e1ceis, seguras e muito mais fi\u00e1veis.<\/p>\n<p><strong><span class=\"nome\" style=\"color: #0000ff;\">Modelo ML-3500S<\/span><\/strong><\/p>\n<p>Este modelo com um reflector local tem uma intensidade luminosa regular de 50.000 \u03bcW\/cm2 a 38 cm.<\/p>\n<p><strong><span class=\"nome\" style=\"color: #0000ff;\">Modelo ML-3500D<\/span><\/strong><\/p>\n<p>Este modelo com um reflector local e um filtro difusor, tem uma intensidade luminosa regular de 14.000 \u03bcW\/cm2 a 38 cm.<\/p>\n<p><strong><span class=\"nome\" style=\"color: #0000ff;\">Modelo ML-3500FL<\/span><\/strong><\/p>\n<p>Este modelo com um reflector panor\u00e2mico tem uma intensidade luminosa regular de 50000 \u03bcW\/cm2 a 38 cm.<\/p>\n","protected":false},"excerpt":{"rendered":"<p>Modelo ML-3500 Estas l\u00e2mpadas super poderosas tornam as inspec\u00e7\u00f5es de ensaios n\u00e3o destrutivos, mais f\u00e1ceis, seguras e muito mais fi\u00e1veis. Modelo ML-3500S Este modelo com um reflector local tem uma intensidade luminosa regular de 50.000 \u03bcW\/cm2 a 38 cm. Modelo ML-3500D Este modelo com um reflector local e um filtro difusor, tem uma intensidade luminosa [&hellip;]<\/p>\n","protected":false},"featured_media":2095,"template":"","meta":{"_mi_skip_tracking":false},"product_cat":[30,25,31,145],"product_tag":[],"class_list":["post-2094","product","type-product","status-publish","has-post-thumbnail","hentry","product_cat-acessorios-pm","product_cat-liquidos-penetrantes","product_cat-particulas-magneticas","product_cat-projectores-de-luz-negra-uv"],"_links":{"self":[{"href":"https:\/\/end.pt\/pt\/wp-json\/wp\/v3\/product\/2094","targetHints":{"allow":["GET"]}}],"collection":[{"href":"https:\/\/end.pt\/pt\/wp-json\/wp\/v3\/product"}],"about":[{"href":"https:\/\/end.pt\/pt\/wp-json\/wp\/v2\/types\/product"}],"version-history":[{"count":4,"href":"https:\/\/end.pt\/pt\/wp-json\/wp\/v3\/product\/2094\/revisions"}],"predecessor-version":[{"id":5320,"href":"https:\/\/end.pt\/pt\/wp-json\/wp\/v3\/product\/2094\/revisions\/5320"}],"wp:featuredmedia":[{"embeddable":true,"href":"https:\/\/end.pt\/pt\/wp-json\/wp\/v2\/media\/2095"}],"wp:attachment":[{"href":"https:\/\/end.pt\/pt\/wp-json\/wp\/v2\/media?parent=2094"}],"wp:term":[{"taxonomy":"product_cat","embeddable":true,"href":"https:\/\/end.pt\/pt\/wp-json\/wp\/v2\/product_cat?post=2094"},{"taxonomy":"product_tag","embeddable":true,"href":"https:\/\/end.pt\/pt\/wp-json\/wp\/v2\/product_tag?post=2094"}],"curies":[{"name":"wp","href":"https:\/\/api.w.org\/{rel}","templated":true}]}}