{"id":2096,"date":"2018-03-07T21:12:31","date_gmt":"2018-03-07T21:12:31","guid":{"rendered":"https:\/\/end.pt\/pt\/?post_type=product&#038;p=2096"},"modified":"2021-05-02T22:26:09","modified_gmt":"2021-05-02T22:26:09","slug":"conjunto-de-iluminacao-maos-livres","status":"publish","type":"product","link":"https:\/\/end.pt\/pt\/product\/conjunto-de-iluminacao-maos-livres\/","title":{"rendered":"Conjunto de ilumina\u00e7\u00e3o \u201cM\u00e3os-livres\u201d"},"content":{"rendered":"<p style=\"text-align: center;\"><span style=\"color: #000080;\"><strong><span class=\"nome\">Modelo \u201cEagle-Eye\u201d EK-3000<\/span><\/strong><\/span><\/p>\n<p style=\"text-align: left;\">\nConjunto de inspec\u00e7\u00e3o LED com luz branca e luz negra (UV\/A)para inspec\u00e7\u00e3o com l\u00edquidos penetrantes e magn\u00e9ticos.<br \/>\nCompacto, l\u00e2mpada leve, com ventoinha imbutida, com dois LED UV-A (365 nm) de ultra intensidade para inspec\u00e7\u00e3o, al\u00e9m de tr\u00eas montagens LED de luzbranca para ilumina\u00e7\u00e3o geral.<br \/>\nIntensidade do estado estacion\u00e1rio nominal UV-A (365 nm):<\/p>\n<ul>\n<li>15 cm (6 polg) \u2013 22,000 JW\/cm2<\/li>\n<li>38 cm (15 polg) \u2013 5,500 JW\/cm2<\/li>\n<li>61 cm (24 polg) \u2013 2,500 JW\/cm2<\/li>\n<li>91 cm (36 polg) \u2013 1,100 JW\/cm2<\/li>\n<\/ul>\n","protected":false},"excerpt":{"rendered":"<p>Modelo \u201cEagle-Eye\u201d EK-3000 Conjunto de inspec\u00e7\u00e3o LED com luz branca e luz negra (UV\/A)para inspec\u00e7\u00e3o com l\u00edquidos penetrantes e magn\u00e9ticos. Compacto, l\u00e2mpada leve, com ventoinha imbutida, com dois LED UV-A (365 nm) de ultra intensidade para inspec\u00e7\u00e3o, al\u00e9m de tr\u00eas montagens LED de luzbranca para ilumina\u00e7\u00e3o geral. Intensidade do estado estacion\u00e1rio nominal UV-A (365 nm): [&hellip;]<\/p>\n","protected":false},"featured_media":2097,"template":"","meta":{"_mi_skip_tracking":false},"product_cat":[30,25,31,145],"product_tag":[],"class_list":["post-2096","product","type-product","status-publish","has-post-thumbnail","hentry","product_cat-acessorios-pm","product_cat-liquidos-penetrantes","product_cat-particulas-magneticas","product_cat-projectores-de-luz-negra-uv"],"_links":{"self":[{"href":"https:\/\/end.pt\/pt\/wp-json\/wp\/v3\/product\/2096","targetHints":{"allow":["GET"]}}],"collection":[{"href":"https:\/\/end.pt\/pt\/wp-json\/wp\/v3\/product"}],"about":[{"href":"https:\/\/end.pt\/pt\/wp-json\/wp\/v2\/types\/product"}],"version-history":[{"count":2,"href":"https:\/\/end.pt\/pt\/wp-json\/wp\/v3\/product\/2096\/revisions"}],"predecessor-version":[{"id":5319,"href":"https:\/\/end.pt\/pt\/wp-json\/wp\/v3\/product\/2096\/revisions\/5319"}],"wp:featuredmedia":[{"embeddable":true,"href":"https:\/\/end.pt\/pt\/wp-json\/wp\/v2\/media\/2097"}],"wp:attachment":[{"href":"https:\/\/end.pt\/pt\/wp-json\/wp\/v2\/media?parent=2096"}],"wp:term":[{"taxonomy":"product_cat","embeddable":true,"href":"https:\/\/end.pt\/pt\/wp-json\/wp\/v2\/product_cat?post=2096"},{"taxonomy":"product_tag","embeddable":true,"href":"https:\/\/end.pt\/pt\/wp-json\/wp\/v2\/product_tag?post=2096"}],"curies":[{"name":"wp","href":"https:\/\/api.w.org\/{rel}","templated":true}]}}