{"id":2112,"date":"2018-03-07T21:59:14","date_gmt":"2018-03-07T21:59:14","guid":{"rendered":"https:\/\/end.pt\/pt\/?post_type=product&#038;p=2112"},"modified":"2021-05-02T22:22:19","modified_gmt":"2021-05-02T22:22:19","slug":"gerador-de-campo-magnetico-ac-portatil-yoke-parker-modelo-b300s","status":"publish","type":"product","link":"https:\/\/end.pt\/pt\/product\/gerador-de-campo-magnetico-ac-portatil-yoke-parker-modelo-b300s\/","title":{"rendered":"Gerador de campo magn\u00e9tico AC port\u00e1til YOKE Parker, modelo B300S"},"content":{"rendered":"<p>Equipamento leve desenhado para efectuar inspec\u00e7\u00e3o por part\u00edculas magn\u00e9ticas rapidamente e com fiabilidade.<\/p>\n<p>Pernas articuladas e ajust\u00e1veis permitem a aplica\u00e7\u00e3o do campo AC directamente na \u00e1rea precisa a ser inspeccionada.<\/p>\n<p>Luz opcional Y-300 dispon\u00edvel a pedido.<\/p>\n<p>O equipamento \u00e9 fornecido num estojo de pl\u00e1stico (mala de transporte).<\/p>\n","protected":false},"excerpt":{"rendered":"<p>Equipamento leve desenhado para efectuar inspec\u00e7\u00e3o por part\u00edculas magn\u00e9ticas rapidamente e com fiabilidade. Pernas articuladas e ajust\u00e1veis permitem a aplica\u00e7\u00e3o do campo AC directamente na \u00e1rea precisa a ser inspeccionada. Luz opcional Y-300 dispon\u00edvel a pedido. O equipamento \u00e9 fornecido num estojo de pl\u00e1stico (mala de transporte).<\/p>\n","protected":false},"featured_media":2113,"template":"","meta":{"_mi_skip_tracking":false},"product_cat":[146,31],"product_tag":[],"class_list":["post-2112","product","type-product","status-publish","has-post-thumbnail","hentry","product_cat-equipamentos-portateis-yokes","product_cat-particulas-magneticas"],"_links":{"self":[{"href":"https:\/\/end.pt\/pt\/wp-json\/wp\/v3\/product\/2112","targetHints":{"allow":["GET"]}}],"collection":[{"href":"https:\/\/end.pt\/pt\/wp-json\/wp\/v3\/product"}],"about":[{"href":"https:\/\/end.pt\/pt\/wp-json\/wp\/v2\/types\/product"}],"version-history":[{"count":3,"href":"https:\/\/end.pt\/pt\/wp-json\/wp\/v3\/product\/2112\/revisions"}],"predecessor-version":[{"id":5315,"href":"https:\/\/end.pt\/pt\/wp-json\/wp\/v3\/product\/2112\/revisions\/5315"}],"wp:featuredmedia":[{"embeddable":true,"href":"https:\/\/end.pt\/pt\/wp-json\/wp\/v2\/media\/2113"}],"wp:attachment":[{"href":"https:\/\/end.pt\/pt\/wp-json\/wp\/v2\/media?parent=2112"}],"wp:term":[{"taxonomy":"product_cat","embeddable":true,"href":"https:\/\/end.pt\/pt\/wp-json\/wp\/v2\/product_cat?post=2112"},{"taxonomy":"product_tag","embeddable":true,"href":"https:\/\/end.pt\/pt\/wp-json\/wp\/v2\/product_tag?post=2112"}],"curies":[{"name":"wp","href":"https:\/\/api.w.org\/{rel}","templated":true}]}}