{"id":2114,"date":"2018-03-07T22:07:10","date_gmt":"2018-03-07T22:07:10","guid":{"rendered":"https:\/\/end.pt\/pt\/?post_type=product&#038;p=2114"},"modified":"2021-05-02T22:21:48","modified_gmt":"2021-05-02T22:21:48","slug":"gerador-de-campo-magnetico-portatil-ac-dc","status":"publish","type":"product","link":"https:\/\/end.pt\/pt\/product\/gerador-de-campo-magnetico-portatil-ac-dc\/","title":{"rendered":"Gerador de campo magn\u00e9tico port\u00e1til AC\/DC YOKE Parker modelo DA-200S"},"content":{"rendered":"<p>O modelo DA-200 \u00e9 um equipamento aut\u00f3nomo, robusto e port\u00e1til, desenhado para produzir um campo magn\u00e9tico poderoso em, ou dentro de, materiais ferro-magn\u00e9ticos, bem como fun\u00e7\u00f5es de desmagnetiza\u00e7\u00e3o.<\/p>\n<p>As fun\u00e7\u00f5es AC e DC s\u00e3o selecion\u00e1veis e embutidas num \u00fanico equipamento fi\u00e1vel.<\/p>\n<p>Utilizado em conjunto com p\u00f3s, ou l\u00edquidos magn\u00e9ticos fluorescentes ou v\u00edsiveis.<\/p>\n","protected":false},"excerpt":{"rendered":"<p>O modelo DA-200 \u00e9 um equipamento aut\u00f3nomo, robusto e port\u00e1til, desenhado para produzir um campo magn\u00e9tico poderoso em, ou dentro de, materiais ferro-magn\u00e9ticos, bem como fun\u00e7\u00f5es de desmagnetiza\u00e7\u00e3o. As fun\u00e7\u00f5es AC e DC s\u00e3o selecion\u00e1veis e embutidas num \u00fanico equipamento fi\u00e1vel. Utilizado em conjunto com p\u00f3s, ou l\u00edquidos magn\u00e9ticos fluorescentes ou v\u00edsiveis.<\/p>\n","protected":false},"featured_media":2115,"template":"","meta":{"_mi_skip_tracking":false},"product_cat":[146,31],"product_tag":[],"class_list":["post-2114","product","type-product","status-publish","has-post-thumbnail","hentry","product_cat-equipamentos-portateis-yokes","product_cat-particulas-magneticas"],"_links":{"self":[{"href":"https:\/\/end.pt\/pt\/wp-json\/wp\/v3\/product\/2114","targetHints":{"allow":["GET"]}}],"collection":[{"href":"https:\/\/end.pt\/pt\/wp-json\/wp\/v3\/product"}],"about":[{"href":"https:\/\/end.pt\/pt\/wp-json\/wp\/v2\/types\/product"}],"version-history":[{"count":3,"href":"https:\/\/end.pt\/pt\/wp-json\/wp\/v3\/product\/2114\/revisions"}],"predecessor-version":[{"id":5314,"href":"https:\/\/end.pt\/pt\/wp-json\/wp\/v3\/product\/2114\/revisions\/5314"}],"wp:featuredmedia":[{"embeddable":true,"href":"https:\/\/end.pt\/pt\/wp-json\/wp\/v2\/media\/2115"}],"wp:attachment":[{"href":"https:\/\/end.pt\/pt\/wp-json\/wp\/v2\/media?parent=2114"}],"wp:term":[{"taxonomy":"product_cat","embeddable":true,"href":"https:\/\/end.pt\/pt\/wp-json\/wp\/v2\/product_cat?post=2114"},{"taxonomy":"product_tag","embeddable":true,"href":"https:\/\/end.pt\/pt\/wp-json\/wp\/v2\/product_tag?post=2114"}],"curies":[{"name":"wp","href":"https:\/\/api.w.org\/{rel}","templated":true}]}}