{"id":2118,"date":"2018-03-07T22:16:34","date_gmt":"2018-03-07T22:16:34","guid":{"rendered":"https:\/\/end.pt\/pt\/?post_type=product&#038;p=2118"},"modified":"2021-05-02T22:19:45","modified_gmt":"2021-05-02T22:19:45","slug":"equipamento-de-magnetoscopia-portatil-2","status":"publish","type":"product","link":"https:\/\/end.pt\/pt\/product\/equipamento-de-magnetoscopia-portatil-2\/","title":{"rendered":"Equipamento de magnetoscopia port\u00e1til"},"content":{"rendered":"<h2 style=\"text-align: center;\"><span style=\"color: #000080;\"><strong><span class=\"nome\">Cigiemme, ref.\u00aa 58 CA<\/span><\/strong><\/span><\/h2>\n<p>Esta unidade inclui o yoke cigiemme, ref,\u00aa 58.8.<\/p>\n<p>Um transformador de alimenta\u00e7\u00e3o e isolante 220\/24-0-24v \u2013 ref\u00aa 56-5 para alimenta\u00e7\u00e3o C.A.<\/p>\n<p>Esta unidade \u00e9 alimentada \u00e1 rede de 220v; e transforma a corrente de 220v para 24v que entra no Yoke em C.A.<\/p>\n","protected":false},"excerpt":{"rendered":"<p>Cigiemme, ref.\u00aa 58 CA Esta unidade inclui o yoke cigiemme, ref,\u00aa 58.8. Um transformador de alimenta\u00e7\u00e3o e isolante 220\/24-0-24v \u2013 ref\u00aa 56-5 para alimenta\u00e7\u00e3o C.A. Esta unidade \u00e9 alimentada \u00e1 rede de 220v; e transforma a corrente de 220v para 24v que entra no Yoke em C.A.<\/p>\n","protected":false},"featured_media":2119,"template":"","meta":{"_mi_skip_tracking":false},"product_cat":[32,31,102],"product_tag":[],"class_list":["post-2118","product","type-product","status-publish","has-post-thumbnail","hentry","product_cat-equipamentos","product_cat-particulas-magneticas","product_cat-yoke-electroiman"],"_links":{"self":[{"href":"https:\/\/end.pt\/pt\/wp-json\/wp\/v3\/product\/2118","targetHints":{"allow":["GET"]}}],"collection":[{"href":"https:\/\/end.pt\/pt\/wp-json\/wp\/v3\/product"}],"about":[{"href":"https:\/\/end.pt\/pt\/wp-json\/wp\/v2\/types\/product"}],"version-history":[{"count":1,"href":"https:\/\/end.pt\/pt\/wp-json\/wp\/v3\/product\/2118\/revisions"}],"predecessor-version":[{"id":5312,"href":"https:\/\/end.pt\/pt\/wp-json\/wp\/v3\/product\/2118\/revisions\/5312"}],"wp:featuredmedia":[{"embeddable":true,"href":"https:\/\/end.pt\/pt\/wp-json\/wp\/v2\/media\/2119"}],"wp:attachment":[{"href":"https:\/\/end.pt\/pt\/wp-json\/wp\/v2\/media?parent=2118"}],"wp:term":[{"taxonomy":"product_cat","embeddable":true,"href":"https:\/\/end.pt\/pt\/wp-json\/wp\/v2\/product_cat?post=2118"},{"taxonomy":"product_tag","embeddable":true,"href":"https:\/\/end.pt\/pt\/wp-json\/wp\/v2\/product_tag?post=2118"}],"curies":[{"name":"wp","href":"https:\/\/api.w.org\/{rel}","templated":true}]}}