{"id":2120,"date":"2018-03-07T22:19:43","date_gmt":"2018-03-07T22:19:43","guid":{"rendered":"https:\/\/end.pt\/pt\/?post_type=product&#038;p=2120"},"modified":"2021-05-02T22:19:16","modified_gmt":"2021-05-02T22:19:16","slug":"equipamento-de-magnetoscopia-portatil-3","status":"publish","type":"product","link":"https:\/\/end.pt\/pt\/product\/equipamento-de-magnetoscopia-portatil-3\/","title":{"rendered":"Equipamento de magnetoscopia port\u00e1til"},"content":{"rendered":"<h2 style=\"text-align: center;\"><span style=\"color: #000080;\"><strong><span class=\"nome\">Cigiemme, ref,\u00aa 58 CA\/CC<\/span><\/strong><\/span><\/h2>\n<p>Esta unidade inclui o yoke Cigiemme, ref.\u00aa 58.8 para trabalhar com 24-0-24V, unidade de controle e comando ref\u00aa 56-6 para alimenta\u00e7\u00e3o CA\/CC.<\/p>\n<p>Esta unidade alimentada \u00e0 rede de 220V, possui um comutador para mudan\u00e7a da corrente para o yoke.<\/p>\n<p>Corrente continua (semi-onda rectificada) para detec\u00e7\u00e3o de defeitos mais em profundidade e corrente alterna mais pr\u00f3pria para detec\u00e7\u00e3o de defeitos mais superficiais.<\/p>\n","protected":false},"excerpt":{"rendered":"<p>Cigiemme, ref,\u00aa 58 CA\/CC Esta unidade inclui o yoke Cigiemme, ref.\u00aa 58.8 para trabalhar com 24-0-24V, unidade de controle e comando ref\u00aa 56-6 para alimenta\u00e7\u00e3o CA\/CC. Esta unidade alimentada \u00e0 rede de 220V, possui um comutador para mudan\u00e7a da corrente para o yoke. Corrente continua (semi-onda rectificada) para detec\u00e7\u00e3o de defeitos mais em profundidade e [&hellip;]<\/p>\n","protected":false},"featured_media":2121,"template":"","meta":{"_mi_skip_tracking":false},"product_cat":[32,31,102],"product_tag":[],"class_list":["post-2120","product","type-product","status-publish","has-post-thumbnail","hentry","product_cat-equipamentos","product_cat-particulas-magneticas","product_cat-yoke-electroiman"],"_links":{"self":[{"href":"https:\/\/end.pt\/pt\/wp-json\/wp\/v3\/product\/2120","targetHints":{"allow":["GET"]}}],"collection":[{"href":"https:\/\/end.pt\/pt\/wp-json\/wp\/v3\/product"}],"about":[{"href":"https:\/\/end.pt\/pt\/wp-json\/wp\/v2\/types\/product"}],"version-history":[{"count":1,"href":"https:\/\/end.pt\/pt\/wp-json\/wp\/v3\/product\/2120\/revisions"}],"predecessor-version":[{"id":5311,"href":"https:\/\/end.pt\/pt\/wp-json\/wp\/v3\/product\/2120\/revisions\/5311"}],"wp:featuredmedia":[{"embeddable":true,"href":"https:\/\/end.pt\/pt\/wp-json\/wp\/v2\/media\/2121"}],"wp:attachment":[{"href":"https:\/\/end.pt\/pt\/wp-json\/wp\/v2\/media?parent=2120"}],"wp:term":[{"taxonomy":"product_cat","embeddable":true,"href":"https:\/\/end.pt\/pt\/wp-json\/wp\/v2\/product_cat?post=2120"},{"taxonomy":"product_tag","embeddable":true,"href":"https:\/\/end.pt\/pt\/wp-json\/wp\/v2\/product_tag?post=2120"}],"curies":[{"name":"wp","href":"https:\/\/api.w.org\/{rel}","templated":true}]}}