{"id":2124,"date":"2018-03-07T22:25:50","date_gmt":"2018-03-07T22:25:50","guid":{"rendered":"https:\/\/end.pt\/pt\/?post_type=product&#038;p=2124"},"modified":"2021-05-02T22:17:56","modified_gmt":"2021-05-02T22:17:56","slug":"gerador-de-campo-magnetico-portatil-ac-dc-portatil","status":"publish","type":"product","link":"https:\/\/end.pt\/pt\/product\/gerador-de-campo-magnetico-portatil-ac-dc-portatil\/","title":{"rendered":"Gerador de campo magn\u00e9tico port\u00e1til AC\/DC Parker modelo UW (Under Water)"},"content":{"rendered":"<p>Equipamento leve desenhado para efectuar inspec\u00e7\u00e3o por part\u00edculas magn\u00e9ticas rapidamente e com fiabilidade debaixo de \u00e1gua.<\/p>\n<p>Pernas articuladas e ajust\u00e1veis permitem a aplica\u00e7\u00e3o do campo AC directamente na \u00e1rea precisa a ser inspeccionada.<\/p>\n<p>As sec\u00e7\u00f5es das pernas est\u00e3o seladas para impedir a migra\u00e7\u00e3o da \u00e1gua para dentro da unidade.<\/p>\n","protected":false},"excerpt":{"rendered":"<p>Equipamento leve desenhado para efectuar inspec\u00e7\u00e3o por part\u00edculas magn\u00e9ticas rapidamente e com fiabilidade debaixo de \u00e1gua. Pernas articuladas e ajust\u00e1veis permitem a aplica\u00e7\u00e3o do campo AC directamente na \u00e1rea precisa a ser inspeccionada. As sec\u00e7\u00f5es das pernas est\u00e3o seladas para impedir a migra\u00e7\u00e3o da \u00e1gua para dentro da unidade.<\/p>\n","protected":false},"featured_media":2125,"template":"","meta":{"_mi_skip_tracking":false},"product_cat":[146,31],"product_tag":[],"class_list":["post-2124","product","type-product","status-publish","has-post-thumbnail","hentry","product_cat-equipamentos-portateis-yokes","product_cat-particulas-magneticas"],"_links":{"self":[{"href":"https:\/\/end.pt\/pt\/wp-json\/wp\/v3\/product\/2124","targetHints":{"allow":["GET"]}}],"collection":[{"href":"https:\/\/end.pt\/pt\/wp-json\/wp\/v3\/product"}],"about":[{"href":"https:\/\/end.pt\/pt\/wp-json\/wp\/v2\/types\/product"}],"version-history":[{"count":3,"href":"https:\/\/end.pt\/pt\/wp-json\/wp\/v3\/product\/2124\/revisions"}],"predecessor-version":[{"id":5309,"href":"https:\/\/end.pt\/pt\/wp-json\/wp\/v3\/product\/2124\/revisions\/5309"}],"wp:featuredmedia":[{"embeddable":true,"href":"https:\/\/end.pt\/pt\/wp-json\/wp\/v2\/media\/2125"}],"wp:attachment":[{"href":"https:\/\/end.pt\/pt\/wp-json\/wp\/v2\/media?parent=2124"}],"wp:term":[{"taxonomy":"product_cat","embeddable":true,"href":"https:\/\/end.pt\/pt\/wp-json\/wp\/v2\/product_cat?post=2124"},{"taxonomy":"product_tag","embeddable":true,"href":"https:\/\/end.pt\/pt\/wp-json\/wp\/v2\/product_tag?post=2124"}],"curies":[{"name":"wp","href":"https:\/\/api.w.org\/{rel}","templated":true}]}}