{"id":2130,"date":"2018-03-07T22:37:40","date_gmt":"2018-03-07T22:37:40","guid":{"rendered":"https:\/\/end.pt\/pt\/?post_type=product&#038;p=2130"},"modified":"2021-05-02T22:16:47","modified_gmt":"2021-05-02T22:16:47","slug":"equipamento-de-magnetoscopia-portatil-5","status":"publish","type":"product","link":"https:\/\/end.pt\/pt\/product\/equipamento-de-magnetoscopia-portatil-5\/","title":{"rendered":"Equipamento de magnetoscopia port\u00e1til Modelo JAM"},"content":{"rendered":"<p>Imane permanente \u201con site\u201d ideal, que permite uma boa e f\u00e1cil visualiza\u00e7\u00e3o das \u00e1reas de inspec\u00e7\u00e3o.Fornecido com certificado, \u00e9 capaz de levantar mais de 18kg, ajuste universal dos p\u00e9s e bra\u00e7os.<\/p>\n<p>Peso sem placa de 2.7 kg.<\/p>\n","protected":false},"excerpt":{"rendered":"<p>Imane permanente \u201con site\u201d ideal, que permite uma boa e f\u00e1cil visualiza\u00e7\u00e3o das \u00e1reas de inspec\u00e7\u00e3o.Fornecido com certificado, \u00e9 capaz de levantar mais de 18kg, ajuste universal dos p\u00e9s e bra\u00e7os. Peso sem placa de 2.7 kg.<\/p>\n","protected":false},"featured_media":4146,"template":"","meta":{"_mi_skip_tracking":false},"product_cat":[146,31],"product_tag":[],"class_list":["post-2130","product","type-product","status-publish","has-post-thumbnail","hentry","product_cat-equipamentos-portateis-yokes","product_cat-particulas-magneticas"],"_links":{"self":[{"href":"https:\/\/end.pt\/pt\/wp-json\/wp\/v3\/product\/2130","targetHints":{"allow":["GET"]}}],"collection":[{"href":"https:\/\/end.pt\/pt\/wp-json\/wp\/v3\/product"}],"about":[{"href":"https:\/\/end.pt\/pt\/wp-json\/wp\/v2\/types\/product"}],"version-history":[{"count":2,"href":"https:\/\/end.pt\/pt\/wp-json\/wp\/v3\/product\/2130\/revisions"}],"predecessor-version":[{"id":5306,"href":"https:\/\/end.pt\/pt\/wp-json\/wp\/v3\/product\/2130\/revisions\/5306"}],"wp:featuredmedia":[{"embeddable":true,"href":"https:\/\/end.pt\/pt\/wp-json\/wp\/v2\/media\/4146"}],"wp:attachment":[{"href":"https:\/\/end.pt\/pt\/wp-json\/wp\/v2\/media?parent=2130"}],"wp:term":[{"taxonomy":"product_cat","embeddable":true,"href":"https:\/\/end.pt\/pt\/wp-json\/wp\/v2\/product_cat?post=2130"},{"taxonomy":"product_tag","embeddable":true,"href":"https:\/\/end.pt\/pt\/wp-json\/wp\/v2\/product_tag?post=2130"}],"curies":[{"name":"wp","href":"https:\/\/api.w.org\/{rel}","templated":true}]}}