{"id":2132,"date":"2018-03-07T22:41:37","date_gmt":"2018-03-07T22:41:37","guid":{"rendered":"https:\/\/end.pt\/pt\/?post_type=product&#038;p=2132"},"modified":"2021-05-02T22:16:08","modified_gmt":"2021-05-02T22:16:08","slug":"equipamento-de-magnetoscopia-portatil-6","status":"publish","type":"product","link":"https:\/\/end.pt\/pt\/product\/equipamento-de-magnetoscopia-portatil-6\/","title":{"rendered":"Equipamento de magnetoscopia port\u00e1til Parker, modelo PM50"},"content":{"rendered":"<p>Conjunto \u00cdman permanente PM50 separado ou num conjunto com mala, p\u00f3s magn\u00e9ticos e pulverizador.<\/p>\n","protected":false},"excerpt":{"rendered":"<p>Conjunto \u00cdman permanente PM50 separado ou num conjunto com mala, p\u00f3s magn\u00e9ticos e pulverizador.<\/p>\n","protected":false},"featured_media":4149,"template":"","meta":{"_mi_skip_tracking":false},"product_cat":[146,31],"product_tag":[],"class_list":["post-2132","product","type-product","status-publish","has-post-thumbnail","hentry","product_cat-equipamentos-portateis-yokes","product_cat-particulas-magneticas"],"_links":{"self":[{"href":"https:\/\/end.pt\/pt\/wp-json\/wp\/v3\/product\/2132","targetHints":{"allow":["GET"]}}],"collection":[{"href":"https:\/\/end.pt\/pt\/wp-json\/wp\/v3\/product"}],"about":[{"href":"https:\/\/end.pt\/pt\/wp-json\/wp\/v2\/types\/product"}],"version-history":[{"count":3,"href":"https:\/\/end.pt\/pt\/wp-json\/wp\/v3\/product\/2132\/revisions"}],"predecessor-version":[{"id":5305,"href":"https:\/\/end.pt\/pt\/wp-json\/wp\/v3\/product\/2132\/revisions\/5305"}],"wp:featuredmedia":[{"embeddable":true,"href":"https:\/\/end.pt\/pt\/wp-json\/wp\/v2\/media\/4149"}],"wp:attachment":[{"href":"https:\/\/end.pt\/pt\/wp-json\/wp\/v2\/media?parent=2132"}],"wp:term":[{"taxonomy":"product_cat","embeddable":true,"href":"https:\/\/end.pt\/pt\/wp-json\/wp\/v2\/product_cat?post=2132"},{"taxonomy":"product_tag","embeddable":true,"href":"https:\/\/end.pt\/pt\/wp-json\/wp\/v2\/product_tag?post=2132"}],"curies":[{"name":"wp","href":"https:\/\/api.w.org\/{rel}","templated":true}]}}