{"id":2134,"date":"2018-03-07T22:45:17","date_gmt":"2018-03-07T22:45:17","guid":{"rendered":"https:\/\/end.pt\/pt\/?post_type=product&#038;p=2134"},"modified":"2021-05-02T22:15:15","modified_gmt":"2021-05-02T22:15:15","slug":"geradores-de-campo-electromagnetico-transportaveis","status":"publish","type":"product","link":"https:\/\/end.pt\/pt\/product\/geradores-de-campo-electromagnetico-transportaveis\/","title":{"rendered":"Geradores de campo electromagn\u00e9tico transport\u00e1veis (Cigiemme, modelo MagiScop)"},"content":{"rendered":"<p>Os geradores eletromagn\u00e9ticos de \u00faltima gera\u00e7\u00e3o MAGISCOP da Cigiemme est\u00e3o dispon\u00edveis numa vers\u00e3o mais pequena e port\u00e1til, bem como numa vers\u00e3o de maior pot\u00eancia, equipados com rodas para facilitar o transporte.<\/p>\n<p>Os geradores MAGISCOP s\u00e3o controlados electricamente por m\u00f3dulos. A predisposi\u00e7\u00e3o, o lan\u00e7amento e o desligamento da corrente de magnetiza\u00e7\u00e3o s\u00e3o obtidos por tir\u00edstores. O tempo de pulso e a corrente de magnetiza\u00e7\u00e3o s\u00e3o pr\u00e9-ajust\u00e1veis atrav\u00e9s do temporizador electr\u00f3nico e do potenci\u00f3metro.<\/p>\n<p>Fornecemos dois tipos de geradores: &#8220;Yard&#8221; e &#8220;New&#8221;. Na vers\u00e3o Yard, a altern\u00e2ncia entre corrente AC e CC ocorre manualmente, movendo o cabo do contacto AC para o DC. Na vers\u00e3o \u201cNew\u201d, a troca ocorre utilizando um selector e \u00e9 gerida automaticamente pelo gerador. Al\u00e9m disso, no tipo \u201cNew\u201d, a desmagnetiza\u00e7\u00e3o pode ocorrer electronicamente de modo autom\u00e1tico, diminuindo para zero em AC e com invers\u00e3o de polaridade em DC.<\/p>\n<p>Os geradores MAGISCOP s\u00e3o \u00e0 prova de curto-circuito e s\u00e3o protegidos contra respingos de l\u00edquidos e infiltra\u00e7\u00f5es de p\u00f3s, para trabalhar com seguran\u00e7a em qualquer ambiente industrial.<\/p>\n<p>A gama de pot\u00eancia dos geradores electromagn\u00e9ticos come\u00e7a em 1.000 A at\u00e9 10.000 A em AC \/ DC. Maiores pot\u00eancias a pedido.<\/p>\n<p>Certifica\u00e7\u00e3o CE e realizado de acordo com as regras em vigor.<\/p>\n","protected":false},"excerpt":{"rendered":"<p>Os geradores eletromagn\u00e9ticos de \u00faltima gera\u00e7\u00e3o MAGISCOP da Cigiemme est\u00e3o dispon\u00edveis numa vers\u00e3o mais pequena e port\u00e1til, bem como numa vers\u00e3o de maior pot\u00eancia, equipados com rodas para facilitar o transporte. Os geradores MAGISCOP s\u00e3o controlados electricamente por m\u00f3dulos. A predisposi\u00e7\u00e3o, o lan\u00e7amento e o desligamento da corrente de magnetiza\u00e7\u00e3o s\u00e3o obtidos por tir\u00edstores. O [&hellip;]<\/p>\n","protected":false},"featured_media":2135,"template":"","meta":{"_mi_skip_tracking":false},"product_cat":[31,147],"product_tag":[],"class_list":["post-2134","product","type-product","status-publish","has-post-thumbnail","hentry","product_cat-particulas-magneticas","product_cat-sistemas-fixos-transportaveis"],"_links":{"self":[{"href":"https:\/\/end.pt\/pt\/wp-json\/wp\/v3\/product\/2134","targetHints":{"allow":["GET"]}}],"collection":[{"href":"https:\/\/end.pt\/pt\/wp-json\/wp\/v3\/product"}],"about":[{"href":"https:\/\/end.pt\/pt\/wp-json\/wp\/v2\/types\/product"}],"version-history":[{"count":3,"href":"https:\/\/end.pt\/pt\/wp-json\/wp\/v3\/product\/2134\/revisions"}],"predecessor-version":[{"id":5304,"href":"https:\/\/end.pt\/pt\/wp-json\/wp\/v3\/product\/2134\/revisions\/5304"}],"wp:featuredmedia":[{"embeddable":true,"href":"https:\/\/end.pt\/pt\/wp-json\/wp\/v2\/media\/2135"}],"wp:attachment":[{"href":"https:\/\/end.pt\/pt\/wp-json\/wp\/v2\/media?parent=2134"}],"wp:term":[{"taxonomy":"product_cat","embeddable":true,"href":"https:\/\/end.pt\/pt\/wp-json\/wp\/v2\/product_cat?post=2134"},{"taxonomy":"product_tag","embeddable":true,"href":"https:\/\/end.pt\/pt\/wp-json\/wp\/v2\/product_tag?post=2134"}],"curies":[{"name":"wp","href":"https:\/\/api.w.org\/{rel}","templated":true}]}}