{"id":2136,"date":"2018-03-07T22:59:14","date_gmt":"2018-03-07T22:59:14","guid":{"rendered":"https:\/\/end.pt\/pt\/?post_type=product&#038;p=2136"},"modified":"2021-05-02T22:14:44","modified_gmt":"2021-05-02T22:14:44","slug":"tunel-de-desmagnetizacao","status":"publish","type":"product","link":"https:\/\/end.pt\/pt\/product\/tunel-de-desmagnetizacao\/","title":{"rendered":"T\u00fanel de desmagnetiza\u00e7\u00e3o"},"content":{"rendered":"<h2>Cigiemme, modelo fixo<\/h2>\n<p><strong>T\u00fanel 1200&#215;1000 aplica\u00e7\u00e3o aeron\u00e1utica.<\/strong><\/p>\n","protected":false},"excerpt":{"rendered":"<p>Cigiemme, modelo fixo T\u00fanel 1200&#215;1000 aplica\u00e7\u00e3o aeron\u00e1utica.<\/p>\n","protected":false},"featured_media":2137,"template":"","meta":{"_mi_skip_tracking":false},"product_cat":[32,31,105],"product_tag":[],"class_list":["post-2136","product","type-product","status-publish","has-post-thumbnail","hentry","product_cat-equipamentos","product_cat-particulas-magneticas","product_cat-sistemas-magnetoscopia-fixos"],"_links":{"self":[{"href":"https:\/\/end.pt\/pt\/wp-json\/wp\/v3\/product\/2136","targetHints":{"allow":["GET"]}}],"collection":[{"href":"https:\/\/end.pt\/pt\/wp-json\/wp\/v3\/product"}],"about":[{"href":"https:\/\/end.pt\/pt\/wp-json\/wp\/v2\/types\/product"}],"version-history":[{"count":1,"href":"https:\/\/end.pt\/pt\/wp-json\/wp\/v3\/product\/2136\/revisions"}],"predecessor-version":[{"id":5303,"href":"https:\/\/end.pt\/pt\/wp-json\/wp\/v3\/product\/2136\/revisions\/5303"}],"wp:featuredmedia":[{"embeddable":true,"href":"https:\/\/end.pt\/pt\/wp-json\/wp\/v2\/media\/2137"}],"wp:attachment":[{"href":"https:\/\/end.pt\/pt\/wp-json\/wp\/v2\/media?parent=2136"}],"wp:term":[{"taxonomy":"product_cat","embeddable":true,"href":"https:\/\/end.pt\/pt\/wp-json\/wp\/v2\/product_cat?post=2136"},{"taxonomy":"product_tag","embeddable":true,"href":"https:\/\/end.pt\/pt\/wp-json\/wp\/v2\/product_tag?post=2136"}],"curies":[{"name":"wp","href":"https:\/\/api.w.org\/{rel}","templated":true}]}}