{"id":2138,"date":"2018-03-07T23:02:31","date_gmt":"2018-03-07T23:02:31","guid":{"rendered":"https:\/\/end.pt\/pt\/?post_type=product&#038;p=2138"},"modified":"2021-05-02T22:14:15","modified_gmt":"2021-05-02T22:14:15","slug":"tunel-de-desmagnetizacao-2","status":"publish","type":"product","link":"https:\/\/end.pt\/pt\/product\/tunel-de-desmagnetizacao-2\/","title":{"rendered":"T\u00fanel de desmagnetiza\u00e7\u00e3o"},"content":{"rendered":"<h2>Cigiemme, modelo fixo<\/h2>\n<p><strong>Movimento manual com banco mov\u00edvel.<\/strong><\/p>\n","protected":false},"excerpt":{"rendered":"<p>Cigiemme, modelo fixo Movimento manual com banco mov\u00edvel.<\/p>\n","protected":false},"featured_media":2139,"template":"","meta":{"_mi_skip_tracking":false},"product_cat":[32,31,105],"product_tag":[],"class_list":["post-2138","product","type-product","status-publish","has-post-thumbnail","hentry","product_cat-equipamentos","product_cat-particulas-magneticas","product_cat-sistemas-magnetoscopia-fixos"],"_links":{"self":[{"href":"https:\/\/end.pt\/pt\/wp-json\/wp\/v3\/product\/2138","targetHints":{"allow":["GET"]}}],"collection":[{"href":"https:\/\/end.pt\/pt\/wp-json\/wp\/v3\/product"}],"about":[{"href":"https:\/\/end.pt\/pt\/wp-json\/wp\/v2\/types\/product"}],"version-history":[{"count":1,"href":"https:\/\/end.pt\/pt\/wp-json\/wp\/v3\/product\/2138\/revisions"}],"predecessor-version":[{"id":5302,"href":"https:\/\/end.pt\/pt\/wp-json\/wp\/v3\/product\/2138\/revisions\/5302"}],"wp:featuredmedia":[{"embeddable":true,"href":"https:\/\/end.pt\/pt\/wp-json\/wp\/v2\/media\/2139"}],"wp:attachment":[{"href":"https:\/\/end.pt\/pt\/wp-json\/wp\/v2\/media?parent=2138"}],"wp:term":[{"taxonomy":"product_cat","embeddable":true,"href":"https:\/\/end.pt\/pt\/wp-json\/wp\/v2\/product_cat?post=2138"},{"taxonomy":"product_tag","embeddable":true,"href":"https:\/\/end.pt\/pt\/wp-json\/wp\/v2\/product_tag?post=2138"}],"curies":[{"name":"wp","href":"https:\/\/api.w.org\/{rel}","templated":true}]}}