{"id":2140,"date":"2018-03-07T23:04:42","date_gmt":"2018-03-07T23:04:42","guid":{"rendered":"https:\/\/end.pt\/pt\/?post_type=product&#038;p=2140"},"modified":"2021-05-02T22:13:43","modified_gmt":"2021-05-02T22:13:43","slug":"tunel-de-desmagnetizacao-3","status":"publish","type":"product","link":"https:\/\/end.pt\/pt\/product\/tunel-de-desmagnetizacao-3\/","title":{"rendered":"T\u00fanel de desmagnetiza\u00e7\u00e3o"},"content":{"rendered":"<h2>Cigiemme, modelo fixo<\/h2>\n<p><strong>Movimento autom\u00e1tico de componentes de autom\u00f3veis.<\/strong><\/p>\n","protected":false},"excerpt":{"rendered":"<p>Cigiemme, modelo fixo Movimento autom\u00e1tico de componentes de autom\u00f3veis.<\/p>\n","protected":false},"featured_media":2141,"template":"","meta":{"_mi_skip_tracking":false},"product_cat":[32,31,105],"product_tag":[],"class_list":["post-2140","product","type-product","status-publish","has-post-thumbnail","hentry","product_cat-equipamentos","product_cat-particulas-magneticas","product_cat-sistemas-magnetoscopia-fixos"],"_links":{"self":[{"href":"https:\/\/end.pt\/pt\/wp-json\/wp\/v3\/product\/2140","targetHints":{"allow":["GET"]}}],"collection":[{"href":"https:\/\/end.pt\/pt\/wp-json\/wp\/v3\/product"}],"about":[{"href":"https:\/\/end.pt\/pt\/wp-json\/wp\/v2\/types\/product"}],"version-history":[{"count":1,"href":"https:\/\/end.pt\/pt\/wp-json\/wp\/v3\/product\/2140\/revisions"}],"predecessor-version":[{"id":5301,"href":"https:\/\/end.pt\/pt\/wp-json\/wp\/v3\/product\/2140\/revisions\/5301"}],"wp:featuredmedia":[{"embeddable":true,"href":"https:\/\/end.pt\/pt\/wp-json\/wp\/v2\/media\/2141"}],"wp:attachment":[{"href":"https:\/\/end.pt\/pt\/wp-json\/wp\/v2\/media?parent=2140"}],"wp:term":[{"taxonomy":"product_cat","embeddable":true,"href":"https:\/\/end.pt\/pt\/wp-json\/wp\/v2\/product_cat?post=2140"},{"taxonomy":"product_tag","embeddable":true,"href":"https:\/\/end.pt\/pt\/wp-json\/wp\/v2\/product_tag?post=2140"}],"curies":[{"name":"wp","href":"https:\/\/api.w.org\/{rel}","templated":true}]}}