{"id":2144,"date":"2018-03-07T23:11:35","date_gmt":"2018-03-07T23:11:35","guid":{"rendered":"https:\/\/end.pt\/pt\/?post_type=product&#038;p=2144"},"modified":"2018-03-07T23:17:35","modified_gmt":"2018-03-07T23:17:35","slug":"consumiveis-para-ensaios-por-particulas-magneticas","status":"publish","type":"product","link":"https:\/\/end.pt\/pt\/product\/consumiveis-para-ensaios-por-particulas-magneticas\/","title":{"rendered":"Consum\u00edveis para ensaios por Part\u00edculas Magn\u00e9ticas"},"content":{"rendered":"<table width=\"603\">\n<thead>\n<tr>\n<td width=\"79\"><em><strong><span style=\"color: #0000ff;\">C\u00f3digo<\/span><\/strong><\/em><\/td>\n<td width=\"65\"><em><strong><span style=\"color: #0000ff;\">Ref.<\/span><\/strong><\/em><\/td>\n<td width=\"196\"><em><span style=\"color: #0000ff;\"><strong>COR<\/strong><\/span><\/em><\/td>\n<td width=\"147\"><span style=\"color: #0000ff;\"><strong><em>TIPO<\/em><\/strong><\/span><\/td>\n<td width=\"116\"><span style=\"color: #0000ff;\"><em><strong>SOLU\u00c7\u00c3O<\/strong><\/em><\/span><\/td>\n<\/tr>\n<\/thead>\n<tbody>\n<tr>\n<td colspan=\"5\" width=\"603\"><span style=\"color: #ff6600;\"><strong>PART\u00cdCULAS VIA H\u00daMIDA (VIS\u00cdVEIS \u00c0 LUZ NATURAL)<\/strong><\/span><\/td>\n<\/tr>\n<tr>\n<td width=\"79\">101025<\/td>\n<td width=\"65\">K.35<\/td>\n<td width=\"196\">Negro<\/td>\n<td width=\"147\">Kerosenoil<\/td>\n<td width=\"116\">5 g\/L<\/td>\n<\/tr>\n<tr>\n<td width=\"79\">101026<\/td>\n<td width=\"65\">K.37<\/td>\n<td width=\"196\">Vermelho<\/td>\n<td width=\"147\">Kerosenoil<\/td>\n<td width=\"116\">5 g\/L<\/td>\n<\/tr>\n<tr>\n<td width=\"79\">101364<\/td>\n<td width=\"65\">A.35<\/td>\n<td width=\"196\">Negro<\/td>\n<td width=\"147\">Dilui\u00e7\u00e3o em \u00e1gua<\/td>\n<td width=\"116\">15 g\/L<\/td>\n<\/tr>\n<tr>\n<td width=\"79\">101041<\/td>\n<td width=\"65\">A.37<\/td>\n<td width=\"196\">Vermelho<\/td>\n<td width=\"147\">Dilui\u00e7\u00e3o em \u00e1gua<\/td>\n<td width=\"116\">15 g\/L<\/td>\n<\/tr>\n<tr>\n<td width=\"79\">101030<\/td>\n<td width=\"65\">LK.35S<\/td>\n<td width=\"196\">Negro<\/td>\n<td width=\"147\">L\u00edquido<\/td>\n<td width=\"116\">Spray 400 cm<sup>3<\/sup><\/td>\n<\/tr>\n<tr>\n<td width=\"79\">101031<\/td>\n<td width=\"65\">LK.35T<\/td>\n<td width=\"196\">Negro<\/td>\n<td width=\"147\">L\u00edquido<\/td>\n<td width=\"116\">5 L<\/td>\n<\/tr>\n<tr>\n<td width=\"79\">101032<\/td>\n<td width=\"65\">LK.37T<\/td>\n<td width=\"196\">Vermelho<\/td>\n<td width=\"147\">L\u00edquido<\/td>\n<td width=\"116\">5 L<\/td>\n<\/tr>\n<tr>\n<td colspan=\"5\" width=\"603\"><span style=\"color: #ff6600;\"><strong>PART\u00cdCULAS VIA H\u00daMIDA (FLUORESCENTES)<\/strong><\/span><\/td>\n<\/tr>\n<tr>\n<td width=\"79\">101024<\/td>\n<td width=\"65\">K.31<\/td>\n<td width=\"196\">Castanho (fl. amarelo)<\/td>\n<td width=\"147\">Kerosenoil<\/td>\n<td width=\"116\">0.5 g\/L<\/td>\n<\/tr>\n<tr>\n<td width=\"79\">101023<\/td>\n<td width=\"65\">K.33<\/td>\n<td width=\"196\">Verde (fl. esmeralda)<\/td>\n<td width=\"147\">Kerosenoil<\/td>\n<td width=\"116\">0.3 g\/L<\/td>\n<\/tr>\n<tr>\n<td width=\"79\">101039<\/td>\n<td width=\"65\">PAD 3173\/50<\/td>\n<td width=\"196\">Castanho<\/td>\n<td width=\"147\">Dilui\u00e7\u00e3o em \u00e1gua<\/td>\n<td width=\"116\">10 ml\/L<\/td>\n<\/tr>\n<tr>\n<td width=\"79\">101040<\/td>\n<td width=\"65\">A.33<\/td>\n<td width=\"196\">Verde<\/td>\n<td width=\"147\">Dilui\u00e7\u00e3o em \u00e1gua<\/td>\n<td width=\"116\">10 g\/L<\/td>\n<\/tr>\n<tr>\n<td width=\"79\">101027<\/td>\n<td width=\"65\">LK.31S<\/td>\n<td width=\"196\"><\/td>\n<td width=\"147\">L\u00edquido<\/td>\n<td width=\"116\">Spray 400 cm<sup>3<\/sup><\/td>\n<\/tr>\n<tr>\n<td width=\"79\">101028<\/td>\n<td width=\"65\">LK.31T<\/td>\n<td width=\"196\"><\/td>\n<td width=\"147\">L\u00edquido<\/td>\n<td width=\"116\">5 L<\/td>\n<\/tr>\n<tr>\n<td colspan=\"5\" width=\"603\"><span style=\"color: #ff6600;\"><strong>PART\u00cdCULAS VIA SECA<\/strong><\/span><\/td>\n<\/tr>\n<tr>\n<td width=\"79\">101033<\/td>\n<td width=\"65\">P4.10<\/td>\n<td width=\"196\">Cinzento atomizado<\/td>\n<td width=\"147\">P\u00f3<\/td>\n<td width=\"116\"><\/td>\n<\/tr>\n<tr>\n<td width=\"79\">101034<\/td>\n<td width=\"65\">P4.12<\/td>\n<td width=\"196\">Azul atomizado<\/td>\n<td width=\"147\">P\u00f3<\/td>\n<td width=\"116\"><\/td>\n<\/tr>\n<tr>\n<td width=\"79\">101035<\/td>\n<td width=\"65\">P4.14<\/td>\n<td width=\"196\">Vermelho atomizado<\/td>\n<td width=\"147\">P\u00f3<\/td>\n<td width=\"116\"><\/td>\n<\/tr>\n<tr>\n<td width=\"79\"><\/td>\n<td width=\"65\">P4.16<\/td>\n<td width=\"196\">Negro atomizado<\/td>\n<td width=\"147\">P\u00f3<\/td>\n<td width=\"116\"><\/td>\n<\/tr>\n<tr>\n<td width=\"79\">101036<\/td>\n<td width=\"65\">P4.18<\/td>\n<td width=\"196\">Amarelo atomizado<\/td>\n<td width=\"147\">P\u00f3<\/td>\n<td width=\"116\"><\/td>\n<\/tr>\n<tr>\n<td width=\"79\">101038<\/td>\n<td width=\"65\">P4.24<\/td>\n<td width=\"196\">Amarelo vivo atomizado<\/td>\n<td width=\"147\">P\u00f3<\/td>\n<td width=\"116\"><\/td>\n<\/tr>\n<tr>\n<td colspan=\"5\" width=\"603\"><span style=\"color: #ff6600;\"><strong>L\u00cdQUIDOS CONTRASTE<\/strong><\/span><\/td>\n<\/tr>\n<tr>\n<td width=\"79\">101053<\/td>\n<td width=\"65\">V.42S<\/td>\n<td width=\"196\"><\/td>\n<td width=\"147\">Laca VECOPLAST<\/td>\n<td width=\"116\">Spray 400 cm<sup>3<\/sup><\/td>\n<\/tr>\n<tr>\n<td width=\"79\">101183<\/td>\n<td width=\"65\">V.42T<\/td>\n<td width=\"196\"><\/td>\n<td width=\"147\">L\u00edquido VECOPLAST<\/td>\n<td width=\"116\">5 L<\/td>\n<\/tr>\n<\/tbody>\n<\/table>\n","protected":false},"excerpt":{"rendered":"<p>C\u00f3digo Ref. COR TIPO SOLU\u00c7\u00c3O PART\u00cdCULAS VIA H\u00daMIDA (VIS\u00cdVEIS \u00c0 LUZ NATURAL) 101025 K.35 Negro Kerosenoil 5 g\/L 101026 K.37 Vermelho Kerosenoil 5 g\/L 101364 A.35 Negro Dilui\u00e7\u00e3o em \u00e1gua 15 g\/L 101041 A.37 Vermelho Dilui\u00e7\u00e3o em \u00e1gua 15 g\/L 101030 LK.35S Negro L\u00edquido Spray 400 cm3 101031 LK.35T Negro L\u00edquido 5 L 101032 LK.37T [&hellip;]<\/p>\n","protected":false},"featured_media":2146,"template":"","meta":{"_mi_skip_tracking":false},"product_cat":[33,31],"product_tag":[],"class_list":["post-2144","product","type-product","status-publish","has-post-thumbnail","hentry","product_cat-consumiveis-para-ensaios-por-particulas-magneticas","product_cat-particulas-magneticas"],"_links":{"self":[{"href":"https:\/\/end.pt\/pt\/wp-json\/wp\/v3\/product\/2144","targetHints":{"allow":["GET"]}}],"collection":[{"href":"https:\/\/end.pt\/pt\/wp-json\/wp\/v3\/product"}],"about":[{"href":"https:\/\/end.pt\/pt\/wp-json\/wp\/v2\/types\/product"}],"version-history":[{"count":1,"href":"https:\/\/end.pt\/pt\/wp-json\/wp\/v3\/product\/2144\/revisions"}],"predecessor-version":[{"id":2145,"href":"https:\/\/end.pt\/pt\/wp-json\/wp\/v3\/product\/2144\/revisions\/2145"}],"wp:featuredmedia":[{"embeddable":true,"href":"https:\/\/end.pt\/pt\/wp-json\/wp\/v2\/media\/2146"}],"wp:attachment":[{"href":"https:\/\/end.pt\/pt\/wp-json\/wp\/v2\/media?parent=2144"}],"wp:term":[{"taxonomy":"product_cat","embeddable":true,"href":"https:\/\/end.pt\/pt\/wp-json\/wp\/v2\/product_cat?post=2144"},{"taxonomy":"product_tag","embeddable":true,"href":"https:\/\/end.pt\/pt\/wp-json\/wp\/v2\/product_tag?post=2144"}],"curies":[{"name":"wp","href":"https:\/\/api.w.org\/{rel}","templated":true}]}}