{"id":2162,"date":"2018-06-10T20:19:31","date_gmt":"2018-06-10T20:19:31","guid":{"rendered":"https:\/\/end.pt\/pt\/?post_type=product&#038;p=2162"},"modified":"2021-05-02T22:09:01","modified_gmt":"2021-05-02T22:09:01","slug":"sonatest-serie-sonagage-iv","status":"publish","type":"product","link":"https:\/\/end.pt\/pt\/product\/sonatest-serie-sonagage-iv\/","title":{"rendered":"SONATEST S\u00e9rie Sonagage IV"},"content":{"rendered":"<p>O Sonagage IV \u00e9 ideal para o utilizador que testa alguns materiais diferentes regularmente e contem 8 velocidades de materiais comuns e 2 velocidades que o utilizador pode configurar com um software simples.<br \/>\nAs aplica\u00e7\u00f5es incluem corros\u00e3o e pitting, tubagens, tanques e caldeiras, reservat\u00f3rios de press\u00e3o, tanques de armazenagem, cascos de navios, vidro e pl\u00e1stico.<\/p>\n","protected":false},"excerpt":{"rendered":"<p>O Sonagage IV \u00e9 ideal para o utilizador que testa alguns materiais diferentes regularmente e contem 8 velocidades de materiais comuns e 2 velocidades que o utilizador pode configurar com um software simples. As aplica\u00e7\u00f5es incluem corros\u00e3o e pitting, tubagens, tanques e caldeiras, reservat\u00f3rios de press\u00e3o, tanques de armazenagem, cascos de navios, vidro e pl\u00e1stico.<\/p>\n","protected":false},"featured_media":2163,"template":"","meta":{"_mi_skip_tracking":false},"product_cat":[148,34],"product_tag":[],"class_list":["post-2162","product","type-product","status-publish","has-post-thumbnail","hentry","product_cat-medidores-de-espessura","product_cat-ultra-sons"],"_links":{"self":[{"href":"https:\/\/end.pt\/pt\/wp-json\/wp\/v3\/product\/2162","targetHints":{"allow":["GET"]}}],"collection":[{"href":"https:\/\/end.pt\/pt\/wp-json\/wp\/v3\/product"}],"about":[{"href":"https:\/\/end.pt\/pt\/wp-json\/wp\/v2\/types\/product"}],"version-history":[{"count":3,"href":"https:\/\/end.pt\/pt\/wp-json\/wp\/v3\/product\/2162\/revisions"}],"predecessor-version":[{"id":5296,"href":"https:\/\/end.pt\/pt\/wp-json\/wp\/v3\/product\/2162\/revisions\/5296"}],"wp:featuredmedia":[{"embeddable":true,"href":"https:\/\/end.pt\/pt\/wp-json\/wp\/v2\/media\/2163"}],"wp:attachment":[{"href":"https:\/\/end.pt\/pt\/wp-json\/wp\/v2\/media?parent=2162"}],"wp:term":[{"taxonomy":"product_cat","embeddable":true,"href":"https:\/\/end.pt\/pt\/wp-json\/wp\/v2\/product_cat?post=2162"},{"taxonomy":"product_tag","embeddable":true,"href":"https:\/\/end.pt\/pt\/wp-json\/wp\/v2\/product_tag?post=2162"}],"curies":[{"name":"wp","href":"https:\/\/api.w.org\/{rel}","templated":true}]}}