{"id":2166,"date":"2018-06-10T20:26:24","date_gmt":"2018-06-10T20:26:24","guid":{"rendered":"https:\/\/end.pt\/pt\/?post_type=product&#038;p=2166"},"modified":"2021-05-02T22:08:16","modified_gmt":"2021-05-02T22:08:16","slug":"sonatest-serie-t-gage-v","status":"publish","type":"product","link":"https:\/\/end.pt\/pt\/product\/sonatest-serie-t-gage-v\/","title":{"rendered":"SONATEST S\u00e9rie T-Gage V"},"content":{"rendered":"<p>A s\u00e9rie T-Gage V engloba uma gama de instrumentos port\u00e1teis de ultra-sons especialmente desenhados para medir a restante espessura da parede de estruturas de a\u00e7o prim\u00e1rio.<br \/>\nExistem tr\u00eas n\u00edveis de modelos: O T-Gage VB, T-Gage V e o T-Gage VDL. Um display a cores ( C) ou a funcionalidade de A\/B-Scan (W) pode ser adicionada ao T-Gage V &amp; VDL, simplesmente adicionando C ou W ao n\u00famero do modelo. A s\u00e9rie T-Gage V oferece funcionalidades para tornar o seu trabalho mais f\u00e1cil e a interpreta\u00e7\u00e3o de dados on-site mais r\u00e1pida e simples de interpretar.<br \/>\nAs aplica\u00e7\u00f5es principais incluem tubos de caldeira, reservat\u00f3rios de press\u00e3o, tanques de armazenagem, cascos de navios, contentores, oleodutos, tubagens, linhas de vapor, compressores, eixos, pinos de pontes e inspec\u00e7\u00e3o de liga\u00e7\u00f5es.<\/p>\n<p>&nbsp;<\/p>\n<p>Temos modelos com especifica\u00e7\u00f5es diferentes, escolha o seu preferencial.<\/p>\n<p>\u2022 <em><strong>Modelo T-Gage VB<\/strong><\/em><br \/>\nO T-Gage VB \u00e9 um indicador b\u00e1sico vari\u00e1vel da velocidade com sinda. \u00c9 um modelo muito econ\u00f3mico desenhado para fazer medi\u00e7\u00f5es de espessura fidedignas e precisas; principalmente em estruturas de a\u00e7o com acesso a um lado. Este modelo \u00e9 facilmente actualiz\u00e1vel no campo para ter a funcionalidade de Datalogging.<\/p>\n<p>\u2022 <em><strong>Modelo T-Gage V<\/strong><\/em><br \/>\nComo modelo interm\u00e9dio, o T-Gage V oferece as funcionalidades mais populares num medidor de espessura, incluindo capacidade Eco-a-Eco (E-E). Outras fun\u00e7\u00f5es incluem um aumento\/diminui\u00e7\u00e3o do ganho, teclado com vibra\u00e7\u00e3o e ilumina\u00e7\u00e3o em condi\u00e7\u00f5es de Alarme, e o \u201ctransducer attendant\u201d, onde o utilizador \u00e9 notificado quando o transducer necessita de ser substitu\u00eddo. Op\u00e7\u00f5es simples de upgrade incluem a fun\u00e7\u00e3o de A\/B-Scan e software para Datalogging.<\/p>\n<p>\u2022 <em><strong>Modelo T-Gage VDL<\/strong><\/em><br \/>\nO T-Gage VDL \u00e9 o modelo topo de gama, dispondo de todas as funcionalidades do modelo V, juntamente com um datalogger fl\u00e9xivel, que pode levar at\u00e9 50.000 leituras, e fun\u00e7\u00f5es B-Scan e Eco-a-Eco. Este modelo vem tamb\u00e9m com um software de gest\u00e3o de dados, Data XLS e uma bolsa customizada.<\/p>\n","protected":false},"excerpt":{"rendered":"<p>A s\u00e9rie T-Gage V engloba uma gama de instrumentos port\u00e1teis de ultra-sons especialmente desenhados para medir a restante espessura da parede de estruturas de a\u00e7o prim\u00e1rio. Existem tr\u00eas n\u00edveis de modelos: O T-Gage VB, T-Gage V e o T-Gage VDL. Um display a cores ( C) ou a funcionalidade de A\/B-Scan (W) pode ser adicionada [&hellip;]<\/p>\n","protected":false},"featured_media":2167,"template":"","meta":{"_mi_skip_tracking":false},"product_cat":[148,34],"product_tag":[],"class_list":["post-2166","product","type-product","status-publish","has-post-thumbnail","hentry","product_cat-medidores-de-espessura","product_cat-ultra-sons"],"_links":{"self":[{"href":"https:\/\/end.pt\/pt\/wp-json\/wp\/v3\/product\/2166","targetHints":{"allow":["GET"]}}],"collection":[{"href":"https:\/\/end.pt\/pt\/wp-json\/wp\/v3\/product"}],"about":[{"href":"https:\/\/end.pt\/pt\/wp-json\/wp\/v2\/types\/product"}],"version-history":[{"count":3,"href":"https:\/\/end.pt\/pt\/wp-json\/wp\/v3\/product\/2166\/revisions"}],"predecessor-version":[{"id":5294,"href":"https:\/\/end.pt\/pt\/wp-json\/wp\/v3\/product\/2166\/revisions\/5294"}],"wp:featuredmedia":[{"embeddable":true,"href":"https:\/\/end.pt\/pt\/wp-json\/wp\/v2\/media\/2167"}],"wp:attachment":[{"href":"https:\/\/end.pt\/pt\/wp-json\/wp\/v2\/media?parent=2166"}],"wp:term":[{"taxonomy":"product_cat","embeddable":true,"href":"https:\/\/end.pt\/pt\/wp-json\/wp\/v2\/product_cat?post=2166"},{"taxonomy":"product_tag","embeddable":true,"href":"https:\/\/end.pt\/pt\/wp-json\/wp\/v2\/product_tag?post=2166"}],"curies":[{"name":"wp","href":"https:\/\/api.w.org\/{rel}","templated":true}]}}