{"id":2171,"date":"2018-06-10T20:34:47","date_gmt":"2018-06-10T20:34:47","guid":{"rendered":"https:\/\/end.pt\/pt\/?post_type=product&#038;p=2171"},"modified":"2021-05-02T22:05:57","modified_gmt":"2021-05-02T22:05:57","slug":"sonatest-serie-steelgage-ii","status":"publish","type":"product","link":"https:\/\/end.pt\/pt\/product\/sonatest-serie-steelgage-ii\/","title":{"rendered":"SONATEST S\u00e9rie Steelgage II"},"content":{"rendered":"<p>O medidor de espessuras por Ultra-Sons Steelgage II \u00e9 perfeito para o operador que efectue medi\u00e7\u00f5es e testes em a\u00e7o dia ap\u00f3s dia. O Steelgage II est\u00e1 configurado com uma \u00fanica velocidade de material, simplesmente ligue-o e me\u00e7a.<br \/>\nO display \u00e9 de f\u00e1cil leitura, mesmo em fracas condi\u00e7\u00f5es luminosas, com um gr\u00e1fico de barras a indicar a estabilidade da medi\u00e7\u00e3o. At\u00e9 200 horas de utiliza\u00e7\u00e3o de um \u00fanico conjunto de pilhas AAA.<br \/>\nAplica\u00e7\u00f5es incluem:<br \/>\nCorros\u00e3o e Pitting, Tubos e Canos, Tanques, Caldeiras, etc&#8230;<\/p>\n","protected":false},"excerpt":{"rendered":"<p>O medidor de espessuras por Ultra-Sons Steelgage II \u00e9 perfeito para o operador que efectue medi\u00e7\u00f5es e testes em a\u00e7o dia ap\u00f3s dia. O Steelgage II est\u00e1 configurado com uma \u00fanica velocidade de material, simplesmente ligue-o e me\u00e7a. O display \u00e9 de f\u00e1cil leitura, mesmo em fracas condi\u00e7\u00f5es luminosas, com um gr\u00e1fico de barras a [&hellip;]<\/p>\n","protected":false},"featured_media":2173,"template":"","meta":{"_mi_skip_tracking":false},"product_cat":[148,34],"product_tag":[],"class_list":["post-2171","product","type-product","status-publish","has-post-thumbnail","hentry","product_cat-medidores-de-espessura","product_cat-ultra-sons"],"_links":{"self":[{"href":"https:\/\/end.pt\/pt\/wp-json\/wp\/v3\/product\/2171","targetHints":{"allow":["GET"]}}],"collection":[{"href":"https:\/\/end.pt\/pt\/wp-json\/wp\/v3\/product"}],"about":[{"href":"https:\/\/end.pt\/pt\/wp-json\/wp\/v2\/types\/product"}],"version-history":[{"count":2,"href":"https:\/\/end.pt\/pt\/wp-json\/wp\/v3\/product\/2171\/revisions"}],"predecessor-version":[{"id":5293,"href":"https:\/\/end.pt\/pt\/wp-json\/wp\/v3\/product\/2171\/revisions\/5293"}],"wp:featuredmedia":[{"embeddable":true,"href":"https:\/\/end.pt\/pt\/wp-json\/wp\/v2\/media\/2173"}],"wp:attachment":[{"href":"https:\/\/end.pt\/pt\/wp-json\/wp\/v2\/media?parent=2171"}],"wp:term":[{"taxonomy":"product_cat","embeddable":true,"href":"https:\/\/end.pt\/pt\/wp-json\/wp\/v2\/product_cat?post=2171"},{"taxonomy":"product_tag","embeddable":true,"href":"https:\/\/end.pt\/pt\/wp-json\/wp\/v2\/product_tag?post=2171"}],"curies":[{"name":"wp","href":"https:\/\/api.w.org\/{rel}","templated":true}]}}