{"id":2174,"date":"2018-06-10T20:38:47","date_gmt":"2018-06-10T20:38:47","guid":{"rendered":"https:\/\/end.pt\/pt\/?post_type=product&#038;p=2174"},"modified":"2021-05-02T22:05:26","modified_gmt":"2021-05-02T22:05:26","slug":"sonatest-serie-alphagage","status":"publish","type":"product","link":"https:\/\/end.pt\/pt\/product\/sonatest-serie-alphagage\/","title":{"rendered":"SONATEST S\u00e9rie AlphaGage+"},"content":{"rendered":"<p>A s\u00e9rie AlphaGage+ \u00e9 uma gama de medidores de espessura por ultra-sons port\u00e1teis, dispon\u00edveis para trabalhos de corros\u00e3o, precis\u00e3o ou uma combina\u00e7\u00e3o de ambos.<br \/>\nUm equipamento chave para inspectores, operadores de manuten\u00e7\u00e3o ou t\u00e9cnicos de controle de qualidade, que procurem medir essencialmente a espessura de qualquer material de engenharia.<br \/>\nNuma estrutura de m\u00e3o extremamente robusta e ergon\u00f3mica, o AlphaGage+ \u00e9 um equipamento vers\u00e1til, uma vez que pode ser utilizado para realizar an\u00e1lises da integridade de obras de a\u00e7o e metal afectadas por eros\u00e3o ou corros\u00e3o, bem como medir com precis\u00e3o a espessura de pe\u00e7as de equipamento cr\u00edticas, sujeitas a requisitos de controle de qualidade muito rigorosos.<\/p>\n<p>\u2022 <span style=\"color: #0000ff;\"><em><strong>Modelo AlphaGage+ Corrosion<\/strong><\/em><\/span><br \/>\nComo uma ferramenta principal para an\u00e1lise de corros\u00e3o, o equipamento Sonatest AlphaGage+ utiliza sondas duplo elemento numa configura\u00e7\u00e3o \u201cPitch &amp; Catch\u201d para reduzir os problemas de superf\u00edcie e medir com precis\u00e3o a restante espessura da parede destas estruturas de metal sujeitas a corros\u00e3o.<br \/>\nEste equipamento \u00e9 uma ferramenta chave para inspec\u00e7\u00e3o de activos envelhecidos e resolver problemas na ind\u00fastria petroqu\u00edmica.<br \/>\nAplica\u00e7\u00f5es t\u00edpicas incluem: tubagens de metal, vasos de press\u00e3o, pe\u00e7as estruturais e tanques de armazenamento.<\/p>\n<p>\u2022 <em><strong><span style=\"color: #0000ff;\">Modelo AlphaGage+ Precision<\/span><\/strong><\/em><br \/>\nO equipamento Sonatest AlphaGage+ Precision utiliza sondas \u00fanico elemento numa configura\u00e7\u00e3o \u201cPulse-Echo\u201d de modo a medir com uma maior precis\u00e3o que os medidores de corros\u00e3o, e ir de encontro aos requisitos de controlo de qualidade muito rigorosos da ind\u00fastria autom\u00f3vel e aeron\u00e1utica.<br \/>\nCom uma vasta gama de sondas de qualidade, cunhas e op\u00e7\u00f5es de software, o medidor de precis\u00e3o indicado \u00e9 extremamente vers\u00e1til.<br \/>\nAplica\u00e7\u00f5es t\u00edpicas incluem: A\u00e7o, alum\u00ednio, vidro, pl\u00e1stico e borracha.<\/p>\n","protected":false},"excerpt":{"rendered":"<p>A s\u00e9rie AlphaGage+ \u00e9 uma gama de medidores de espessura por ultra-sons port\u00e1teis, dispon\u00edveis para trabalhos de corros\u00e3o, precis\u00e3o ou uma combina\u00e7\u00e3o de ambos. Um equipamento chave para inspectores, operadores de manuten\u00e7\u00e3o ou t\u00e9cnicos de controle de qualidade, que procurem medir essencialmente a espessura de qualquer material de engenharia. Numa estrutura de m\u00e3o extremamente robusta [&hellip;]<\/p>\n","protected":false},"featured_media":2175,"template":"","meta":{"_mi_skip_tracking":false},"product_cat":[148,34],"product_tag":[],"class_list":["post-2174","product","type-product","status-publish","has-post-thumbnail","hentry","product_cat-medidores-de-espessura","product_cat-ultra-sons"],"_links":{"self":[{"href":"https:\/\/end.pt\/pt\/wp-json\/wp\/v3\/product\/2174","targetHints":{"allow":["GET"]}}],"collection":[{"href":"https:\/\/end.pt\/pt\/wp-json\/wp\/v3\/product"}],"about":[{"href":"https:\/\/end.pt\/pt\/wp-json\/wp\/v2\/types\/product"}],"version-history":[{"count":2,"href":"https:\/\/end.pt\/pt\/wp-json\/wp\/v3\/product\/2174\/revisions"}],"predecessor-version":[{"id":5292,"href":"https:\/\/end.pt\/pt\/wp-json\/wp\/v3\/product\/2174\/revisions\/5292"}],"wp:featuredmedia":[{"embeddable":true,"href":"https:\/\/end.pt\/pt\/wp-json\/wp\/v2\/media\/2175"}],"wp:attachment":[{"href":"https:\/\/end.pt\/pt\/wp-json\/wp\/v2\/media?parent=2174"}],"wp:term":[{"taxonomy":"product_cat","embeddable":true,"href":"https:\/\/end.pt\/pt\/wp-json\/wp\/v2\/product_cat?post=2174"},{"taxonomy":"product_tag","embeddable":true,"href":"https:\/\/end.pt\/pt\/wp-json\/wp\/v2\/product_tag?post=2174"}],"curies":[{"name":"wp","href":"https:\/\/api.w.org\/{rel}","templated":true}]}}