{"id":2178,"date":"2018-06-10T20:41:33","date_gmt":"2018-06-10T20:41:33","guid":{"rendered":"https:\/\/end.pt\/pt\/?post_type=product&#038;p=2178"},"modified":"2021-05-02T22:05:02","modified_gmt":"2021-05-02T22:05:02","slug":"sonatest-serie-microgage-iii","status":"publish","type":"product","link":"https:\/\/end.pt\/pt\/product\/sonatest-serie-microgage-iii\/","title":{"rendered":"SONATEST S\u00e9rie Microgage III"},"content":{"rendered":"<p>A s\u00e9rie de medidores de espessura port\u00e1teis de precis\u00e3o Microgage III, est\u00e1 disponivel com displays a cores ou monocrom\u00e1ticos, e com ou sem funcionalidade A-Scan.<br \/>\nTodos os instrumentos desta gama s\u00e3o totalmente actualizaveis no campo, permitindo ao operador escolher mais funcionalidades ao longo do trabalho, sem devolver o equipamento \u00e0 f\u00e1brica.<br \/>\nAplica\u00e7\u00f5es incluem bobinas de a\u00e7o, espessura de fibra de vidro (barcos), tit\u00e2nio (cabe\u00e7as de tacos de golfe), pneus de borracha, componentes de paredes finas, aplica\u00e7\u00f5es de aeronautica, e manufactura de pl\u00e1sticos.<\/p>\n","protected":false},"excerpt":{"rendered":"<p>A s\u00e9rie de medidores de espessura port\u00e1teis de precis\u00e3o Microgage III, est\u00e1 disponivel com displays a cores ou monocrom\u00e1ticos, e com ou sem funcionalidade A-Scan. Todos os instrumentos desta gama s\u00e3o totalmente actualizaveis no campo, permitindo ao operador escolher mais funcionalidades ao longo do trabalho, sem devolver o equipamento \u00e0 f\u00e1brica. Aplica\u00e7\u00f5es incluem bobinas de [&hellip;]<\/p>\n","protected":false},"featured_media":2179,"template":"","meta":{"_mi_skip_tracking":false},"product_cat":[148,34],"product_tag":[],"class_list":["post-2178","product","type-product","status-publish","has-post-thumbnail","hentry","product_cat-medidores-de-espessura","product_cat-ultra-sons"],"_links":{"self":[{"href":"https:\/\/end.pt\/pt\/wp-json\/wp\/v3\/product\/2178","targetHints":{"allow":["GET"]}}],"collection":[{"href":"https:\/\/end.pt\/pt\/wp-json\/wp\/v3\/product"}],"about":[{"href":"https:\/\/end.pt\/pt\/wp-json\/wp\/v2\/types\/product"}],"version-history":[{"count":2,"href":"https:\/\/end.pt\/pt\/wp-json\/wp\/v3\/product\/2178\/revisions"}],"predecessor-version":[{"id":5291,"href":"https:\/\/end.pt\/pt\/wp-json\/wp\/v3\/product\/2178\/revisions\/5291"}],"wp:featuredmedia":[{"embeddable":true,"href":"https:\/\/end.pt\/pt\/wp-json\/wp\/v2\/media\/2179"}],"wp:attachment":[{"href":"https:\/\/end.pt\/pt\/wp-json\/wp\/v2\/media?parent=2178"}],"wp:term":[{"taxonomy":"product_cat","embeddable":true,"href":"https:\/\/end.pt\/pt\/wp-json\/wp\/v2\/product_cat?post=2178"},{"taxonomy":"product_tag","embeddable":true,"href":"https:\/\/end.pt\/pt\/wp-json\/wp\/v2\/product_tag?post=2178"}],"curies":[{"name":"wp","href":"https:\/\/api.w.org\/{rel}","templated":true}]}}