{"id":2180,"date":"2018-06-10T20:44:28","date_gmt":"2018-06-10T20:44:28","guid":{"rendered":"https:\/\/end.pt\/pt\/?post_type=product&#038;p=2180"},"modified":"2021-05-02T22:04:35","modified_gmt":"2021-05-02T22:04:35","slug":"cygnus-serie-cygnus-1-intrinsically-safe","status":"publish","type":"product","link":"https:\/\/end.pt\/pt\/product\/cygnus-serie-cygnus-1-intrinsically-safe\/","title":{"rendered":"CYGNUS S\u00e9rie Cygnus 1 Intrinsically Safe"},"content":{"rendered":"<p>Medidor de espessuras por ultra-sons M\u00faltipo Eco &#8211; medi\u00e7\u00f5es precisas, utilizando m\u00faltiplos pulsos, fornecendo medi\u00e7\u00f5es de espessura verificadas e ignorando camadas com at\u00e9 20mm espessura.<br \/>\nEquipamento resistente e robusto \u00e0 prova de choque, desenhado para efectuar medi\u00e7\u00f5es de espessura de metal com seguran\u00e7a, para determinar desgaste e corros\u00e3o em ambientes potencialmente perigosos sem receio de causar explos\u00f5es. Este equipamento \u00e9 fornecido pronto a usar num kit completo e numa mala de protec\u00e7\u00e3o com duas baterias NiMH recarreg\u00e1veis.<\/p>\n","protected":false},"excerpt":{"rendered":"<p>Medidor de espessuras por ultra-sons M\u00faltipo Eco &#8211; medi\u00e7\u00f5es precisas, utilizando m\u00faltiplos pulsos, fornecendo medi\u00e7\u00f5es de espessura verificadas e ignorando camadas com at\u00e9 20mm espessura. Equipamento resistente e robusto \u00e0 prova de choque, desenhado para efectuar medi\u00e7\u00f5es de espessura de metal com seguran\u00e7a, para determinar desgaste e corros\u00e3o em ambientes potencialmente perigosos sem receio de [&hellip;]<\/p>\n","protected":false},"featured_media":2181,"template":"","meta":{"_mi_skip_tracking":false},"product_cat":[148,34],"product_tag":[],"class_list":["post-2180","product","type-product","status-publish","has-post-thumbnail","hentry","product_cat-medidores-de-espessura","product_cat-ultra-sons"],"_links":{"self":[{"href":"https:\/\/end.pt\/pt\/wp-json\/wp\/v3\/product\/2180","targetHints":{"allow":["GET"]}}],"collection":[{"href":"https:\/\/end.pt\/pt\/wp-json\/wp\/v3\/product"}],"about":[{"href":"https:\/\/end.pt\/pt\/wp-json\/wp\/v2\/types\/product"}],"version-history":[{"count":2,"href":"https:\/\/end.pt\/pt\/wp-json\/wp\/v3\/product\/2180\/revisions"}],"predecessor-version":[{"id":5290,"href":"https:\/\/end.pt\/pt\/wp-json\/wp\/v3\/product\/2180\/revisions\/5290"}],"wp:featuredmedia":[{"embeddable":true,"href":"https:\/\/end.pt\/pt\/wp-json\/wp\/v2\/media\/2181"}],"wp:attachment":[{"href":"https:\/\/end.pt\/pt\/wp-json\/wp\/v2\/media?parent=2180"}],"wp:term":[{"taxonomy":"product_cat","embeddable":true,"href":"https:\/\/end.pt\/pt\/wp-json\/wp\/v2\/product_cat?post=2180"},{"taxonomy":"product_tag","embeddable":true,"href":"https:\/\/end.pt\/pt\/wp-json\/wp\/v2\/product_tag?post=2180"}],"curies":[{"name":"wp","href":"https:\/\/api.w.org\/{rel}","templated":true}]}}