{"id":2182,"date":"2018-06-10T20:47:20","date_gmt":"2018-06-10T20:47:20","guid":{"rendered":"https:\/\/end.pt\/pt\/?post_type=product&#038;p=2182"},"modified":"2021-05-02T22:04:13","modified_gmt":"2021-05-02T22:04:13","slug":"cygnus-serie-cygnus-2","status":"publish","type":"product","link":"https:\/\/end.pt\/pt\/product\/cygnus-serie-cygnus-2\/","title":{"rendered":"CYGNUS S\u00e9rie Cygnus 2"},"content":{"rendered":"<p>Medidor de espessuras por ultra-sons M\u00faltiplo Eco &#8211; medi\u00e7\u00f5es precisas, utilizando m\u00faltiplos pulsos, fornecendo medi\u00e7\u00f5es de espessura verificadas e ignorando camadas com at\u00e9 20mm espessura.<br \/>\nEquipamento simples de usar, com um display rotativo, desenhado para uso em acessos por cordas ou montado no cinto, e testado segundo os niveis mais duros da US MIL STD 810G.<br \/>\nEquipamento robusto mas confort\u00e1vel, perfeito para utiliza\u00e7\u00e3o em superficies planas, curvas ou tubagens, com a tecnologia M\u00faltiplo Eco a permitr medir atrav\u00e9s de camadas espessas, indicando somente a espessura do metal.<\/p>\n","protected":false},"excerpt":{"rendered":"<p>Medidor de espessuras por ultra-sons M\u00faltiplo Eco &#8211; medi\u00e7\u00f5es precisas, utilizando m\u00faltiplos pulsos, fornecendo medi\u00e7\u00f5es de espessura verificadas e ignorando camadas com at\u00e9 20mm espessura. Equipamento simples de usar, com um display rotativo, desenhado para uso em acessos por cordas ou montado no cinto, e testado segundo os niveis mais duros da US MIL STD [&hellip;]<\/p>\n","protected":false},"featured_media":2183,"template":"","meta":{"_mi_skip_tracking":false},"product_cat":[148,34],"product_tag":[],"class_list":["post-2182","product","type-product","status-publish","has-post-thumbnail","hentry","product_cat-medidores-de-espessura","product_cat-ultra-sons"],"_links":{"self":[{"href":"https:\/\/end.pt\/pt\/wp-json\/wp\/v3\/product\/2182","targetHints":{"allow":["GET"]}}],"collection":[{"href":"https:\/\/end.pt\/pt\/wp-json\/wp\/v3\/product"}],"about":[{"href":"https:\/\/end.pt\/pt\/wp-json\/wp\/v2\/types\/product"}],"version-history":[{"count":2,"href":"https:\/\/end.pt\/pt\/wp-json\/wp\/v3\/product\/2182\/revisions"}],"predecessor-version":[{"id":5289,"href":"https:\/\/end.pt\/pt\/wp-json\/wp\/v3\/product\/2182\/revisions\/5289"}],"wp:featuredmedia":[{"embeddable":true,"href":"https:\/\/end.pt\/pt\/wp-json\/wp\/v2\/media\/2183"}],"wp:attachment":[{"href":"https:\/\/end.pt\/pt\/wp-json\/wp\/v2\/media?parent=2182"}],"wp:term":[{"taxonomy":"product_cat","embeddable":true,"href":"https:\/\/end.pt\/pt\/wp-json\/wp\/v2\/product_cat?post=2182"},{"taxonomy":"product_tag","embeddable":true,"href":"https:\/\/end.pt\/pt\/wp-json\/wp\/v2\/product_tag?post=2182"}],"curies":[{"name":"wp","href":"https:\/\/api.w.org\/{rel}","templated":true}]}}