{"id":2186,"date":"2018-06-10T20:54:39","date_gmt":"2018-06-10T20:54:39","guid":{"rendered":"https:\/\/end.pt\/pt\/?post_type=product&#038;p=2186"},"modified":"2021-05-02T22:03:28","modified_gmt":"2021-05-02T22:03:28","slug":"cygnus-serie-cygnus-4","status":"publish","type":"product","link":"https:\/\/end.pt\/pt\/product\/cygnus-serie-cygnus-4\/","title":{"rendered":"CYGNUS S\u00e9rie Cygnus 4"},"content":{"rendered":"<p>Medidor de espessuras por ultra-sons M\u00faltiplo Eco &#8211; medi\u00e7\u00f5es precisas, utilizando m\u00faltiplos pulsos, fornecendo medi\u00e7\u00f5es de espessura verificadas e ignorando camadas com at\u00e9 20mm espessura.<br \/>\nEquipamento pequeno, robusto e preciso, para uso geral, desenhado para os ambientes mais adversos, equipado com um teclado simples, menus intuitivos e um display LCD colorido.<br \/>\nEquipamento robusto mas confort\u00e1vel, certificado para a norma US MIL STD 810G, perfeito para utiliza\u00e7\u00e3o em superf\u00edcies planas, curvas ou tubagens, com a tecnologia M\u00faltiplo Eco, permite medir atrav\u00e9s de camadas espessas, indicando somente a espessura do metal.<\/p>\n","protected":false},"excerpt":{"rendered":"<p>Medidor de espessuras por ultra-sons M\u00faltiplo Eco &#8211; medi\u00e7\u00f5es precisas, utilizando m\u00faltiplos pulsos, fornecendo medi\u00e7\u00f5es de espessura verificadas e ignorando camadas com at\u00e9 20mm espessura. Equipamento pequeno, robusto e preciso, para uso geral, desenhado para os ambientes mais adversos, equipado com um teclado simples, menus intuitivos e um display LCD colorido. Equipamento robusto mas confort\u00e1vel, [&hellip;]<\/p>\n","protected":false},"featured_media":2187,"template":"","meta":{"_mi_skip_tracking":false},"product_cat":[148,34],"product_tag":[],"class_list":["post-2186","product","type-product","status-publish","has-post-thumbnail","hentry","product_cat-medidores-de-espessura","product_cat-ultra-sons"],"_links":{"self":[{"href":"https:\/\/end.pt\/pt\/wp-json\/wp\/v3\/product\/2186","targetHints":{"allow":["GET"]}}],"collection":[{"href":"https:\/\/end.pt\/pt\/wp-json\/wp\/v3\/product"}],"about":[{"href":"https:\/\/end.pt\/pt\/wp-json\/wp\/v2\/types\/product"}],"version-history":[{"count":2,"href":"https:\/\/end.pt\/pt\/wp-json\/wp\/v3\/product\/2186\/revisions"}],"predecessor-version":[{"id":5287,"href":"https:\/\/end.pt\/pt\/wp-json\/wp\/v3\/product\/2186\/revisions\/5287"}],"wp:featuredmedia":[{"embeddable":true,"href":"https:\/\/end.pt\/pt\/wp-json\/wp\/v2\/media\/2187"}],"wp:attachment":[{"href":"https:\/\/end.pt\/pt\/wp-json\/wp\/v2\/media?parent=2186"}],"wp:term":[{"taxonomy":"product_cat","embeddable":true,"href":"https:\/\/end.pt\/pt\/wp-json\/wp\/v2\/product_cat?post=2186"},{"taxonomy":"product_tag","embeddable":true,"href":"https:\/\/end.pt\/pt\/wp-json\/wp\/v2\/product_tag?post=2186"}],"curies":[{"name":"wp","href":"https:\/\/api.w.org\/{rel}","templated":true}]}}