{"id":2188,"date":"2018-06-10T20:56:36","date_gmt":"2018-06-10T20:56:36","guid":{"rendered":"https:\/\/end.pt\/pt\/?post_type=product&#038;p=2188"},"modified":"2021-05-02T22:03:08","modified_gmt":"2021-05-02T22:03:08","slug":"cygnus-serie-cygnus-4-2","status":"publish","type":"product","link":"https:\/\/end.pt\/pt\/product\/cygnus-serie-cygnus-4-2\/","title":{"rendered":"CYGNUS S\u00e9rie Cygnus 4+"},"content":{"rendered":"<p>Medidor de espessuras por ultra-sons Multi-Modo \u2013 M\u00faltiplo Eco, Eco \u00danico e Eco-Eco, pequeno, robusto e preciso, para uso geral, que fornece medi\u00e7\u00f5es atrav\u00e9s de camadas, com fun\u00e7\u00f5es de A-scan, data logging e controlo do ganho manual e autom\u00e1tico.<br \/>\nDesenhado para os ambientes mais adversos, equipado com um teclado simples, menus intuitivos e um display LCD colorido.<br \/>\nEquipamento robusto mas confort\u00e1vel, certificado para a norma US MIL STD 810G, perfeito para utiliza\u00e7\u00e3o em superf\u00edcies planas, curvas ou tubagens, com a tecnologia M\u00faltiplo Eco, permite medir atrav\u00e9s de camadas espessas, indicando somente a espessura do metal.<br \/>\nAl\u00e9m do modo Eco-M\u00faltipo, esta unidade utiliza tamb\u00e9m as fun\u00e7\u00f5es de Eco-Eco para medi\u00e7\u00f5es em metais pintados mas com muita corros\u00e3o\/pitting na parede traseira, e Eco \u00danico para medi\u00e7\u00f5es em superf\u00edcies sem camadas com muita corros\u00e3o frontal ou traseira e materiais atenuantes como metal fundido ou pl\u00e1sticos\/comp\u00f3sitos.<\/p>\n","protected":false},"excerpt":{"rendered":"<p>Medidor de espessuras por ultra-sons Multi-Modo \u2013 M\u00faltiplo Eco, Eco \u00danico e Eco-Eco, pequeno, robusto e preciso, para uso geral, que fornece medi\u00e7\u00f5es atrav\u00e9s de camadas, com fun\u00e7\u00f5es de A-scan, data logging e controlo do ganho manual e autom\u00e1tico. Desenhado para os ambientes mais adversos, equipado com um teclado simples, menus intuitivos e um display [&hellip;]<\/p>\n","protected":false},"featured_media":2189,"template":"","meta":{"_mi_skip_tracking":false},"product_cat":[148,34],"product_tag":[],"class_list":["post-2188","product","type-product","status-publish","has-post-thumbnail","hentry","product_cat-medidores-de-espessura","product_cat-ultra-sons"],"_links":{"self":[{"href":"https:\/\/end.pt\/pt\/wp-json\/wp\/v3\/product\/2188","targetHints":{"allow":["GET"]}}],"collection":[{"href":"https:\/\/end.pt\/pt\/wp-json\/wp\/v3\/product"}],"about":[{"href":"https:\/\/end.pt\/pt\/wp-json\/wp\/v2\/types\/product"}],"version-history":[{"count":2,"href":"https:\/\/end.pt\/pt\/wp-json\/wp\/v3\/product\/2188\/revisions"}],"predecessor-version":[{"id":5286,"href":"https:\/\/end.pt\/pt\/wp-json\/wp\/v3\/product\/2188\/revisions\/5286"}],"wp:featuredmedia":[{"embeddable":true,"href":"https:\/\/end.pt\/pt\/wp-json\/wp\/v2\/media\/2189"}],"wp:attachment":[{"href":"https:\/\/end.pt\/pt\/wp-json\/wp\/v2\/media?parent=2188"}],"wp:term":[{"taxonomy":"product_cat","embeddable":true,"href":"https:\/\/end.pt\/pt\/wp-json\/wp\/v2\/product_cat?post=2188"},{"taxonomy":"product_tag","embeddable":true,"href":"https:\/\/end.pt\/pt\/wp-json\/wp\/v2\/product_tag?post=2188"}],"curies":[{"name":"wp","href":"https:\/\/api.w.org\/{rel}","templated":true}]}}