{"id":2190,"date":"2018-06-10T20:59:14","date_gmt":"2018-06-10T20:59:14","guid":{"rendered":"https:\/\/end.pt\/pt\/?post_type=product&#038;p=2190"},"modified":"2021-05-02T22:02:09","modified_gmt":"2021-05-02T22:02:09","slug":"cygnus-serie-cygnus-6-pro","status":"publish","type":"product","link":"https:\/\/end.pt\/pt\/product\/cygnus-serie-cygnus-6-pro\/","title":{"rendered":"CYGNUS S\u00e9rie Cygnus 6+ PRO"},"content":{"rendered":"<p>Medidor de espessuras por ultra-sons Multi-Modo \u2013 M\u00faltiplo Eco, Eco \u00danico e Eco-Eco, avan\u00e7ado para utilizadores profissionais, com fun\u00e7\u00f5es A-scan, B-scan em tempo real, controle de ganho manual e autom\u00e1tico, data logging e compensa\u00e7\u00e3o de alta temperatura.<br \/>\nEquipamento robusto mas confort\u00e1vel,desenhado para os ambientes mais adversos, equipado com um teclado simples e menus intuitivos, possui um display LCD colorido e um display OLED rotativo para f\u00e1cil visualiza\u00e7\u00e3o em aplica\u00e7\u00f5es em acessos por cordas.<br \/>\nA unidade usa o modo Eco-M\u00faltipo para fornecer medi\u00e7\u00f5es simples e precisas, mas utiliza tamb\u00e9m as fun\u00e7\u00f5es de Eco-Eco para medi\u00e7\u00f5es em metais pintados mas com muita corros\u00e3o\/pitting na parede traseira, e Eco \u00danico para medi\u00e7\u00f5es em superf\u00edcies sem camadas com muita corros\u00e3o frontal ou traseira e materiais atenuantes como metal fundido ou pl\u00e1sticos\/comp\u00f3sitos.<\/p>\n","protected":false},"excerpt":{"rendered":"<p>Medidor de espessuras por ultra-sons Multi-Modo \u2013 M\u00faltiplo Eco, Eco \u00danico e Eco-Eco, avan\u00e7ado para utilizadores profissionais, com fun\u00e7\u00f5es A-scan, B-scan em tempo real, controle de ganho manual e autom\u00e1tico, data logging e compensa\u00e7\u00e3o de alta temperatura. Equipamento robusto mas confort\u00e1vel,desenhado para os ambientes mais adversos, equipado com um teclado simples e menus intuitivos, possui [&hellip;]<\/p>\n","protected":false},"featured_media":2191,"template":"","meta":{"_mi_skip_tracking":false},"product_cat":[148,34],"product_tag":[],"class_list":["post-2190","product","type-product","status-publish","has-post-thumbnail","hentry","product_cat-medidores-de-espessura","product_cat-ultra-sons"],"_links":{"self":[{"href":"https:\/\/end.pt\/pt\/wp-json\/wp\/v3\/product\/2190","targetHints":{"allow":["GET"]}}],"collection":[{"href":"https:\/\/end.pt\/pt\/wp-json\/wp\/v3\/product"}],"about":[{"href":"https:\/\/end.pt\/pt\/wp-json\/wp\/v2\/types\/product"}],"version-history":[{"count":3,"href":"https:\/\/end.pt\/pt\/wp-json\/wp\/v3\/product\/2190\/revisions"}],"predecessor-version":[{"id":5285,"href":"https:\/\/end.pt\/pt\/wp-json\/wp\/v3\/product\/2190\/revisions\/5285"}],"wp:featuredmedia":[{"embeddable":true,"href":"https:\/\/end.pt\/pt\/wp-json\/wp\/v2\/media\/2191"}],"wp:attachment":[{"href":"https:\/\/end.pt\/pt\/wp-json\/wp\/v2\/media?parent=2190"}],"wp:term":[{"taxonomy":"product_cat","embeddable":true,"href":"https:\/\/end.pt\/pt\/wp-json\/wp\/v2\/product_cat?post=2190"},{"taxonomy":"product_tag","embeddable":true,"href":"https:\/\/end.pt\/pt\/wp-json\/wp\/v2\/product_tag?post=2190"}],"curies":[{"name":"wp","href":"https:\/\/api.w.org\/{rel}","templated":true}]}}