{"id":2192,"date":"2018-06-10T21:01:34","date_gmt":"2018-06-10T21:01:34","guid":{"rendered":"https:\/\/end.pt\/pt\/?post_type=product&#038;p=2192"},"modified":"2021-05-02T22:01:50","modified_gmt":"2021-05-02T22:01:50","slug":"cygnus-serie-cygnus-heavy-duty","status":"publish","type":"product","link":"https:\/\/end.pt\/pt\/product\/cygnus-serie-cygnus-heavy-duty\/","title":{"rendered":"CYGNUS S\u00e9rie Cygnus Heavy Duty"},"content":{"rendered":"<p>Medidor de espessuras por ultra-sons M\u00faltiplo Eco &#8211; medi\u00e7\u00f5es precisas, utilizando m\u00faltiplos pulsos, fornecendo medi\u00e7\u00f5es de espessura verificadas e ignorando camadas com at\u00e9 20mm espessura.<br \/>\nEquipamento verdadeiramente resistente e robusto, resistente a sujidades, poeiras e \u00e1gua, \u00e0 prova de choque, desenhado para obter medi\u00e7\u00f5es da espessura de metal e medi\u00e7\u00e3o de corros\u00e3o sem ter que remover camadas protectoras, em ambientes muito adversos e exigentes, tanto no interior como no exterior. Este equipamento \u00e9 fornecido pronto a usar num kit completo e numa mala de protec\u00e7\u00e3o.<\/p>\n","protected":false},"excerpt":{"rendered":"<p>Medidor de espessuras por ultra-sons M\u00faltiplo Eco &#8211; medi\u00e7\u00f5es precisas, utilizando m\u00faltiplos pulsos, fornecendo medi\u00e7\u00f5es de espessura verificadas e ignorando camadas com at\u00e9 20mm espessura. Equipamento verdadeiramente resistente e robusto, resistente a sujidades, poeiras e \u00e1gua, \u00e0 prova de choque, desenhado para obter medi\u00e7\u00f5es da espessura de metal e medi\u00e7\u00e3o de corros\u00e3o sem ter que [&hellip;]<\/p>\n","protected":false},"featured_media":2193,"template":"","meta":{"_mi_skip_tracking":false},"product_cat":[148,34],"product_tag":[],"class_list":["post-2192","product","type-product","status-publish","has-post-thumbnail","hentry","product_cat-medidores-de-espessura","product_cat-ultra-sons"],"_links":{"self":[{"href":"https:\/\/end.pt\/pt\/wp-json\/wp\/v3\/product\/2192","targetHints":{"allow":["GET"]}}],"collection":[{"href":"https:\/\/end.pt\/pt\/wp-json\/wp\/v3\/product"}],"about":[{"href":"https:\/\/end.pt\/pt\/wp-json\/wp\/v2\/types\/product"}],"version-history":[{"count":2,"href":"https:\/\/end.pt\/pt\/wp-json\/wp\/v3\/product\/2192\/revisions"}],"predecessor-version":[{"id":5283,"href":"https:\/\/end.pt\/pt\/wp-json\/wp\/v3\/product\/2192\/revisions\/5283"}],"wp:featuredmedia":[{"embeddable":true,"href":"https:\/\/end.pt\/pt\/wp-json\/wp\/v2\/media\/2193"}],"wp:attachment":[{"href":"https:\/\/end.pt\/pt\/wp-json\/wp\/v2\/media?parent=2192"}],"wp:term":[{"taxonomy":"product_cat","embeddable":true,"href":"https:\/\/end.pt\/pt\/wp-json\/wp\/v2\/product_cat?post=2192"},{"taxonomy":"product_tag","embeddable":true,"href":"https:\/\/end.pt\/pt\/wp-json\/wp\/v2\/product_tag?post=2192"}],"curies":[{"name":"wp","href":"https:\/\/api.w.org\/{rel}","templated":true}]}}