{"id":2194,"date":"2018-06-10T21:03:37","date_gmt":"2018-06-10T21:03:37","guid":{"rendered":"https:\/\/end.pt\/pt\/?post_type=product&#038;p=2194"},"modified":"2021-05-02T22:01:27","modified_gmt":"2021-05-02T22:01:27","slug":"cygnus-serie-cygnus-underwater","status":"publish","type":"product","link":"https:\/\/end.pt\/pt\/product\/cygnus-serie-cygnus-underwater\/","title":{"rendered":"CYGNUS S\u00e9rie Cygnus Underwater"},"content":{"rendered":"<p>Medidor de espessuras por ultra-sons M\u00faltiplo Eco &#8211; medi\u00e7\u00f5es precisas, utilizando m\u00faltiplos pulsos, fornecendo medi\u00e7\u00f5es de espessura verificadas e ignorando camadas com at\u00e9 20mm espessura.<\/p>\n<p>Medidor desenhado para uso por mergulhadores fazendo ensaios submarinos. Est\u00e1 avaliado para uma profundidade de 300m (1000 p\u00e9s) e efectua medi\u00e7\u00f5es precisas de espessura de metal atrav\u00e9s de camadas. Este equipamento \u00e9 fornecido pronto a usar num kit completo e numa mala de protec\u00e7\u00e3o com duas baterias recarreg\u00e1veis.<\/p>\n<p>Medidor de espessuras por ultra-sons M\u00faltiplo Eco &#8211; medi\u00e7\u00f5es precisas, utilizando m\u00faltiplos pulsos, fornecendo medi\u00e7\u00f5es de espessura verificadas e ignorando camadas com at\u00e9 20mm espessura.<\/p>\n<p>Medidor desenhado para uso por mergulhadores fazendo ensaios submarinos. Est\u00e1 avaliado para uma profundidade de 300m (1000 p\u00e9s) e efectua medi\u00e7\u00f5es precisas de espessura de metal atrav\u00e9s de camadas. Este equipamento \u00e9 fornecido pronto a usar num kit completo e numa mala de protec\u00e7\u00e3o com duas baterias recarreg\u00e1veis.<\/p>\n","protected":false},"excerpt":{"rendered":"<p>Medidor de espessuras por ultra-sons M\u00faltiplo Eco &#8211; medi\u00e7\u00f5es precisas, utilizando m\u00faltiplos pulsos, fornecendo medi\u00e7\u00f5es de espessura verificadas e ignorando camadas com at\u00e9 20mm espessura. Medidor desenhado para uso por mergulhadores fazendo ensaios submarinos. Est\u00e1 avaliado para uma profundidade de 300m (1000 p\u00e9s) e efectua medi\u00e7\u00f5es precisas de espessura de metal atrav\u00e9s de camadas. Este [&hellip;]<\/p>\n","protected":false},"featured_media":2198,"template":"","meta":{"_mi_skip_tracking":false},"product_cat":[148,34],"product_tag":[],"class_list":["post-2194","product","type-product","status-publish","has-post-thumbnail","hentry","product_cat-medidores-de-espessura","product_cat-ultra-sons"],"_links":{"self":[{"href":"https:\/\/end.pt\/pt\/wp-json\/wp\/v3\/product\/2194","targetHints":{"allow":["GET"]}}],"collection":[{"href":"https:\/\/end.pt\/pt\/wp-json\/wp\/v3\/product"}],"about":[{"href":"https:\/\/end.pt\/pt\/wp-json\/wp\/v2\/types\/product"}],"version-history":[{"count":2,"href":"https:\/\/end.pt\/pt\/wp-json\/wp\/v3\/product\/2194\/revisions"}],"predecessor-version":[{"id":5282,"href":"https:\/\/end.pt\/pt\/wp-json\/wp\/v3\/product\/2194\/revisions\/5282"}],"wp:featuredmedia":[{"embeddable":true,"href":"https:\/\/end.pt\/pt\/wp-json\/wp\/v2\/media\/2198"}],"wp:attachment":[{"href":"https:\/\/end.pt\/pt\/wp-json\/wp\/v2\/media?parent=2194"}],"wp:term":[{"taxonomy":"product_cat","embeddable":true,"href":"https:\/\/end.pt\/pt\/wp-json\/wp\/v2\/product_cat?post=2194"},{"taxonomy":"product_tag","embeddable":true,"href":"https:\/\/end.pt\/pt\/wp-json\/wp\/v2\/product_tag?post=2194"}],"curies":[{"name":"wp","href":"https:\/\/api.w.org\/{rel}","templated":true}]}}