{"id":2196,"date":"2018-06-10T21:06:07","date_gmt":"2018-06-10T21:06:07","guid":{"rendered":"https:\/\/end.pt\/pt\/?post_type=product&#038;p=2196"},"modified":"2021-05-02T22:01:03","modified_gmt":"2021-05-02T22:01:03","slug":"cygnus-dive-mk2-underwater-gauge","status":"publish","type":"product","link":"https:\/\/end.pt\/pt\/product\/cygnus-dive-mk2-underwater-gauge\/","title":{"rendered":"CYGNUS DIVE Mk2 Underwater Gauge"},"content":{"rendered":"<p>Medidor de espessuras por ultra-sons desenhado especialmente para uso sub-aqu\u00e1tico. Montado no pulso do mergulhador profissional este medidor possui um grande ecr\u00e3 AMOLED brilhante e colorido e fornece medi\u00e7\u00f5es precisas at\u00e9 300m de profundidade; \u00e9 fi\u00e1vel e simples de utilizar, e disponibiliza o uso livre da outra m\u00e3o.<br \/>\nPode medir atrav\u00e9s de corros\u00e3o e camadas at\u00e9 20mm (quando em modo \u201cDeep-Coat\u201d), e disp\u00f5e de muitas outras fun\u00e7\u00f5es como A-Scan, Auto-Log Data Logging, Eco m\u00faltiplo e Eco \u00fanico, etc.<br \/>\nAlimentado por uma bateria recarreg\u00e1vel de Li-Io que fornece at\u00e9 11 horas de opera\u00e7\u00e3o cont\u00ednua.<\/p>\n","protected":false},"excerpt":{"rendered":"<p>Medidor de espessuras por ultra-sons desenhado especialmente para uso sub-aqu\u00e1tico. Montado no pulso do mergulhador profissional este medidor possui um grande ecr\u00e3 AMOLED brilhante e colorido e fornece medi\u00e7\u00f5es precisas at\u00e9 300m de profundidade; \u00e9 fi\u00e1vel e simples de utilizar, e disponibiliza o uso livre da outra m\u00e3o. Pode medir atrav\u00e9s de corros\u00e3o e camadas [&hellip;]<\/p>\n","protected":false},"featured_media":2195,"template":"","meta":{"_mi_skip_tracking":false},"product_cat":[148,34],"product_tag":[],"class_list":["post-2196","product","type-product","status-publish","has-post-thumbnail","hentry","product_cat-medidores-de-espessura","product_cat-ultra-sons"],"_links":{"self":[{"href":"https:\/\/end.pt\/pt\/wp-json\/wp\/v3\/product\/2196","targetHints":{"allow":["GET"]}}],"collection":[{"href":"https:\/\/end.pt\/pt\/wp-json\/wp\/v3\/product"}],"about":[{"href":"https:\/\/end.pt\/pt\/wp-json\/wp\/v2\/types\/product"}],"version-history":[{"count":4,"href":"https:\/\/end.pt\/pt\/wp-json\/wp\/v3\/product\/2196\/revisions"}],"predecessor-version":[{"id":5281,"href":"https:\/\/end.pt\/pt\/wp-json\/wp\/v3\/product\/2196\/revisions\/5281"}],"wp:featuredmedia":[{"embeddable":true,"href":"https:\/\/end.pt\/pt\/wp-json\/wp\/v2\/media\/2195"}],"wp:attachment":[{"href":"https:\/\/end.pt\/pt\/wp-json\/wp\/v2\/media?parent=2196"}],"wp:term":[{"taxonomy":"product_cat","embeddable":true,"href":"https:\/\/end.pt\/pt\/wp-json\/wp\/v2\/product_cat?post=2196"},{"taxonomy":"product_tag","embeddable":true,"href":"https:\/\/end.pt\/pt\/wp-json\/wp\/v2\/product_tag?post=2196"}],"curies":[{"name":"wp","href":"https:\/\/api.w.org\/{rel}","templated":true}]}}