{"id":2199,"date":"2018-06-10T21:18:11","date_gmt":"2018-06-10T21:18:11","guid":{"rendered":"https:\/\/end.pt\/pt\/?post_type=product&#038;p=2199"},"modified":"2021-05-02T22:00:26","modified_gmt":"2021-05-02T22:00:26","slug":"sonatest-serie-sitescan","status":"publish","type":"product","link":"https:\/\/end.pt\/pt\/product\/sonatest-serie-sitescan\/","title":{"rendered":"SONATEST S\u00e9rie Sitescan Modelo Sitescan 500S \/ Sitescan D-50"},"content":{"rendered":"<p>A s\u00e9rie de detectores de falhas Sitescan permite customizar o software, escolher o hardware e melhorar o seu desempenho com uma gama de novas fun\u00e7\u00f5es e acess\u00f3rios. A gama de equipamentos Sitescan garante uma detec\u00e7\u00e3o de falhas altamente fi\u00e1vel, focado tecnicamente e os novos modelos de bancada Sitescan 500S e port\u00e1til Sitescan D-50 n\u00e3o s\u00e3o excep\u00e7\u00e3o. As aplica\u00e7\u00f5es t\u00edpicas s\u00e3o inspec\u00e7\u00e3o de soldadura, teste a corros\u00e3o, pequena fundi\u00e7\u00e3o, verifica\u00e7\u00e3o de lamina\u00e7\u00e3o e inspec\u00e7\u00e3o UT geral.<br \/>\nA vers\u00e3o de bancada Sitescan 500S oferece ao utilizador um detector de falhas de alto nivel com um display VGA completo, outputs sincronizados e proporcionais e um Pulser 200V 50nS.<br \/>\nA vers\u00e3o port\u00e1til Sitescan D-50 oferece ao utilizador um detector de falhas de alto nivel port\u00e1til com um display VGA completo, um Pulser 0.5 dB resolu\u00e7\u00e3o ganho e 50nS (Spike) 200V.<br \/>\nAmbas as vers\u00f5es possuem as seguintes funcionalidades: Menus customiz\u00e1veis e intuitivos, DAC\/AVG\/DGS separados, Modo de medi\u00e7\u00e3o de \u00e2ngulos, Software configur\u00e1vel, Actualiza\u00e7\u00f5es em capo, B-Scan codificado, A-Scan Fade, Mem\u00f3ria interna de 4GBytes, Interface USB para liga\u00e7\u00e3o ao PC, etc.<\/p>\n","protected":false},"excerpt":{"rendered":"<p>A s\u00e9rie de detectores de falhas Sitescan permite customizar o software, escolher o hardware e melhorar o seu desempenho com uma gama de novas fun\u00e7\u00f5es e acess\u00f3rios. A gama de equipamentos Sitescan garante uma detec\u00e7\u00e3o de falhas altamente fi\u00e1vel, focado tecnicamente e os novos modelos de bancada Sitescan 500S e port\u00e1til Sitescan D-50 n\u00e3o s\u00e3o [&hellip;]<\/p>\n","protected":false},"featured_media":2200,"template":"","meta":{"_mi_skip_tracking":false},"product_cat":[35,34],"product_tag":[],"class_list":["post-2199","product","type-product","status-publish","has-post-thumbnail","hentry","product_cat-detectores-de-falhas","product_cat-ultra-sons"],"_links":{"self":[{"href":"https:\/\/end.pt\/pt\/wp-json\/wp\/v3\/product\/2199","targetHints":{"allow":["GET"]}}],"collection":[{"href":"https:\/\/end.pt\/pt\/wp-json\/wp\/v3\/product"}],"about":[{"href":"https:\/\/end.pt\/pt\/wp-json\/wp\/v2\/types\/product"}],"version-history":[{"count":3,"href":"https:\/\/end.pt\/pt\/wp-json\/wp\/v3\/product\/2199\/revisions"}],"predecessor-version":[{"id":5279,"href":"https:\/\/end.pt\/pt\/wp-json\/wp\/v3\/product\/2199\/revisions\/5279"}],"wp:featuredmedia":[{"embeddable":true,"href":"https:\/\/end.pt\/pt\/wp-json\/wp\/v2\/media\/2200"}],"wp:attachment":[{"href":"https:\/\/end.pt\/pt\/wp-json\/wp\/v2\/media?parent=2199"}],"wp:term":[{"taxonomy":"product_cat","embeddable":true,"href":"https:\/\/end.pt\/pt\/wp-json\/wp\/v2\/product_cat?post=2199"},{"taxonomy":"product_tag","embeddable":true,"href":"https:\/\/end.pt\/pt\/wp-json\/wp\/v2\/product_tag?post=2199"}],"curies":[{"name":"wp","href":"https:\/\/api.w.org\/{rel}","templated":true}]}}