{"id":2205,"date":"2018-06-10T21:23:21","date_gmt":"2018-06-10T21:23:21","guid":{"rendered":"https:\/\/end.pt\/pt\/?post_type=product&#038;p=2205"},"modified":"2021-05-02T21:59:56","modified_gmt":"2021-05-02T21:59:56","slug":"sonatest-serie-masterscan","status":"publish","type":"product","link":"https:\/\/end.pt\/pt\/product\/sonatest-serie-masterscan\/","title":{"rendered":"SONATEST S\u00e9rie Masterscan Modelo Masterscan 700S \/ Masterscan D-70"},"content":{"rendered":"<p>A s\u00e9rie de detectores de falhas Masterscan permite uma alta customiza\u00e7\u00e3o do software, escolher o hardware e melhorar o seu desempenho com uma gama de novas fun\u00e7\u00f5es e acess\u00f3rios. A gama de equipamentos Masterscan sempre garantiu um equipamento robusto combinado com um desempenho excepcional. Esta s\u00e9rie de detectores de falhas traz todas as funcionalidades desejadas, mas agora novas fun\u00e7\u00f5es podem ser adicionadas e actualiza\u00e7\u00f5es podem ser efectuadas no local de trabalho, reduzindo o tempo de paragem, e aumentando a flexibilidade de trabalho. Fun\u00e7\u00f5es chave do Masterscan incluem altos niveis de resolu\u00e7\u00e3o perto da superf\u00edcie, poder de penetra\u00e7\u00e3o (450V pulser \u2013 square e spike) e um excelente SNR (Signal to Noise Ratio). As aplica\u00e7\u00f5es mais comuns s\u00e3o soldadura, detec\u00e7\u00e3o de corros\u00e3o, inspec\u00e7\u00e3o de comp\u00f3sitos, teste a liga\u00e7\u00f5es, fundi\u00e7\u00e3o, gera\u00e7\u00e3o de energia (incluindo EMATS) e inspec\u00e7\u00e3o UT geral.<br \/>\nA vers\u00e3o de bancada Masterscan 700M oferece ao utilizador um detector de falhas altamente evoluido com tecnologia de ponta, com display completo VGA, outputs sincronizados e proporcionais, input sincronizado e um Pulser Spike e Square.<br \/>\nA vers\u00e3o D-70 \u00e9 o melhor detector de falhas do seu n\u00edvel. Este equipamento oferece ao utilizador um conjunto de ferramentas e software totalmente capaz e funcional para inspec\u00e7\u00e3o em todas as aplica\u00e7\u00f5es. Algumas fun\u00e7\u00f5es incluindas s\u00e3o B-scan codificado, Logging de espessuras avan\u00e7ado e Dryscan num equipamento port\u00e1til.<\/p>\n","protected":false},"excerpt":{"rendered":"<p>A s\u00e9rie de detectores de falhas Masterscan permite uma alta customiza\u00e7\u00e3o do software, escolher o hardware e melhorar o seu desempenho com uma gama de novas fun\u00e7\u00f5es e acess\u00f3rios. A gama de equipamentos Masterscan sempre garantiu um equipamento robusto combinado com um desempenho excepcional. Esta s\u00e9rie de detectores de falhas traz todas as funcionalidades desejadas, [&hellip;]<\/p>\n","protected":false},"featured_media":2206,"template":"","meta":{"_mi_skip_tracking":false},"product_cat":[35,34],"product_tag":[],"class_list":["post-2205","product","type-product","status-publish","has-post-thumbnail","hentry","product_cat-detectores-de-falhas","product_cat-ultra-sons"],"_links":{"self":[{"href":"https:\/\/end.pt\/pt\/wp-json\/wp\/v3\/product\/2205","targetHints":{"allow":["GET"]}}],"collection":[{"href":"https:\/\/end.pt\/pt\/wp-json\/wp\/v3\/product"}],"about":[{"href":"https:\/\/end.pt\/pt\/wp-json\/wp\/v2\/types\/product"}],"version-history":[{"count":2,"href":"https:\/\/end.pt\/pt\/wp-json\/wp\/v3\/product\/2205\/revisions"}],"predecessor-version":[{"id":5278,"href":"https:\/\/end.pt\/pt\/wp-json\/wp\/v3\/product\/2205\/revisions\/5278"}],"wp:featuredmedia":[{"embeddable":true,"href":"https:\/\/end.pt\/pt\/wp-json\/wp\/v2\/media\/2206"}],"wp:attachment":[{"href":"https:\/\/end.pt\/pt\/wp-json\/wp\/v2\/media?parent=2205"}],"wp:term":[{"taxonomy":"product_cat","embeddable":true,"href":"https:\/\/end.pt\/pt\/wp-json\/wp\/v2\/product_cat?post=2205"},{"taxonomy":"product_tag","embeddable":true,"href":"https:\/\/end.pt\/pt\/wp-json\/wp\/v2\/product_tag?post=2205"}],"curies":[{"name":"wp","href":"https:\/\/api.w.org\/{rel}","templated":true}]}}