{"id":2208,"date":"2018-06-10T21:25:39","date_gmt":"2018-06-10T21:25:39","guid":{"rendered":"https:\/\/end.pt\/pt\/?post_type=product&#038;p=2208"},"modified":"2021-05-02T21:59:32","modified_gmt":"2021-05-02T21:59:32","slug":"sonatest-serie-railscan-125","status":"publish","type":"product","link":"https:\/\/end.pt\/pt\/product\/sonatest-serie-railscan-125\/","title":{"rendered":"SONATEST S\u00e9rie Railscan 125+"},"content":{"rendered":"<p>A s\u00e9rie de detectores de falhas Railscan emprega os \u00faltimos desenvolvimentos em tecnologia de amplifica\u00e7\u00e3o e pulsa\u00e7\u00e3o, para fornecer maiores valores de resolu\u00e7\u00e3o perto da superf\u00edcie, poder de penetra\u00e7\u00e3o e um excelente SNR (rela\u00e7\u00e3o sinal ru\u00eddo). O detector de falhas por ultra-sons Railscan 125 foi desenvolvido e desenhado especificamente para Rail Testing dentro do mercado de NDT para infraestruturas de Caminhos de Ferro.<\/p>\n","protected":false},"excerpt":{"rendered":"<p>A s\u00e9rie de detectores de falhas Railscan emprega os \u00faltimos desenvolvimentos em tecnologia de amplifica\u00e7\u00e3o e pulsa\u00e7\u00e3o, para fornecer maiores valores de resolu\u00e7\u00e3o perto da superf\u00edcie, poder de penetra\u00e7\u00e3o e um excelente SNR (rela\u00e7\u00e3o sinal ru\u00eddo). O detector de falhas por ultra-sons Railscan 125 foi desenvolvido e desenhado especificamente para Rail Testing dentro do mercado [&hellip;]<\/p>\n","protected":false},"featured_media":2209,"template":"","meta":{"_mi_skip_tracking":false},"product_cat":[35,34],"product_tag":[],"class_list":["post-2208","product","type-product","status-publish","has-post-thumbnail","hentry","product_cat-detectores-de-falhas","product_cat-ultra-sons"],"_links":{"self":[{"href":"https:\/\/end.pt\/pt\/wp-json\/wp\/v3\/product\/2208","targetHints":{"allow":["GET"]}}],"collection":[{"href":"https:\/\/end.pt\/pt\/wp-json\/wp\/v3\/product"}],"about":[{"href":"https:\/\/end.pt\/pt\/wp-json\/wp\/v2\/types\/product"}],"version-history":[{"count":2,"href":"https:\/\/end.pt\/pt\/wp-json\/wp\/v3\/product\/2208\/revisions"}],"predecessor-version":[{"id":5277,"href":"https:\/\/end.pt\/pt\/wp-json\/wp\/v3\/product\/2208\/revisions\/5277"}],"wp:featuredmedia":[{"embeddable":true,"href":"https:\/\/end.pt\/pt\/wp-json\/wp\/v2\/media\/2209"}],"wp:attachment":[{"href":"https:\/\/end.pt\/pt\/wp-json\/wp\/v2\/media?parent=2208"}],"wp:term":[{"taxonomy":"product_cat","embeddable":true,"href":"https:\/\/end.pt\/pt\/wp-json\/wp\/v2\/product_cat?post=2208"},{"taxonomy":"product_tag","embeddable":true,"href":"https:\/\/end.pt\/pt\/wp-json\/wp\/v2\/product_tag?post=2208"}],"curies":[{"name":"wp","href":"https:\/\/api.w.org\/{rel}","templated":true}]}}