{"id":2210,"date":"2018-06-10T21:28:31","date_gmt":"2018-06-10T21:28:31","guid":{"rendered":"https:\/\/end.pt\/pt\/?post_type=product&#038;p=2210"},"modified":"2021-05-02T21:59:01","modified_gmt":"2021-05-02T21:59:01","slug":"phased-array-sonatest-veo","status":"publish","type":"product","link":"https:\/\/end.pt\/pt\/product\/phased-array-sonatest-veo\/","title":{"rendered":"PHASED ARRAY \u2013 Sonatest Veo+"},"content":{"rendered":"<p>Tecnologia de ultra-sons Phased Array (PA) \u00e9 um m\u00e9todo avan\u00e7ado de ensaios n\u00e3o destrutivos por ultra-sons, que pode ser utilizado em qualquer ambiente de aplica\u00e7\u00e3o onde detectores de falhas tradicionais s\u00e3o utilizados. A tecnologia de ultra-sons Phased Array \u00e9 agora um m\u00e9todo estabelecido para aplica\u00e7\u00f5es avan\u00e7adas de NDT. T\u00e9cnicas phased array permitem aos utilizadores controlar os par\u00e2metros como o \u00e2ngulo de feixe, dist\u00e2ncia focal para criar uma imagem da pe\u00e7a em an\u00e1lise, melhorar a detec\u00e7\u00e3o de defeitos e a velocidade do ensaio. Aplica\u00e7\u00f5es t\u00edpicas incluem Inspec\u00e7\u00e3o de Soldadura, Detec\u00e7\u00e3o de Falhas, Mapeamento de Corros\u00e3o, Teste de Comp\u00f3sitos e Aeroespacial.<\/p>\n<ul>\n<li><span style=\"color: #0000ff;\"><em><strong>Modelo veo 16:64<\/strong><\/em><\/span><br \/>\nO detector de falhas modelo veo 16:64 \u00e9 um equipamento Phased Array inovador desenvolvido para m\u00e1ximo foco no utilizador. Os controlos simples, desempenho superior, fun\u00e7\u00f5es avan\u00e7adas e estrutura robusta garantem ao operador simplicidade, capacidade e fiabilidade. As aplica\u00e7\u00f5es deste equipamento Phased Array incluem Inspec\u00e7\u00e3o de Soldadura, Mapeamento de Corros\u00e3o, Teste de Comp\u00f3sitos e Aeroespacial.<\/li>\n<\/ul>\n<p>&nbsp;<\/p>\n<ul>\n<li><span style=\"color: #0000ff;\"><em><strong>Modelo veo 16:128<\/strong><\/em><\/span><br \/>\nVers\u00e3o melhorada do equipamento detector de falhas Phased Array veo 16.64, com maior velocidade de inspec\u00e7\u00e3o, melhor desempenho na an\u00e1lise de comp\u00f3sitos e aeroespacial, e fun\u00e7\u00f5es adicionais incluindo TOFD e Interface Triggering (TCG\/DAC). O modelo veo 16:128 permite ao utilizador utilizar 128 sondas para inspec\u00e7\u00e3o e permite a liga\u00e7\u00e3o a sondas maiores ou m\u00faltiplas sondas. Os controlos simples, desempenho superior, fun\u00e7\u00f5es avan\u00e7adas e estrutura robusta garantem ao operador simplicidade, capacidade e fiabilidade. As aplica\u00e7\u00f5es deste equipamento Phased Array incluem Inspec\u00e7\u00e3o de Soldadura, Mapeamento de Corros\u00e3o, Teste de Comp\u00f3sitos e Aeroespacial.<\/li>\n<\/ul>\n","protected":false},"excerpt":{"rendered":"<p>Tecnologia de ultra-sons Phased Array (PA) \u00e9 um m\u00e9todo avan\u00e7ado de ensaios n\u00e3o destrutivos por ultra-sons, que pode ser utilizado em qualquer ambiente de aplica\u00e7\u00e3o onde detectores de falhas tradicionais s\u00e3o utilizados. A tecnologia de ultra-sons Phased Array \u00e9 agora um m\u00e9todo estabelecido para aplica\u00e7\u00f5es avan\u00e7adas de NDT. T\u00e9cnicas phased array permitem aos utilizadores controlar [&hellip;]<\/p>\n","protected":false},"featured_media":2211,"template":"","meta":{"_mi_skip_tracking":false},"product_cat":[149,34],"product_tag":[],"class_list":["post-2210","product","type-product","status-publish","has-post-thumbnail","hentry","product_cat-phased-array","product_cat-ultra-sons"],"_links":{"self":[{"href":"https:\/\/end.pt\/pt\/wp-json\/wp\/v3\/product\/2210","targetHints":{"allow":["GET"]}}],"collection":[{"href":"https:\/\/end.pt\/pt\/wp-json\/wp\/v3\/product"}],"about":[{"href":"https:\/\/end.pt\/pt\/wp-json\/wp\/v2\/types\/product"}],"version-history":[{"count":2,"href":"https:\/\/end.pt\/pt\/wp-json\/wp\/v3\/product\/2210\/revisions"}],"predecessor-version":[{"id":5276,"href":"https:\/\/end.pt\/pt\/wp-json\/wp\/v3\/product\/2210\/revisions\/5276"}],"wp:featuredmedia":[{"embeddable":true,"href":"https:\/\/end.pt\/pt\/wp-json\/wp\/v2\/media\/2211"}],"wp:attachment":[{"href":"https:\/\/end.pt\/pt\/wp-json\/wp\/v2\/media?parent=2210"}],"wp:term":[{"taxonomy":"product_cat","embeddable":true,"href":"https:\/\/end.pt\/pt\/wp-json\/wp\/v2\/product_cat?post=2210"},{"taxonomy":"product_tag","embeddable":true,"href":"https:\/\/end.pt\/pt\/wp-json\/wp\/v2\/product_tag?post=2210"}],"curies":[{"name":"wp","href":"https:\/\/api.w.org\/{rel}","templated":true}]}}