{"id":2212,"date":"2018-06-10T21:34:30","date_gmt":"2018-06-10T21:34:30","guid":{"rendered":"https:\/\/end.pt\/pt\/?post_type=product&#038;p=2212"},"modified":"2021-05-02T21:57:50","modified_gmt":"2021-05-02T21:57:50","slug":"blocos-e-padroes-de-calibracao","status":"publish","type":"product","link":"https:\/\/end.pt\/pt\/product\/blocos-e-padroes-de-calibracao\/","title":{"rendered":"BLOCOS E PADR\u00d5ES DE CALIBRA\u00c7\u00c3O"},"content":{"rendered":"<p>Temos v\u00e1rios blocos com padr\u00f5es de calibra\u00e7\u00e3o dispon\u00edveis, verifique o que mais \u00e9 apropriado para o seu projeto.<\/p>\n","protected":false},"excerpt":{"rendered":"<p>Temos v\u00e1rios blocos com padr\u00f5es de calibra\u00e7\u00e3o dispon\u00edveis, verifique o que mais \u00e9 apropriado para o seu projeto.<\/p>\n","protected":false},"featured_media":2231,"template":"","meta":{"_mi_skip_tracking":false},"product_cat":[36,34],"product_tag":[],"class_list":["post-2212","product","type-product","status-publish","has-post-thumbnail","hentry","product_cat-acessorios-ultra-sons","product_cat-ultra-sons"],"_links":{"self":[{"href":"https:\/\/end.pt\/pt\/wp-json\/wp\/v3\/product\/2212","targetHints":{"allow":["GET"]}}],"collection":[{"href":"https:\/\/end.pt\/pt\/wp-json\/wp\/v3\/product"}],"about":[{"href":"https:\/\/end.pt\/pt\/wp-json\/wp\/v2\/types\/product"}],"version-history":[{"count":1,"href":"https:\/\/end.pt\/pt\/wp-json\/wp\/v3\/product\/2212\/revisions"}],"predecessor-version":[{"id":5275,"href":"https:\/\/end.pt\/pt\/wp-json\/wp\/v3\/product\/2212\/revisions\/5275"}],"wp:featuredmedia":[{"embeddable":true,"href":"https:\/\/end.pt\/pt\/wp-json\/wp\/v2\/media\/2231"}],"wp:attachment":[{"href":"https:\/\/end.pt\/pt\/wp-json\/wp\/v2\/media?parent=2212"}],"wp:term":[{"taxonomy":"product_cat","embeddable":true,"href":"https:\/\/end.pt\/pt\/wp-json\/wp\/v2\/product_cat?post=2212"},{"taxonomy":"product_tag","embeddable":true,"href":"https:\/\/end.pt\/pt\/wp-json\/wp\/v2\/product_tag?post=2212"}],"curies":[{"name":"wp","href":"https:\/\/api.w.org\/{rel}","templated":true}]}}