{"id":2257,"date":"2018-06-13T12:47:33","date_gmt":"2018-06-13T12:47:33","guid":{"rendered":"https:\/\/end.pt\/pt\/?post_type=product&#038;p=2257"},"modified":"2021-05-02T21:57:28","modified_gmt":"2021-05-02T21:57:28","slug":"lupa-c-ampliacao-30x-c-escala-ref-2037","status":"publish","type":"product","link":"https:\/\/end.pt\/pt\/product\/lupa-c-ampliacao-30x-c-escala-ref-2037\/","title":{"rendered":"Lupa c\/amplia\u00e7\u00e3o 30x c\/escala, (Ref.2037)"},"content":{"rendered":"<ul>\n<li>Amplia\u00e7\u00e3o: 30x<\/li>\n<li>Foc\u00e1vel: Sim<\/li>\n<li>Campo de vis\u00e3o: 7 mm<\/li>\n<li>Abertura eficaz: 7 mm<\/li>\n<li>Tamanho: 30\u03a6 x 19 mm<\/li>\n<li>Peso: 16 gr.<\/li>\n<li>Comprimento escala: 5mm<\/li>\n<li>Min. Divis\u00e3o escala: 0.05mm<\/li>\n<\/ul>\n","protected":false},"excerpt":{"rendered":"<p>Amplia\u00e7\u00e3o: 30x Foc\u00e1vel: Sim Campo de vis\u00e3o: 7 mm Abertura eficaz: 7 mm Tamanho: 30\u03a6 x 19 mm Peso: 16 gr. Comprimento escala: 5mm Min. Divis\u00e3o escala: 0.05mm<\/p>\n","protected":false},"featured_media":2258,"template":"","meta":{"_mi_skip_tracking":false},"product_cat":[20,21],"product_tag":[],"class_list":["post-2257","product","type-product","status-publish","has-post-thumbnail","hentry","product_cat-ensaios-visuais","product_cat-lupas-inspeccao"],"_links":{"self":[{"href":"https:\/\/end.pt\/pt\/wp-json\/wp\/v3\/product\/2257","targetHints":{"allow":["GET"]}}],"collection":[{"href":"https:\/\/end.pt\/pt\/wp-json\/wp\/v3\/product"}],"about":[{"href":"https:\/\/end.pt\/pt\/wp-json\/wp\/v2\/types\/product"}],"version-history":[{"count":1,"href":"https:\/\/end.pt\/pt\/wp-json\/wp\/v3\/product\/2257\/revisions"}],"predecessor-version":[{"id":5274,"href":"https:\/\/end.pt\/pt\/wp-json\/wp\/v3\/product\/2257\/revisions\/5274"}],"wp:featuredmedia":[{"embeddable":true,"href":"https:\/\/end.pt\/pt\/wp-json\/wp\/v2\/media\/2258"}],"wp:attachment":[{"href":"https:\/\/end.pt\/pt\/wp-json\/wp\/v2\/media?parent=2257"}],"wp:term":[{"taxonomy":"product_cat","embeddable":true,"href":"https:\/\/end.pt\/pt\/wp-json\/wp\/v2\/product_cat?post=2257"},{"taxonomy":"product_tag","embeddable":true,"href":"https:\/\/end.pt\/pt\/wp-json\/wp\/v2\/product_tag?post=2257"}],"curies":[{"name":"wp","href":"https:\/\/api.w.org\/{rel}","templated":true}]}}