{"id":2259,"date":"2018-06-13T12:57:31","date_gmt":"2018-06-13T12:57:31","guid":{"rendered":"https:\/\/end.pt\/pt\/?post_type=product&#038;p=2259"},"modified":"2021-05-02T21:56:59","modified_gmt":"2021-05-02T21:56:59","slug":"lupa-de-leitura-c-ampliacao-5x-ref-2090","status":"publish","type":"product","link":"https:\/\/end.pt\/pt\/product\/lupa-de-leitura-c-ampliacao-5x-ref-2090\/","title":{"rendered":"Lupa de leitura c\/amplia\u00e7\u00e3o 5x (ref. 2090)"},"content":{"rendered":"<p>Lupa convexa leve e compacta com punho, para uso geral.<br \/>\nAmplia\u00e7\u00e3o de 5x, di\u00e2metro 65mm.<\/p>\n","protected":false},"excerpt":{"rendered":"<p>Lupa convexa leve e compacta com punho, para uso geral. Amplia\u00e7\u00e3o de 5x, di\u00e2metro 65mm.<\/p>\n","protected":false},"featured_media":2260,"template":"","meta":{"_mi_skip_tracking":false},"product_cat":[20,21],"product_tag":[],"class_list":["post-2259","product","type-product","status-publish","has-post-thumbnail","hentry","product_cat-ensaios-visuais","product_cat-lupas-inspeccao"],"_links":{"self":[{"href":"https:\/\/end.pt\/pt\/wp-json\/wp\/v3\/product\/2259","targetHints":{"allow":["GET"]}}],"collection":[{"href":"https:\/\/end.pt\/pt\/wp-json\/wp\/v3\/product"}],"about":[{"href":"https:\/\/end.pt\/pt\/wp-json\/wp\/v2\/types\/product"}],"version-history":[{"count":2,"href":"https:\/\/end.pt\/pt\/wp-json\/wp\/v3\/product\/2259\/revisions"}],"predecessor-version":[{"id":5273,"href":"https:\/\/end.pt\/pt\/wp-json\/wp\/v3\/product\/2259\/revisions\/5273"}],"wp:featuredmedia":[{"embeddable":true,"href":"https:\/\/end.pt\/pt\/wp-json\/wp\/v2\/media\/2260"}],"wp:attachment":[{"href":"https:\/\/end.pt\/pt\/wp-json\/wp\/v2\/media?parent=2259"}],"wp:term":[{"taxonomy":"product_cat","embeddable":true,"href":"https:\/\/end.pt\/pt\/wp-json\/wp\/v2\/product_cat?post=2259"},{"taxonomy":"product_tag","embeddable":true,"href":"https:\/\/end.pt\/pt\/wp-json\/wp\/v2\/product_tag?post=2259"}],"curies":[{"name":"wp","href":"https:\/\/api.w.org\/{rel}","templated":true}]}}