{"id":2261,"date":"2018-06-13T13:00:20","date_gmt":"2018-06-13T13:00:20","guid":{"rendered":"https:\/\/end.pt\/pt\/?post_type=product&#038;p=2261"},"modified":"2021-05-02T22:47:43","modified_gmt":"2021-05-02T22:47:43","slug":"lupa-de-leitura-ref-2095","status":"publish","type":"product","link":"https:\/\/end.pt\/pt\/product\/lupa-de-leitura-ref-2095\/","title":{"rendered":"Lupa de leitura (ref. 2095)"},"content":{"rendered":"<p>Lupa convexa leve e compacta com punho ergon\u00f3mico, para uso geral.<br \/>\nIncorpora uma \u00f3ptica adicional de 5x em forma de ampola.<br \/>\nAmplia\u00e7\u00e3o de 3x\/5x*, di\u00e2metro 70mm \/ 20mm*.<\/p>\n<p>(*sobre a lente principal).<\/p>\n","protected":false},"excerpt":{"rendered":"<p>Lupa convexa leve e compacta com punho ergon\u00f3mico, para uso geral. Incorpora uma \u00f3ptica adicional de 5x em forma de ampola. Amplia\u00e7\u00e3o de 3x\/5x*, di\u00e2metro 70mm \/ 20mm*. (*sobre a lente principal).<\/p>\n","protected":false},"featured_media":2262,"template":"","meta":{"_mi_skip_tracking":false},"product_cat":[20,21],"product_tag":[],"class_list":["post-2261","product","type-product","status-publish","has-post-thumbnail","hentry","product_cat-ensaios-visuais","product_cat-lupas-inspeccao"],"_links":{"self":[{"href":"https:\/\/end.pt\/pt\/wp-json\/wp\/v3\/product\/2261","targetHints":{"allow":["GET"]}}],"collection":[{"href":"https:\/\/end.pt\/pt\/wp-json\/wp\/v3\/product"}],"about":[{"href":"https:\/\/end.pt\/pt\/wp-json\/wp\/v2\/types\/product"}],"version-history":[{"count":1,"href":"https:\/\/end.pt\/pt\/wp-json\/wp\/v3\/product\/2261\/revisions"}],"predecessor-version":[{"id":5362,"href":"https:\/\/end.pt\/pt\/wp-json\/wp\/v3\/product\/2261\/revisions\/5362"}],"wp:featuredmedia":[{"embeddable":true,"href":"https:\/\/end.pt\/pt\/wp-json\/wp\/v2\/media\/2262"}],"wp:attachment":[{"href":"https:\/\/end.pt\/pt\/wp-json\/wp\/v2\/media?parent=2261"}],"wp:term":[{"taxonomy":"product_cat","embeddable":true,"href":"https:\/\/end.pt\/pt\/wp-json\/wp\/v2\/product_cat?post=2261"},{"taxonomy":"product_tag","embeddable":true,"href":"https:\/\/end.pt\/pt\/wp-json\/wp\/v2\/product_tag?post=2261"}],"curies":[{"name":"wp","href":"https:\/\/api.w.org\/{rel}","templated":true}]}}